{"id":14968,"date":"2026-05-04T15:44:53","date_gmt":"2026-05-04T13:44:53","guid":{"rendered":"https:\/\/www.trilo.com\/?post_type=product&#038;p=14968"},"modified":"2026-05-05T11:26:44","modified_gmt":"2026-05-05T09:26:44","slug":"trilo-m3-demo","status":"publish","type":"product","link":"https:\/\/www.trilo.com\/de\/product\/trilo-m3-demo\/","title":{"rendered":"TRILO M3 \u2013 DEMO"},"content":{"rendered":"<p>Der M\u00e4h-Saugwagen M3 Multipurpose ist ein kompakter und wendiger Saugm\u00e4her mit einem Fassungsverm\u00f6gen von 3<sup>m3. <\/sup>Sie sind sehr geeignet f\u00fcr kleinere Rasenbetriebe mit einer Fl\u00e4che von etwa 10 Hektar. Mit den kompakten Sauganh\u00e4ngern k\u00f6nnen Sie m\u00e4hen, kehren und Laub aufsammeln. Ein leistungsstarkes Gebl\u00e4se sorgt f\u00fcr eine starke Saugleistung und ist in einem Geh\u00e4use mit austauschbarem Auskleidung montiert. Das Gebl\u00e4se wird \u00fcber eine Zapfwelle vom Traktor angetrieben. Er ben\u00f6tigt eine Leistung von <a class=\"tooltip\" href=\"https:\/\/www.trilo.com\/assets\/brochures\/general\/pto\/pk-cv-hp-ps-en.pdf\" target=\"_blank\" rel=\"noopener\">35 &#8211; 70 PS (26 &#8211; 51 kW<\/a>).<\/p>\n<p>Da die <a href=\"https:\/\/www.trilo.com\/de\/erklarungen\/austauschbare-arbeitswellen\/\">Arbeitswelle<\/a> in der <a href=\"https:\/\/trilo.com\/toelichting\/zuigmond\/\">Absaughaube<\/a> austauschbar ist, k\u00f6nnen kompakte Vakuumanh\u00e4nger f\u00fcr verschiedene Aufgaben konfiguriert werden. Der ausgeblasene Luftstrom ist jetzt durch das verstellbare Ende der Staubkappe optimal einstellbar. Optional k\u00f6nnen die Saugwagen mit einem <a href=\"https:\/\/www.trilo.com\/de\/erklarungen\/saugschlauch\/\">Handsaugschlauch<\/a> ausgestattet werden, um Materialien von schwer zug\u00e4nglichen Stellen abzusaugen. Denn der TRILO M3 hat jetzt eine Typgenehmigung f\u00fcr den \u00f6ffentlichen Stra\u00dfenverkehr f\u00fcr ganz Europa.<\/p>\n","protected":false},"excerpt":{"rendered":"<ul>\n<li data-section-id=\"1uonw75\" data-start=\"0\" data-end=\"24\">Trichterkapazit\u00e4t 3 m\u00b3<\/li>\n<li data-section-id=\"wuv6fj\" data-start=\"25\" data-end=\"60\">Kompaktes und wendiges Design<\/li>\n<li data-section-id=\"1fijsb1\" data-start=\"61\" data-end=\"107\">Geeignet f\u00fcr Rasenbetriebe bis zu \u00b110 Hektar<\/li>\n<li data-section-id=\"4q3dwv\" data-start=\"108\" data-end=\"153\">M\u00e4hen, Kehren und Aufsammeln in einem Arbeitsgang<\/li>\n<li data-section-id=\"1itejoh\" data-start=\"154\" data-end=\"208\">Leistungsstarkes, zapfwellengetriebenes Laufrad (35\u201370 PS \/ 26\u201351 kW)<\/li>\n<li data-section-id=\"1e3w2ea\" data-start=\"209\" data-end=\"248\">Austauschbare Laufradgeh\u00e4useauskleidung<\/li>\n<li data-section-id=\"kt0q6j\" data-start=\"249\" data-end=\"304\">Austauschbare Arbeitswelle f\u00fcr vielseitige Verwendung<\/li>\n<li data-section-id=\"a6dfd\" data-start=\"305\" data-end=\"348\">Einstellbarer Luftstrom mit bel\u00fcfteter Staubschutzkappe<\/li>\n<li data-section-id=\"1eag7hk\" data-start=\"349\" data-end=\"383\">Optionaler Handsaugschlauch<\/li>\n<li data-section-id=\"e7gvfe\" data-start=\"384\" data-end=\"425\" data-is-last-node=\"\">Typ genehmigt f\u00fcr den \u00f6ffentlichen Stra\u00dfenverkehr<\/li>\n<\/ul>\n","protected":false},"featured_media":10448,"comment_status":"closed","ping_status":"closed","template":"","meta":{"_acf_changed":false,"iawp_total_views":1},"product_brand":[],"product_cat":[200],"product_tag":[],"class_list":{"0":"post-14968","1":"product","2":"type-product","3":"status-publish","4":"has-post-thumbnail","6":"product_cat-outlet-de","8":"first","9":"instock","10":"shipping-taxable","11":"product-type-simple"},"acf":[],"yoast_head":"<!-- This site is optimized with the Yoast SEO plugin v27.5 - https:\/\/yoast.com\/product\/yoast-seo-wordpress\/ -->\n<title>TRILO M3 \u2013 DEMO - TRILO Machines<\/title>\n<meta name=\"description\" content=\"TRILO\u00ae machines are designed and built in the Netherlands and partly in Asia. TRILO is sold in more than 46 countries. Our range consists of mowers, vacuum trailers, leaf blowers and verticutting units. Our machines are used among other things for the maintenance of sports facilities, turf nurseries, airports, cities and roads.\" \/>\n<meta name=\"robots\" content=\"index, follow, max-snippet:-1, max-image-preview:large, max-video-preview:-1\" \/>\n<link rel=\"canonical\" href=\"https:\/\/www.trilo.com\/de\/product\/trilo-m3-demo\/\" \/>\n<meta property=\"og:locale\" content=\"de_DE\" \/>\n<meta property=\"og:type\" content=\"article\" \/>\n<meta property=\"og:title\" content=\"TRILO M3 \u2013 DEMO - TRILO Machines\" \/>\n<meta property=\"og:description\" content=\"TRILO\u00ae machines are designed and built in the Netherlands and partly in Asia. TRILO is sold in more than 46 countries. Our range consists of mowers, vacuum trailers, leaf blowers and verticutting units. Our machines are used among other things for the maintenance of sports facilities, turf nurseries, airports, cities and roads.\" \/>\n<meta property=\"og:url\" content=\"https:\/\/www.trilo.com\/de\/product\/trilo-m3-demo\/\" \/>\n<meta property=\"og:site_name\" content=\"TRILO Machines\" \/>\n<meta property=\"article:publisher\" content=\"https:\/\/www.facebook.com\/trilo.equipment\" \/>\n<meta property=\"article:modified_time\" content=\"2026-05-05T09:26:44+00:00\" \/>\n<meta property=\"og:image\" content=\"https:\/\/www.trilo.com\/wp-content\/uploads\/2024\/11\/M3_main_v2-1.jpg\" \/>\n\t<meta property=\"og:image:width\" content=\"1920\" \/>\n\t<meta property=\"og:image:height\" content=\"1081\" \/>\n\t<meta property=\"og:image:type\" content=\"image\/jpeg\" \/>\n<meta name=\"twitter:card\" content=\"summary_large_image\" \/>\n<meta name=\"twitter:site\" content=\"@trilo_equipment\" \/>\n<meta name=\"twitter:label1\" content=\"Gesch\u00e4tzte Lesezeit\" \/>\n\t<meta name=\"twitter:data1\" content=\"1\u00a0Minute\" \/>\n<script type=\"application\/ld+json\" class=\"yoast-schema-graph\">{\"@context\":\"https:\\\/\\\/schema.org\",\"@graph\":[{\"@type\":\"WebPage\",\"@id\":\"https:\\\/\\\/www.trilo.com\\\/de\\\/product\\\/trilo-m3-demo\\\/\",\"url\":\"https:\\\/\\\/www.trilo.com\\\/de\\\/product\\\/trilo-m3-demo\\\/\",\"name\":\"TRILO M3 \u2013 DEMO - TRILO Machines\",\"isPartOf\":{\"@id\":\"https:\\\/\\\/www.trilo.com\\\/de\\\/#website\"},\"primaryImageOfPage\":{\"@id\":\"https:\\\/\\\/www.trilo.com\\\/de\\\/product\\\/trilo-m3-demo\\\/#primaryimage\"},\"image\":{\"@id\":\"https:\\\/\\\/www.trilo.com\\\/de\\\/product\\\/trilo-m3-demo\\\/#primaryimage\"},\"thumbnailUrl\":\"https:\\\/\\\/www.trilo.com\\\/wp-content\\\/uploads\\\/2024\\\/11\\\/M3_main_v2-1.jpg\",\"datePublished\":\"2026-05-04T13:44:53+00:00\",\"dateModified\":\"2026-05-05T09:26:44+00:00\",\"description\":\"TRILO\u00ae machines are designed and built in the Netherlands and partly in Asia. TRILO is sold in more than 46 countries. Our range consists of mowers, vacuum trailers, leaf blowers and verticutting units. Our machines are used among other things for the maintenance of sports facilities, turf nurseries, airports, cities and roads.\",\"breadcrumb\":{\"@id\":\"https:\\\/\\\/www.trilo.com\\\/de\\\/product\\\/trilo-m3-demo\\\/#breadcrumb\"},\"inLanguage\":\"de\",\"potentialAction\":[{\"@type\":\"ReadAction\",\"target\":[\"https:\\\/\\\/www.trilo.com\\\/de\\\/product\\\/trilo-m3-demo\\\/\"]}]},{\"@type\":\"ImageObject\",\"inLanguage\":\"de\",\"@id\":\"https:\\\/\\\/www.trilo.com\\\/de\\\/product\\\/trilo-m3-demo\\\/#primaryimage\",\"url\":\"https:\\\/\\\/www.trilo.com\\\/wp-content\\\/uploads\\\/2024\\\/11\\\/M3_main_v2-1.jpg\",\"contentUrl\":\"https:\\\/\\\/www.trilo.com\\\/wp-content\\\/uploads\\\/2024\\\/11\\\/M3_main_v2-1.jpg\",\"width\":1920,\"height\":1081,\"caption\":\"Trilo M3\"},{\"@type\":\"BreadcrumbList\",\"@id\":\"https:\\\/\\\/www.trilo.com\\\/de\\\/product\\\/trilo-m3-demo\\\/#breadcrumb\",\"itemListElement\":[{\"@type\":\"ListItem\",\"position\":1,\"name\":\"Home\",\"item\":\"https:\\\/\\\/www.trilo.com\\\/de\\\/home-2\\\/\"},{\"@type\":\"ListItem\",\"position\":2,\"name\":\"Produkte\",\"item\":\"https:\\\/\\\/www.trilo.com\\\/de\\\/produkte\\\/\"},{\"@type\":\"ListItem\",\"position\":3,\"name\":\"Outlet\",\"item\":\"https:\\\/\\\/www.trilo.com\\\/de\\\/produkt-kategorie\\\/outlet-de\\\/\"},{\"@type\":\"ListItem\",\"position\":4,\"name\":\"TRILO M3 \u2013 DEMO\"}]},{\"@type\":\"WebSite\",\"@id\":\"https:\\\/\\\/www.trilo.com\\\/de\\\/#website\",\"url\":\"https:\\\/\\\/www.trilo.com\\\/de\\\/\",\"name\":\"TRILO Machines\",\"description\":\"Improving our environment\",\"publisher\":{\"@id\":\"https:\\\/\\\/www.trilo.com\\\/de\\\/#organization\"},\"potentialAction\":[{\"@type\":\"SearchAction\",\"target\":{\"@type\":\"EntryPoint\",\"urlTemplate\":\"https:\\\/\\\/www.trilo.com\\\/de\\\/?s={search_term_string}\"},\"query-input\":{\"@type\":\"PropertyValueSpecification\",\"valueRequired\":true,\"valueName\":\"search_term_string\"}}],\"inLanguage\":\"de\"},{\"@type\":\"Organization\",\"@id\":\"https:\\\/\\\/www.trilo.com\\\/de\\\/#organization\",\"name\":\"TRILO Machines\",\"url\":\"https:\\\/\\\/www.trilo.com\\\/de\\\/\",\"logo\":{\"@type\":\"ImageObject\",\"inLanguage\":\"de\",\"@id\":\"https:\\\/\\\/www.trilo.com\\\/de\\\/#\\\/schema\\\/logo\\\/image\\\/\",\"url\":\"https:\\\/\\\/www.trilo.com\\\/wp-content\\\/uploads\\\/2022\\\/09\\\/trilo-favicon.png\",\"contentUrl\":\"https:\\\/\\\/www.trilo.com\\\/wp-content\\\/uploads\\\/2022\\\/09\\\/trilo-favicon.png\",\"width\":512,\"height\":512,\"caption\":\"TRILO Machines\"},\"image\":{\"@id\":\"https:\\\/\\\/www.trilo.com\\\/de\\\/#\\\/schema\\\/logo\\\/image\\\/\"},\"sameAs\":[\"https:\\\/\\\/www.facebook.com\\\/trilo.equipment\",\"https:\\\/\\\/x.com\\\/trilo_equipment\",\"https:\\\/\\\/www.instagram.com\\\/trilomachines\\\/\"]}]}<\/script>\n<!-- \/ Yoast SEO plugin. -->","yoast_head_json":{"title":"TRILO M3 \u2013 DEMO - TRILO Machines","description":"TRILO\u00ae machines are designed and built in the Netherlands and partly in Asia. TRILO is sold in more than 46 countries. Our range consists of mowers, vacuum trailers, leaf blowers and verticutting units. Our machines are used among other things for the maintenance of sports facilities, turf nurseries, airports, cities and roads.","robots":{"index":"index","follow":"follow","max-snippet":"max-snippet:-1","max-image-preview":"max-image-preview:large","max-video-preview":"max-video-preview:-1"},"canonical":"https:\/\/www.trilo.com\/de\/product\/trilo-m3-demo\/","og_locale":"de_DE","og_type":"article","og_title":"TRILO M3 \u2013 DEMO - TRILO Machines","og_description":"TRILO\u00ae machines are designed and built in the Netherlands and partly in Asia. TRILO is sold in more than 46 countries. Our range consists of mowers, vacuum trailers, leaf blowers and verticutting units. Our machines are used among other things for the maintenance of sports facilities, turf nurseries, airports, cities and roads.","og_url":"https:\/\/www.trilo.com\/de\/product\/trilo-m3-demo\/","og_site_name":"TRILO Machines","article_publisher":"https:\/\/www.facebook.com\/trilo.equipment","article_modified_time":"2026-05-05T09:26:44+00:00","og_image":[{"width":1920,"height":1081,"url":"https:\/\/www.trilo.com\/wp-content\/uploads\/2024\/11\/M3_main_v2-1.jpg","type":"image\/jpeg"}],"twitter_card":"summary_large_image","twitter_site":"@trilo_equipment","twitter_misc":{"Gesch\u00e4tzte Lesezeit":"1\u00a0Minute"},"schema":{"@context":"https:\/\/schema.org","@graph":[{"@type":"WebPage","@id":"https:\/\/www.trilo.com\/de\/product\/trilo-m3-demo\/","url":"https:\/\/www.trilo.com\/de\/product\/trilo-m3-demo\/","name":"TRILO M3 \u2013 DEMO - TRILO Machines","isPartOf":{"@id":"https:\/\/www.trilo.com\/de\/#website"},"primaryImageOfPage":{"@id":"https:\/\/www.trilo.com\/de\/product\/trilo-m3-demo\/#primaryimage"},"image":{"@id":"https:\/\/www.trilo.com\/de\/product\/trilo-m3-demo\/#primaryimage"},"thumbnailUrl":"https:\/\/www.trilo.com\/wp-content\/uploads\/2024\/11\/M3_main_v2-1.jpg","datePublished":"2026-05-04T13:44:53+00:00","dateModified":"2026-05-05T09:26:44+00:00","description":"TRILO\u00ae machines are designed and built in the Netherlands and partly in Asia. TRILO is sold in more than 46 countries. Our range consists of mowers, vacuum trailers, leaf blowers and verticutting units. Our machines are used among other things for the maintenance of sports facilities, turf nurseries, airports, cities and roads.","breadcrumb":{"@id":"https:\/\/www.trilo.com\/de\/product\/trilo-m3-demo\/#breadcrumb"},"inLanguage":"de","potentialAction":[{"@type":"ReadAction","target":["https:\/\/www.trilo.com\/de\/product\/trilo-m3-demo\/"]}]},{"@type":"ImageObject","inLanguage":"de","@id":"https:\/\/www.trilo.com\/de\/product\/trilo-m3-demo\/#primaryimage","url":"https:\/\/www.trilo.com\/wp-content\/uploads\/2024\/11\/M3_main_v2-1.jpg","contentUrl":"https:\/\/www.trilo.com\/wp-content\/uploads\/2024\/11\/M3_main_v2-1.jpg","width":1920,"height":1081,"caption":"Trilo M3"},{"@type":"BreadcrumbList","@id":"https:\/\/www.trilo.com\/de\/product\/trilo-m3-demo\/#breadcrumb","itemListElement":[{"@type":"ListItem","position":1,"name":"Home","item":"https:\/\/www.trilo.com\/de\/home-2\/"},{"@type":"ListItem","position":2,"name":"Produkte","item":"https:\/\/www.trilo.com\/de\/produkte\/"},{"@type":"ListItem","position":3,"name":"Outlet","item":"https:\/\/www.trilo.com\/de\/produkt-kategorie\/outlet-de\/"},{"@type":"ListItem","position":4,"name":"TRILO M3 \u2013 DEMO"}]},{"@type":"WebSite","@id":"https:\/\/www.trilo.com\/de\/#website","url":"https:\/\/www.trilo.com\/de\/","name":"TRILO Machines","description":"Improving our environment","publisher":{"@id":"https:\/\/www.trilo.com\/de\/#organization"},"potentialAction":[{"@type":"SearchAction","target":{"@type":"EntryPoint","urlTemplate":"https:\/\/www.trilo.com\/de\/?s={search_term_string}"},"query-input":{"@type":"PropertyValueSpecification","valueRequired":true,"valueName":"search_term_string"}}],"inLanguage":"de"},{"@type":"Organization","@id":"https:\/\/www.trilo.com\/de\/#organization","name":"TRILO Machines","url":"https:\/\/www.trilo.com\/de\/","logo":{"@type":"ImageObject","inLanguage":"de","@id":"https:\/\/www.trilo.com\/de\/#\/schema\/logo\/image\/","url":"https:\/\/www.trilo.com\/wp-content\/uploads\/2022\/09\/trilo-favicon.png","contentUrl":"https:\/\/www.trilo.com\/wp-content\/uploads\/2022\/09\/trilo-favicon.png","width":512,"height":512,"caption":"TRILO Machines"},"image":{"@id":"https:\/\/www.trilo.com\/de\/#\/schema\/logo\/image\/"},"sameAs":["https:\/\/www.facebook.com\/trilo.equipment","https:\/\/x.com\/trilo_equipment","https:\/\/www.instagram.com\/trilomachines\/"]}]}},"_links":{"self":[{"href":"https:\/\/www.trilo.com\/de\/wp-json\/wp\/v2\/product\/14968","targetHints":{"allow":["GET"]}}],"collection":[{"href":"https:\/\/www.trilo.com\/de\/wp-json\/wp\/v2\/product"}],"about":[{"href":"https:\/\/www.trilo.com\/de\/wp-json\/wp\/v2\/types\/product"}],"replies":[{"embeddable":true,"href":"https:\/\/www.trilo.com\/de\/wp-json\/wp\/v2\/comments?post=14968"}],"wp:featuredmedia":[{"embeddable":true,"href":"https:\/\/www.trilo.com\/de\/wp-json\/wp\/v2\/media\/10448"}],"wp:attachment":[{"href":"https:\/\/www.trilo.com\/de\/wp-json\/wp\/v2\/media?parent=14968"}],"wp:term":[{"taxonomy":"product_brand","embeddable":true,"href":"https:\/\/www.trilo.com\/de\/wp-json\/wp\/v2\/product_brand?post=14968"},{"taxonomy":"product_cat","embeddable":true,"href":"https:\/\/www.trilo.com\/de\/wp-json\/wp\/v2\/product_cat?post=14968"},{"taxonomy":"product_tag","embeddable":true,"href":"https:\/\/www.trilo.com\/de\/wp-json\/wp\/v2\/product_tag?post=14968"}],"curies":[{"name":"wp","href":"https:\/\/api.w.org\/{rel}","templated":true}]}}