{"id":14674,"date":"2025-12-03T17:59:38","date_gmt":"2025-12-03T16:59:38","guid":{"rendered":"https:\/\/www.trilo.com\/product\/trilo-m4-joystick-version-demo\/"},"modified":"2025-12-03T17:59:38","modified_gmt":"2025-12-03T16:59:38","slug":"trilo-m4-joystick-version-demo","status":"publish","type":"product","link":"https:\/\/www.trilo.com\/de\/product\/trilo-m4-joystick-version-demo\/","title":{"rendered":"Trilo M4 \u2013 Joystick version \u2013 DEMO"},"content":{"rendered":"<p>&nbsp;<\/p>\n<p>Der M\u00e4h-Saugwagen M4 Mehrzweck Multipurpose ist ein kompakter Vakuumanh\u00e4nger mit einem Ladevolumen von 4 m3. Mit seinem gr\u00f6\u00dferen Ladevolumen und seiner gr\u00f6\u00dferen Arbeitsbreite verf\u00fcgt der M4 \u00fcber mehr Kapazit\u00e4t als der M3. Der M4 eignet sich hervorragend f\u00fcr die Laubbeseitigung, kehrt aber auch m\u00fchelos und sammelt feste Abf\u00e4lle von Stra\u00dfen und Pl\u00e4tzen auf. Ein sehr leistungsstarkes Laufrad sorgt f\u00fcr eine enorme Saugleistung und ist in einem Geh\u00e4use mit austauschbaren Verschlei\u00dfplatten montiert. Da diese <a href=\"https:\/\/www.trilo.com\/de\/erklarungen\/austauschbare-arbeitswellen\/\">B\u00fcrstenwelle<\/a> in der <a href=\"https:\/\/trilo.com\/toelichting\/zuigmond\/\">Absaughaube<\/a> austauschbar ist, kann der M4 in einem Arbeitsgang zum M\u00e4hen oder Vertikutieren und Aufsammeln umger\u00fcstet werden.<\/p>\n<p>The joystick-operated <a href=\"https:\/\/www.trilo.com\/de\/erklarungen\/saugschlauch\/\">suction hose<\/a>, with a working range of 6 m, makes the M4 truly multipurpose. Der Vacuum Trailer M4 erledigt die oben genannten Aufgaben ohne Probleme. Sie entfernt aber auch gro\u00dfe Mengen von Abfallstoffen aus schwer zug\u00e4nglichen Stellen. Eine M4 ist das ganze Jahr \u00fcber einsatzf\u00e4hig. Ein leistungsstarkes Laufrad in einem mit austauschbaren Verschlei\u00dfplatten ausgekleideten Geh\u00e4use wird von einer am Traktor angebrachten Zapfwelle angetrieben. Dieses Laufrad ben\u00f6tigt eine Leistung von <a class=\"tooltip\" href=\"https:\/\/www.trilo.com\/assets\/brochures\/general\/pto\/pk-cv-hp-ps-en.pdf\" target=\"_blank\" rel=\"noopener\">35 &#8211; 90 PS (26 &#8211; 66 kW)<\/a>.  Interessiert? Starten Sie sofort und wo immer Sie wollen, denn der TRILO M4 hat jetzt eine Betriebserlaubnis f\u00fcr den \u00f6ffentlichen Stra\u00dfenverkehr.<\/p>\n","protected":false},"excerpt":{"rendered":"<ul>\n<li data-start=\"834\" data-end=\"861\">\n<p data-start=\"836\" data-end=\"861\">1.8 m Arbeitsbreite<\/p>\n<\/li>\n<li data-start=\"862\" data-end=\"913\">\n<p data-start=\"864\" data-end=\"913\">Joystick-gesteuerter Saugschlauch \u2013 300 mm<\/p>\n<\/li>\n<li data-start=\"914\" data-end=\"942\">\n<p data-start=\"916\" data-end=\"942\">4 m\u00b3 ladevolumen<\/p>\n<\/li>\n<li data-start=\"943\" data-end=\"968\">\n<p data-start=\"945\" data-end=\"968\">2,1 m hoher Kipper<\/p>\n<\/li>\n<li data-start=\"969\" data-end=\"1019\">\n<p data-start=\"971\" data-end=\"1019\">Luftbremsen<\/p>\n<\/li>\n<\/ul>\n","protected":false},"featured_media":14629,"comment_status":"closed","ping_status":"closed","template":"","meta":{"_acf_changed":false,"iawp_total_views":30},"product_brand":[],"product_cat":[200],"product_tag":[],"class_list":{"0":"post-14674","1":"product","2":"type-product","3":"status-publish","4":"has-post-thumbnail","6":"product_cat-outlet-de","8":"first","9":"instock","10":"shipping-taxable","11":"product-type-simple"},"acf":[],"yoast_head":"<!-- This site is optimized with the Yoast SEO plugin v27.3 - https:\/\/yoast.com\/product\/yoast-seo-wordpress\/ -->\n<title>Trilo M4 \u2013 Joystick version \u2013 DEMO - TRILO Machines<\/title>\n<meta name=\"description\" content=\"TRILO\u00ae machines are designed and built in the Netherlands and partly in Asia. TRILO is sold in more than 46 countries. Our range consists of mowers, vacuum trailers, leaf blowers and verticutting units. Our machines are used among other things for the maintenance of sports facilities, turf nurseries, airports, cities and roads.\" \/>\n<meta name=\"robots\" content=\"index, follow, max-snippet:-1, max-image-preview:large, max-video-preview:-1\" \/>\n<link rel=\"canonical\" href=\"https:\/\/www.trilo.com\/de\/product\/trilo-m4-joystick-version-demo\/\" \/>\n<meta property=\"og:locale\" content=\"de_DE\" \/>\n<meta property=\"og:type\" content=\"article\" \/>\n<meta property=\"og:title\" content=\"Trilo M4 \u2013 Joystick version \u2013 DEMO - TRILO Machines\" \/>\n<meta property=\"og:description\" content=\"TRILO\u00ae machines are designed and built in the Netherlands and partly in Asia. TRILO is sold in more than 46 countries. Our range consists of mowers, vacuum trailers, leaf blowers and verticutting units. Our machines are used among other things for the maintenance of sports facilities, turf nurseries, airports, cities and roads.\" \/>\n<meta property=\"og:url\" content=\"https:\/\/www.trilo.com\/de\/product\/trilo-m4-joystick-version-demo\/\" \/>\n<meta property=\"og:site_name\" content=\"TRILO Machines\" \/>\n<meta property=\"article:publisher\" content=\"https:\/\/www.facebook.com\/trilo.equipment\" \/>\n<meta property=\"og:image\" content=\"https:\/\/www.trilo.com\/wp-content\/uploads\/2025\/12\/IMG_3098-scaled.jpg\" \/>\n\t<meta property=\"og:image:width\" content=\"2560\" \/>\n\t<meta property=\"og:image:height\" content=\"1920\" \/>\n\t<meta property=\"og:image:type\" content=\"image\/jpeg\" \/>\n<meta name=\"twitter:card\" content=\"summary_large_image\" \/>\n<meta name=\"twitter:site\" content=\"@trilo_equipment\" \/>\n<meta name=\"twitter:label1\" content=\"Gesch\u00e4tzte Lesezeit\" \/>\n\t<meta name=\"twitter:data1\" content=\"1\u00a0Minute\" \/>\n<script type=\"application\/ld+json\" class=\"yoast-schema-graph\">{\"@context\":\"https:\\\/\\\/schema.org\",\"@graph\":[{\"@type\":\"WebPage\",\"@id\":\"https:\\\/\\\/www.trilo.com\\\/de\\\/product\\\/trilo-m4-joystick-version-demo\\\/\",\"url\":\"https:\\\/\\\/www.trilo.com\\\/de\\\/product\\\/trilo-m4-joystick-version-demo\\\/\",\"name\":\"Trilo M4 \u2013 Joystick version \u2013 DEMO - TRILO Machines\",\"isPartOf\":{\"@id\":\"https:\\\/\\\/www.trilo.com\\\/de\\\/#website\"},\"primaryImageOfPage\":{\"@id\":\"https:\\\/\\\/www.trilo.com\\\/de\\\/product\\\/trilo-m4-joystick-version-demo\\\/#primaryimage\"},\"image\":{\"@id\":\"https:\\\/\\\/www.trilo.com\\\/de\\\/product\\\/trilo-m4-joystick-version-demo\\\/#primaryimage\"},\"thumbnailUrl\":\"https:\\\/\\\/www.trilo.com\\\/wp-content\\\/uploads\\\/2025\\\/12\\\/IMG_3098-scaled.jpg\",\"datePublished\":\"2025-12-03T16:59:38+00:00\",\"description\":\"TRILO\u00ae machines are designed and built in the Netherlands and partly in Asia. TRILO is sold in more than 46 countries. Our range consists of mowers, vacuum trailers, leaf blowers and verticutting units. Our machines are used among other things for the maintenance of sports facilities, turf nurseries, airports, cities and roads.\",\"breadcrumb\":{\"@id\":\"https:\\\/\\\/www.trilo.com\\\/de\\\/product\\\/trilo-m4-joystick-version-demo\\\/#breadcrumb\"},\"inLanguage\":\"de\",\"potentialAction\":[{\"@type\":\"ReadAction\",\"target\":[\"https:\\\/\\\/www.trilo.com\\\/de\\\/product\\\/trilo-m4-joystick-version-demo\\\/\"]}]},{\"@type\":\"ImageObject\",\"inLanguage\":\"de\",\"@id\":\"https:\\\/\\\/www.trilo.com\\\/de\\\/product\\\/trilo-m4-joystick-version-demo\\\/#primaryimage\",\"url\":\"https:\\\/\\\/www.trilo.com\\\/wp-content\\\/uploads\\\/2025\\\/12\\\/IMG_3098-scaled.jpg\",\"contentUrl\":\"https:\\\/\\\/www.trilo.com\\\/wp-content\\\/uploads\\\/2025\\\/12\\\/IMG_3098-scaled.jpg\",\"width\":2560,\"height\":1920},{\"@type\":\"BreadcrumbList\",\"@id\":\"https:\\\/\\\/www.trilo.com\\\/de\\\/product\\\/trilo-m4-joystick-version-demo\\\/#breadcrumb\",\"itemListElement\":[{\"@type\":\"ListItem\",\"position\":1,\"name\":\"Home\",\"item\":\"https:\\\/\\\/www.trilo.com\\\/de\\\/home-2\\\/\"},{\"@type\":\"ListItem\",\"position\":2,\"name\":\"Produkte\",\"item\":\"https:\\\/\\\/www.trilo.com\\\/de\\\/produkte\\\/\"},{\"@type\":\"ListItem\",\"position\":3,\"name\":\"Trilo M4 \u2013 Joystick version \u2013 DEMO\"}]},{\"@type\":\"WebSite\",\"@id\":\"https:\\\/\\\/www.trilo.com\\\/de\\\/#website\",\"url\":\"https:\\\/\\\/www.trilo.com\\\/de\\\/\",\"name\":\"TRILO Machines\",\"description\":\"Improving our environment\",\"publisher\":{\"@id\":\"https:\\\/\\\/www.trilo.com\\\/de\\\/#organization\"},\"potentialAction\":[{\"@type\":\"SearchAction\",\"target\":{\"@type\":\"EntryPoint\",\"urlTemplate\":\"https:\\\/\\\/www.trilo.com\\\/de\\\/?s={search_term_string}\"},\"query-input\":{\"@type\":\"PropertyValueSpecification\",\"valueRequired\":true,\"valueName\":\"search_term_string\"}}],\"inLanguage\":\"de\"},{\"@type\":\"Organization\",\"@id\":\"https:\\\/\\\/www.trilo.com\\\/de\\\/#organization\",\"name\":\"TRILO Machines\",\"url\":\"https:\\\/\\\/www.trilo.com\\\/de\\\/\",\"logo\":{\"@type\":\"ImageObject\",\"inLanguage\":\"de\",\"@id\":\"https:\\\/\\\/www.trilo.com\\\/de\\\/#\\\/schema\\\/logo\\\/image\\\/\",\"url\":\"https:\\\/\\\/www.trilo.com\\\/wp-content\\\/uploads\\\/2022\\\/09\\\/trilo-favicon.png\",\"contentUrl\":\"https:\\\/\\\/www.trilo.com\\\/wp-content\\\/uploads\\\/2022\\\/09\\\/trilo-favicon.png\",\"width\":512,\"height\":512,\"caption\":\"TRILO Machines\"},\"image\":{\"@id\":\"https:\\\/\\\/www.trilo.com\\\/de\\\/#\\\/schema\\\/logo\\\/image\\\/\"},\"sameAs\":[\"https:\\\/\\\/www.facebook.com\\\/trilo.equipment\",\"https:\\\/\\\/x.com\\\/trilo_equipment\",\"https:\\\/\\\/www.instagram.com\\\/trilomachines\\\/\"]}]}<\/script>\n<!-- \/ Yoast SEO plugin. -->","yoast_head_json":{"title":"Trilo M4 \u2013 Joystick version \u2013 DEMO - TRILO Machines","description":"TRILO\u00ae machines are designed and built in the Netherlands and partly in Asia. TRILO is sold in more than 46 countries. Our range consists of mowers, vacuum trailers, leaf blowers and verticutting units. Our machines are used among other things for the maintenance of sports facilities, turf nurseries, airports, cities and roads.","robots":{"index":"index","follow":"follow","max-snippet":"max-snippet:-1","max-image-preview":"max-image-preview:large","max-video-preview":"max-video-preview:-1"},"canonical":"https:\/\/www.trilo.com\/de\/product\/trilo-m4-joystick-version-demo\/","og_locale":"de_DE","og_type":"article","og_title":"Trilo M4 \u2013 Joystick version \u2013 DEMO - TRILO Machines","og_description":"TRILO\u00ae machines are designed and built in the Netherlands and partly in Asia. TRILO is sold in more than 46 countries. Our range consists of mowers, vacuum trailers, leaf blowers and verticutting units. Our machines are used among other things for the maintenance of sports facilities, turf nurseries, airports, cities and roads.","og_url":"https:\/\/www.trilo.com\/de\/product\/trilo-m4-joystick-version-demo\/","og_site_name":"TRILO Machines","article_publisher":"https:\/\/www.facebook.com\/trilo.equipment","og_image":[{"width":2560,"height":1920,"url":"https:\/\/www.trilo.com\/wp-content\/uploads\/2025\/12\/IMG_3098-scaled.jpg","type":"image\/jpeg"}],"twitter_card":"summary_large_image","twitter_site":"@trilo_equipment","twitter_misc":{"Gesch\u00e4tzte Lesezeit":"1\u00a0Minute"},"schema":{"@context":"https:\/\/schema.org","@graph":[{"@type":"WebPage","@id":"https:\/\/www.trilo.com\/de\/product\/trilo-m4-joystick-version-demo\/","url":"https:\/\/www.trilo.com\/de\/product\/trilo-m4-joystick-version-demo\/","name":"Trilo M4 \u2013 Joystick version \u2013 DEMO - TRILO Machines","isPartOf":{"@id":"https:\/\/www.trilo.com\/de\/#website"},"primaryImageOfPage":{"@id":"https:\/\/www.trilo.com\/de\/product\/trilo-m4-joystick-version-demo\/#primaryimage"},"image":{"@id":"https:\/\/www.trilo.com\/de\/product\/trilo-m4-joystick-version-demo\/#primaryimage"},"thumbnailUrl":"https:\/\/www.trilo.com\/wp-content\/uploads\/2025\/12\/IMG_3098-scaled.jpg","datePublished":"2025-12-03T16:59:38+00:00","description":"TRILO\u00ae machines are designed and built in the Netherlands and partly in Asia. TRILO is sold in more than 46 countries. Our range consists of mowers, vacuum trailers, leaf blowers and verticutting units. Our machines are used among other things for the maintenance of sports facilities, turf nurseries, airports, cities and roads.","breadcrumb":{"@id":"https:\/\/www.trilo.com\/de\/product\/trilo-m4-joystick-version-demo\/#breadcrumb"},"inLanguage":"de","potentialAction":[{"@type":"ReadAction","target":["https:\/\/www.trilo.com\/de\/product\/trilo-m4-joystick-version-demo\/"]}]},{"@type":"ImageObject","inLanguage":"de","@id":"https:\/\/www.trilo.com\/de\/product\/trilo-m4-joystick-version-demo\/#primaryimage","url":"https:\/\/www.trilo.com\/wp-content\/uploads\/2025\/12\/IMG_3098-scaled.jpg","contentUrl":"https:\/\/www.trilo.com\/wp-content\/uploads\/2025\/12\/IMG_3098-scaled.jpg","width":2560,"height":1920},{"@type":"BreadcrumbList","@id":"https:\/\/www.trilo.com\/de\/product\/trilo-m4-joystick-version-demo\/#breadcrumb","itemListElement":[{"@type":"ListItem","position":1,"name":"Home","item":"https:\/\/www.trilo.com\/de\/home-2\/"},{"@type":"ListItem","position":2,"name":"Produkte","item":"https:\/\/www.trilo.com\/de\/produkte\/"},{"@type":"ListItem","position":3,"name":"Trilo M4 \u2013 Joystick version \u2013 DEMO"}]},{"@type":"WebSite","@id":"https:\/\/www.trilo.com\/de\/#website","url":"https:\/\/www.trilo.com\/de\/","name":"TRILO Machines","description":"Improving our environment","publisher":{"@id":"https:\/\/www.trilo.com\/de\/#organization"},"potentialAction":[{"@type":"SearchAction","target":{"@type":"EntryPoint","urlTemplate":"https:\/\/www.trilo.com\/de\/?s={search_term_string}"},"query-input":{"@type":"PropertyValueSpecification","valueRequired":true,"valueName":"search_term_string"}}],"inLanguage":"de"},{"@type":"Organization","@id":"https:\/\/www.trilo.com\/de\/#organization","name":"TRILO Machines","url":"https:\/\/www.trilo.com\/de\/","logo":{"@type":"ImageObject","inLanguage":"de","@id":"https:\/\/www.trilo.com\/de\/#\/schema\/logo\/image\/","url":"https:\/\/www.trilo.com\/wp-content\/uploads\/2022\/09\/trilo-favicon.png","contentUrl":"https:\/\/www.trilo.com\/wp-content\/uploads\/2022\/09\/trilo-favicon.png","width":512,"height":512,"caption":"TRILO Machines"},"image":{"@id":"https:\/\/www.trilo.com\/de\/#\/schema\/logo\/image\/"},"sameAs":["https:\/\/www.facebook.com\/trilo.equipment","https:\/\/x.com\/trilo_equipment","https:\/\/www.instagram.com\/trilomachines\/"]}]}},"_links":{"self":[{"href":"https:\/\/www.trilo.com\/de\/wp-json\/wp\/v2\/product\/14674","targetHints":{"allow":["GET"]}}],"collection":[{"href":"https:\/\/www.trilo.com\/de\/wp-json\/wp\/v2\/product"}],"about":[{"href":"https:\/\/www.trilo.com\/de\/wp-json\/wp\/v2\/types\/product"}],"replies":[{"embeddable":true,"href":"https:\/\/www.trilo.com\/de\/wp-json\/wp\/v2\/comments?post=14674"}],"wp:featuredmedia":[{"embeddable":true,"href":"https:\/\/www.trilo.com\/de\/wp-json\/wp\/v2\/media\/14629"}],"wp:attachment":[{"href":"https:\/\/www.trilo.com\/de\/wp-json\/wp\/v2\/media?parent=14674"}],"wp:term":[{"taxonomy":"product_brand","embeddable":true,"href":"https:\/\/www.trilo.com\/de\/wp-json\/wp\/v2\/product_brand?post=14674"},{"taxonomy":"product_cat","embeddable":true,"href":"https:\/\/www.trilo.com\/de\/wp-json\/wp\/v2\/product_cat?post=14674"},{"taxonomy":"product_tag","embeddable":true,"href":"https:\/\/www.trilo.com\/de\/wp-json\/wp\/v2\/product_tag?post=14674"}],"curies":[{"name":"wp","href":"https:\/\/api.w.org\/{rel}","templated":true}]}}