{"id":11479,"date":"2025-01-21T13:10:12","date_gmt":"2025-01-21T12:10:12","guid":{"rendered":"https:\/\/www.trilo.com\/products\/unkategorisiert\/demo-trilo-su40\/"},"modified":"2026-03-03T09:57:53","modified_gmt":"2026-03-03T08:57:53","slug":"demo-trilo-su40","status":"publish","type":"product","link":"https:\/\/www.trilo.com\/de\/product\/demo-trilo-su40\/","title":{"rendered":"Trilo SU40 &#8211; Ex Demo"},"content":{"rendered":"<h1>Laubverladegebl\u00e4se SU40U<\/h1>\n<h2>Montiert auf einem Anh\u00e4ngerfahrgestell f\u00fcr die R\u00e4umung verschiedener Abfallarten<\/h2>\n<p>Laubverladegebl\u00e4se SU40U : ideal zum Beladen von Lastwagen oder Anh\u00e4ngern mit gro\u00dfen Mengen an Schutt oder Laub. Durch die besondere Form des quadratischen Auslaufs und ein speziell f\u00fcr diese Konfiguration entwickeltes Laufrad wird ein starker Luftstrom erzeugt. Daher verf\u00fcgt der TRILO Schuttlader SU40U \u00fcber eine enorme Saugkraft, die die Beseitigung von gro\u00dfen Mengen an Laub und Schutt zu einer leichten Aufgabe macht. Die optimale Konstruktion dieses Saugger\u00e4ts erfordert zudem weniger Kraftaufwand und spart Ihnen Kraftstoff.<\/p>\n<p>Die leistungsstarken und robusten Laufradbl\u00e4tter aus Manganstahl zerkleinern Abfall zu einem feinen Mulch. Der gemulchte Abfall kann gleichm\u00e4\u00dfig verteilt werden und nimmt weniger Platz in Anspruch. So k\u00f6nnen Sie mehr laden und l\u00e4nger arbeiten, weil Sie Zeit f\u00fcr regelm\u00e4\u00dfige, unn\u00f6tige Entladefahrten sparen. Die SU40-Laubverladegebl\u00e4se werden von \u00e4u\u00dferst zuverl\u00e4ssigen Honda GXV 340-Motoren angetrieben. Diese Motoren sind f\u00fcr ihren leisen Betrieb und ihren geringen Kraftstoffverbrauch bekannt. Durch die Zugangsklappe sind das Laufrad und die Verschlei\u00dfplatten leicht zug\u00e4nglich. Bequem f\u00fcr die Reinigung oder Wartung, da der Motor nicht ausgebaut werden muss. Das Laufradgeh\u00e4use eines SU40U-Schuttladers l\u00e4sst sich leicht mit einem Gartenschlauch reinigen. \u00dcbersch\u00fcssiges Wasser l\u00e4uft \u00fcber die verschlie\u00dfbare Ablass\u00f6ffnung an der Unterseite des Laufradgeh\u00e4uses leicht ab.<\/p>\n<h3>Halten Sie Stra\u00dfen, Pl\u00e4tze und Parks sicher und sauber, indem Sie Laub und Abfall beseitigen<\/h3>\n<p>Der SU40U ist standardm\u00e4\u00dfig mit einem Ansaugschlauch mit einem Radius von 5 Metern und einem Durchmesser von 200 mm ausgestattet. Der Saugschlauch verf\u00fcgt zudem \u00fcber ein robustes Metallendst\u00fcck mit einem Handgriff, der f\u00fcr erh\u00f6hte Hebelwirkung und leichte Man\u00f6vrierbarkeit ausgelegt ist. Eine Lenkrolle, auf der das Rohr w\u00e4hrend der Arbeit ruht, tr\u00e4gt das Gewicht f\u00fcr Sie. Das erleichtert die Arbeit erheblich. W\u00e4hrend der Arbeit wird der Ansaugschlauch auch von einem schwenkbaren Ausleger getragen. Wenn Sie fertig sind, bewahren Sie den Ansaugschlauch sicher in einer Halterung auf. Der verstellbare, r\u00fcckw\u00e4rtsgerichtete Abluftstutzen kann um 360 Grad gedreht werden. Au\u00dferdem ist er in jedem gew\u00fcnschten Winkel einstellbar. Auf diese Weise k\u00f6nnen Sie Material an den unzug\u00e4nglichsten Stellen in den M\u00fclleimer eines Fahrzeugs blasen. TRILO-Maschinen sind hochwertig entwickelt und werden Ihnen viele Jahre lang von praktischen Nutzen sein. Jede Maschine wird mit Premium-Service und Garantie geliefert.<\/p>\n<p><iframe class=\"entered litespeed-loaded\" title=\"TRILO SU40 EU Sch\u00fcttgutlader, Vakuumeinheit\" src=\"https:\/\/www.youtube.com\/embed\/Qbi6SUpf1kI?feature=oembed\" width=\"800\" height=\"450\" frameborder=\"0\" allowfullscreen=\"allowfullscreen\" data-lazyloaded=\"1\" data-src=\"https:\/\/www.youtube.com\/embed\/Qbi6SUpf1kI?feature=oembed\" data-ll-status=\"loaded\" data-mce-fragment=\"1\"><\/iframe><\/p>\n","protected":false},"excerpt":{"rendered":"<ul>\n<li>LKW-Lader auf Anh\u00e4nger (Einheit ist ab Werk am Anh\u00e4nger befestigt)<\/li>\n<li>Kann auf \u00f6ffentlichen Stra\u00dfen transportiert werden (80 km\/h)<\/li>\n<li>Robuste, zuverl\u00e4ssige Motorplattform<\/li>\n<li>Saugschlauch mit einem Radius von 5 m und \u00d8 200 mm<\/li>\n<li>Quadratischer Auslassstutzen f\u00fcr besten Luftstrom<\/li>\n<li>Der Auslassstutzen kann um 360 Grad gedreht werden<\/li>\n<li>Verstellbare Stutzenklappe<\/li>\n<li>Austauschbare Verschlei\u00dfplatten aus Manganstahl<\/li>\n<li>Einfacher Zugang zum Laufrad<\/li>\n<li>Sicherheitssensor am Laufradgeh\u00e4use.<\/li>\n<li>Statisch und dynamisch ausgewuchtetes Laufrad.<\/li>\n<li>Einfach mit Gartenschlauch zu reinigen<\/li>\n<li>Das Wasser wird einfach \u00fcber einen Ablassstutzen abgelassen.<\/li>\n<li>Angetrieben von leistungsstarken Honda GXV 340-Motoren<\/li>\n<\/ul>\n","protected":false},"featured_media":11386,"comment_status":"closed","ping_status":"closed","template":"","meta":{"_acf_changed":false,"iawp_total_views":265},"product_brand":[],"product_cat":[200],"product_tag":[],"class_list":{"0":"post-11479","1":"product","2":"type-product","3":"status-publish","4":"has-post-thumbnail","6":"product_cat-outlet-de","8":"first","9":"instock","10":"shipping-taxable","11":"product-type-simple"},"acf":[],"yoast_head":"<!-- This site is optimized with the Yoast SEO plugin v27.3 - https:\/\/yoast.com\/product\/yoast-seo-wordpress\/ -->\n<title>Trilo SU40 - Ex Demo - TRILO Machines<\/title>\n<meta name=\"description\" content=\"TRILO\u00ae machines are designed and built in the Netherlands and partly in Asia. TRILO is sold in more than 46 countries. Our range consists of mowers, vacuum trailers, leaf blowers and verticutting units. Our machines are used among other things for the maintenance of sports facilities, turf nurseries, airports, cities and roads.\" \/>\n<meta name=\"robots\" content=\"index, follow, max-snippet:-1, max-image-preview:large, max-video-preview:-1\" \/>\n<link rel=\"canonical\" href=\"https:\/\/www.trilo.com\/de\/product\/demo-trilo-su40\/\" \/>\n<meta property=\"og:locale\" content=\"de_DE\" \/>\n<meta property=\"og:type\" content=\"article\" \/>\n<meta property=\"og:title\" content=\"Trilo SU40 - Ex Demo - TRILO Machines\" \/>\n<meta property=\"og:description\" content=\"TRILO\u00ae machines are designed and built in the Netherlands and partly in Asia. TRILO is sold in more than 46 countries. Our range consists of mowers, vacuum trailers, leaf blowers and verticutting units. Our machines are used among other things for the maintenance of sports facilities, turf nurseries, airports, cities and roads.\" \/>\n<meta property=\"og:url\" content=\"https:\/\/www.trilo.com\/de\/product\/demo-trilo-su40\/\" \/>\n<meta property=\"og:site_name\" content=\"TRILO Machines\" \/>\n<meta property=\"article:publisher\" content=\"https:\/\/www.facebook.com\/trilo.equipment\" \/>\n<meta property=\"article:modified_time\" content=\"2026-03-03T08:57:53+00:00\" \/>\n<meta property=\"og:image\" content=\"https:\/\/www.trilo.com\/wp-content\/uploads\/2025\/01\/Trilo-SU40C.jpeg\" \/>\n\t<meta property=\"og:image:width\" content=\"2000\" \/>\n\t<meta property=\"og:image:height\" content=\"1500\" \/>\n\t<meta property=\"og:image:type\" content=\"image\/jpeg\" \/>\n<meta name=\"twitter:card\" content=\"summary_large_image\" \/>\n<meta name=\"twitter:site\" content=\"@trilo_equipment\" \/>\n<meta name=\"twitter:label1\" content=\"Gesch\u00e4tzte Lesezeit\" \/>\n\t<meta name=\"twitter:data1\" content=\"3\u00a0Minuten\" \/>\n<script type=\"application\/ld+json\" class=\"yoast-schema-graph\">{\"@context\":\"https:\\\/\\\/schema.org\",\"@graph\":[{\"@type\":\"WebPage\",\"@id\":\"https:\\\/\\\/www.trilo.com\\\/de\\\/product\\\/demo-trilo-su40\\\/\",\"url\":\"https:\\\/\\\/www.trilo.com\\\/de\\\/product\\\/demo-trilo-su40\\\/\",\"name\":\"Trilo SU40 - Ex Demo - TRILO Machines\",\"isPartOf\":{\"@id\":\"https:\\\/\\\/www.trilo.com\\\/de\\\/#website\"},\"primaryImageOfPage\":{\"@id\":\"https:\\\/\\\/www.trilo.com\\\/de\\\/product\\\/demo-trilo-su40\\\/#primaryimage\"},\"image\":{\"@id\":\"https:\\\/\\\/www.trilo.com\\\/de\\\/product\\\/demo-trilo-su40\\\/#primaryimage\"},\"thumbnailUrl\":\"https:\\\/\\\/www.trilo.com\\\/wp-content\\\/uploads\\\/2025\\\/01\\\/Trilo-SU40C.jpeg\",\"datePublished\":\"2025-01-21T12:10:12+00:00\",\"dateModified\":\"2026-03-03T08:57:53+00:00\",\"description\":\"TRILO\u00ae machines are designed and built in the Netherlands and partly in Asia. TRILO is sold in more than 46 countries. Our range consists of mowers, vacuum trailers, leaf blowers and verticutting units. Our machines are used among other things for the maintenance of sports facilities, turf nurseries, airports, cities and roads.\",\"breadcrumb\":{\"@id\":\"https:\\\/\\\/www.trilo.com\\\/de\\\/product\\\/demo-trilo-su40\\\/#breadcrumb\"},\"inLanguage\":\"de\",\"potentialAction\":[{\"@type\":\"ReadAction\",\"target\":[\"https:\\\/\\\/www.trilo.com\\\/de\\\/product\\\/demo-trilo-su40\\\/\"]}]},{\"@type\":\"ImageObject\",\"inLanguage\":\"de\",\"@id\":\"https:\\\/\\\/www.trilo.com\\\/de\\\/product\\\/demo-trilo-su40\\\/#primaryimage\",\"url\":\"https:\\\/\\\/www.trilo.com\\\/wp-content\\\/uploads\\\/2025\\\/01\\\/Trilo-SU40C.jpeg\",\"contentUrl\":\"https:\\\/\\\/www.trilo.com\\\/wp-content\\\/uploads\\\/2025\\\/01\\\/Trilo-SU40C.jpeg\",\"width\":2000,\"height\":1500},{\"@type\":\"BreadcrumbList\",\"@id\":\"https:\\\/\\\/www.trilo.com\\\/de\\\/product\\\/demo-trilo-su40\\\/#breadcrumb\",\"itemListElement\":[{\"@type\":\"ListItem\",\"position\":1,\"name\":\"Home\",\"item\":\"https:\\\/\\\/www.trilo.com\\\/de\\\/home-2\\\/\"},{\"@type\":\"ListItem\",\"position\":2,\"name\":\"Produkte\",\"item\":\"https:\\\/\\\/www.trilo.com\\\/de\\\/produkte\\\/\"},{\"@type\":\"ListItem\",\"position\":3,\"name\":\"Outlet\",\"item\":\"https:\\\/\\\/www.trilo.com\\\/de\\\/produkt-kategorie\\\/outlet-de\\\/\"},{\"@type\":\"ListItem\",\"position\":4,\"name\":\"Trilo SU40 &#8211; Ex Demo\"}]},{\"@type\":\"WebSite\",\"@id\":\"https:\\\/\\\/www.trilo.com\\\/de\\\/#website\",\"url\":\"https:\\\/\\\/www.trilo.com\\\/de\\\/\",\"name\":\"TRILO Machines\",\"description\":\"Improving our environment\",\"publisher\":{\"@id\":\"https:\\\/\\\/www.trilo.com\\\/de\\\/#organization\"},\"potentialAction\":[{\"@type\":\"SearchAction\",\"target\":{\"@type\":\"EntryPoint\",\"urlTemplate\":\"https:\\\/\\\/www.trilo.com\\\/de\\\/?s={search_term_string}\"},\"query-input\":{\"@type\":\"PropertyValueSpecification\",\"valueRequired\":true,\"valueName\":\"search_term_string\"}}],\"inLanguage\":\"de\"},{\"@type\":\"Organization\",\"@id\":\"https:\\\/\\\/www.trilo.com\\\/de\\\/#organization\",\"name\":\"TRILO Machines\",\"url\":\"https:\\\/\\\/www.trilo.com\\\/de\\\/\",\"logo\":{\"@type\":\"ImageObject\",\"inLanguage\":\"de\",\"@id\":\"https:\\\/\\\/www.trilo.com\\\/de\\\/#\\\/schema\\\/logo\\\/image\\\/\",\"url\":\"https:\\\/\\\/www.trilo.com\\\/wp-content\\\/uploads\\\/2022\\\/09\\\/trilo-favicon.png\",\"contentUrl\":\"https:\\\/\\\/www.trilo.com\\\/wp-content\\\/uploads\\\/2022\\\/09\\\/trilo-favicon.png\",\"width\":512,\"height\":512,\"caption\":\"TRILO Machines\"},\"image\":{\"@id\":\"https:\\\/\\\/www.trilo.com\\\/de\\\/#\\\/schema\\\/logo\\\/image\\\/\"},\"sameAs\":[\"https:\\\/\\\/www.facebook.com\\\/trilo.equipment\",\"https:\\\/\\\/x.com\\\/trilo_equipment\",\"https:\\\/\\\/www.instagram.com\\\/trilomachines\\\/\"]}]}<\/script>\n<!-- \/ Yoast SEO plugin. -->","yoast_head_json":{"title":"Trilo SU40 - Ex Demo - TRILO Machines","description":"TRILO\u00ae machines are designed and built in the Netherlands and partly in Asia. TRILO is sold in more than 46 countries. Our range consists of mowers, vacuum trailers, leaf blowers and verticutting units. Our machines are used among other things for the maintenance of sports facilities, turf nurseries, airports, cities and roads.","robots":{"index":"index","follow":"follow","max-snippet":"max-snippet:-1","max-image-preview":"max-image-preview:large","max-video-preview":"max-video-preview:-1"},"canonical":"https:\/\/www.trilo.com\/de\/product\/demo-trilo-su40\/","og_locale":"de_DE","og_type":"article","og_title":"Trilo SU40 - Ex Demo - TRILO Machines","og_description":"TRILO\u00ae machines are designed and built in the Netherlands and partly in Asia. TRILO is sold in more than 46 countries. Our range consists of mowers, vacuum trailers, leaf blowers and verticutting units. Our machines are used among other things for the maintenance of sports facilities, turf nurseries, airports, cities and roads.","og_url":"https:\/\/www.trilo.com\/de\/product\/demo-trilo-su40\/","og_site_name":"TRILO Machines","article_publisher":"https:\/\/www.facebook.com\/trilo.equipment","article_modified_time":"2026-03-03T08:57:53+00:00","og_image":[{"width":2000,"height":1500,"url":"https:\/\/www.trilo.com\/wp-content\/uploads\/2025\/01\/Trilo-SU40C.jpeg","type":"image\/jpeg"}],"twitter_card":"summary_large_image","twitter_site":"@trilo_equipment","twitter_misc":{"Gesch\u00e4tzte Lesezeit":"3\u00a0Minuten"},"schema":{"@context":"https:\/\/schema.org","@graph":[{"@type":"WebPage","@id":"https:\/\/www.trilo.com\/de\/product\/demo-trilo-su40\/","url":"https:\/\/www.trilo.com\/de\/product\/demo-trilo-su40\/","name":"Trilo SU40 - Ex Demo - TRILO Machines","isPartOf":{"@id":"https:\/\/www.trilo.com\/de\/#website"},"primaryImageOfPage":{"@id":"https:\/\/www.trilo.com\/de\/product\/demo-trilo-su40\/#primaryimage"},"image":{"@id":"https:\/\/www.trilo.com\/de\/product\/demo-trilo-su40\/#primaryimage"},"thumbnailUrl":"https:\/\/www.trilo.com\/wp-content\/uploads\/2025\/01\/Trilo-SU40C.jpeg","datePublished":"2025-01-21T12:10:12+00:00","dateModified":"2026-03-03T08:57:53+00:00","description":"TRILO\u00ae machines are designed and built in the Netherlands and partly in Asia. TRILO is sold in more than 46 countries. Our range consists of mowers, vacuum trailers, leaf blowers and verticutting units. Our machines are used among other things for the maintenance of sports facilities, turf nurseries, airports, cities and roads.","breadcrumb":{"@id":"https:\/\/www.trilo.com\/de\/product\/demo-trilo-su40\/#breadcrumb"},"inLanguage":"de","potentialAction":[{"@type":"ReadAction","target":["https:\/\/www.trilo.com\/de\/product\/demo-trilo-su40\/"]}]},{"@type":"ImageObject","inLanguage":"de","@id":"https:\/\/www.trilo.com\/de\/product\/demo-trilo-su40\/#primaryimage","url":"https:\/\/www.trilo.com\/wp-content\/uploads\/2025\/01\/Trilo-SU40C.jpeg","contentUrl":"https:\/\/www.trilo.com\/wp-content\/uploads\/2025\/01\/Trilo-SU40C.jpeg","width":2000,"height":1500},{"@type":"BreadcrumbList","@id":"https:\/\/www.trilo.com\/de\/product\/demo-trilo-su40\/#breadcrumb","itemListElement":[{"@type":"ListItem","position":1,"name":"Home","item":"https:\/\/www.trilo.com\/de\/home-2\/"},{"@type":"ListItem","position":2,"name":"Produkte","item":"https:\/\/www.trilo.com\/de\/produkte\/"},{"@type":"ListItem","position":3,"name":"Outlet","item":"https:\/\/www.trilo.com\/de\/produkt-kategorie\/outlet-de\/"},{"@type":"ListItem","position":4,"name":"Trilo SU40 &#8211; Ex Demo"}]},{"@type":"WebSite","@id":"https:\/\/www.trilo.com\/de\/#website","url":"https:\/\/www.trilo.com\/de\/","name":"TRILO Machines","description":"Improving our environment","publisher":{"@id":"https:\/\/www.trilo.com\/de\/#organization"},"potentialAction":[{"@type":"SearchAction","target":{"@type":"EntryPoint","urlTemplate":"https:\/\/www.trilo.com\/de\/?s={search_term_string}"},"query-input":{"@type":"PropertyValueSpecification","valueRequired":true,"valueName":"search_term_string"}}],"inLanguage":"de"},{"@type":"Organization","@id":"https:\/\/www.trilo.com\/de\/#organization","name":"TRILO Machines","url":"https:\/\/www.trilo.com\/de\/","logo":{"@type":"ImageObject","inLanguage":"de","@id":"https:\/\/www.trilo.com\/de\/#\/schema\/logo\/image\/","url":"https:\/\/www.trilo.com\/wp-content\/uploads\/2022\/09\/trilo-favicon.png","contentUrl":"https:\/\/www.trilo.com\/wp-content\/uploads\/2022\/09\/trilo-favicon.png","width":512,"height":512,"caption":"TRILO Machines"},"image":{"@id":"https:\/\/www.trilo.com\/de\/#\/schema\/logo\/image\/"},"sameAs":["https:\/\/www.facebook.com\/trilo.equipment","https:\/\/x.com\/trilo_equipment","https:\/\/www.instagram.com\/trilomachines\/"]}]}},"_links":{"self":[{"href":"https:\/\/www.trilo.com\/de\/wp-json\/wp\/v2\/product\/11479","targetHints":{"allow":["GET"]}}],"collection":[{"href":"https:\/\/www.trilo.com\/de\/wp-json\/wp\/v2\/product"}],"about":[{"href":"https:\/\/www.trilo.com\/de\/wp-json\/wp\/v2\/types\/product"}],"replies":[{"embeddable":true,"href":"https:\/\/www.trilo.com\/de\/wp-json\/wp\/v2\/comments?post=11479"}],"wp:featuredmedia":[{"embeddable":true,"href":"https:\/\/www.trilo.com\/de\/wp-json\/wp\/v2\/media\/11386"}],"wp:attachment":[{"href":"https:\/\/www.trilo.com\/de\/wp-json\/wp\/v2\/media?parent=11479"}],"wp:term":[{"taxonomy":"product_brand","embeddable":true,"href":"https:\/\/www.trilo.com\/de\/wp-json\/wp\/v2\/product_brand?post=11479"},{"taxonomy":"product_cat","embeddable":true,"href":"https:\/\/www.trilo.com\/de\/wp-json\/wp\/v2\/product_cat?post=11479"},{"taxonomy":"product_tag","embeddable":true,"href":"https:\/\/www.trilo.com\/de\/wp-json\/wp\/v2\/product_tag?post=11479"}],"curies":[{"name":"wp","href":"https:\/\/api.w.org\/{rel}","templated":true}]}}