{"id":10344,"date":"2024-11-06T14:30:47","date_gmt":"2024-11-06T13:30:47","guid":{"rendered":"https:\/\/www.trilo.com\/products\/unkategorisiert\/trilo-t1\/"},"modified":"2025-12-03T10:12:39","modified_gmt":"2025-12-03T09:12:39","slug":"trilo-t1","status":"publish","type":"product","link":"https:\/\/www.trilo.com\/de\/product\/trilo-t1\/","title":{"rendered":"Trilo T1 &#8211; Ex Demo"},"content":{"rendered":"<h1>Laubverladegebl\u00e4se T1 mit Sammelbeh\u00e4lter<\/h1>\n<h3>TRILO T1 verwandelt kleinere Fahrzeuge in Saugwagen<\/h3>\n<p>Der Laubverladegebl\u00e4se T1 mit Sammelbeh\u00e4lter ist das einzigartige Konzept von TRILO, um kleinere Fahrzeuge in eine kleine Kehrsaugmaschine zu verwandeln. Zum Beispiel UTVs (Utility Vehicles), Pick-up-Trucks oder Trikes. Ideal f\u00fcr die mobile Beseitigung von Abfallstoffen an schwer zug\u00e4nglichen Stellen. Jetzt leicht gemacht mit dem TRILO T1. Der T1 l\u00e4sst sich einfach auf eine Ladefl\u00e4che montieren und ist dann sofort einsatzbereit. Dieser Mini Saugwagen hat ein Ladevolumen von 1 m3 und mit einem 5 Meter langen Saugschlauch k\u00f6nnen Sie Abf\u00e4lle, Pflanzenschnittmaterial oder Laub m\u00fchelos aufsaugen. Dieser Laubverladegebl\u00e4se ist einfach zu bedienen und erfordert wenig Wartung. Die Maschine ist nicht nur ideal f\u00fcr den Einsatz auf schmalen Stra\u00dfen, in St\u00e4dten, auf Campingpl\u00e4tzen, Friedh\u00f6fen, in Parks und auf Golfpl\u00e4tzen, sondern auch hervorragend f\u00fcr den Einsatz bei Veranstaltungen geeignet!<\/p>\n<p><iframe class=\"entered litespeed-loaded\" title=\"TRILO Sch\u00fcttgutlader T1 mit Trichter \u00dcbersicht\" src=\"https:\/\/www.youtube.com\/embed\/PnqG88OKNEk?feature=oembed\" width=\"800\" height=\"450\" frameborder=\"0\" allowfullscreen=\"allowfullscreen\" data-lazyloaded=\"1\" data-src=\"https:\/\/www.youtube.com\/embed\/PnqG88OKNEk?feature=oembed\" data-ll-status=\"loaded\" data-mce-fragment=\"1\"><\/iframe><\/p>\n<p><iframe class=\"entered litespeed-loaded\" title=\"TRILO T1 Sch\u00fcttgutlader mit Trichter\" src=\"https:\/\/www.youtube.com\/embed\/IkviNW_kLoE?feature=oembed\" width=\"800\" height=\"450\" frameborder=\"0\" allowfullscreen=\"allowfullscreen\" data-lazyloaded=\"1\" data-src=\"https:\/\/www.youtube.com\/embed\/IkviNW_kLoE?feature=oembed\" data-ll-status=\"loaded\" data-mce-fragment=\"1\"><\/iframe><\/p>\n","protected":false},"excerpt":{"rendered":"<ul>\n<li>Jahr der Herstellung: 2019<\/li>\n<li>Gewicht: 332 kg<\/li>\n<li>Angetrieben von einem 11 PS Honda GX 340 (Handstart per Zugseil)<\/li>\n<li>Wanderschlauch \u00d8200mm x 5 Meter (4 m flexibler Schlauch)<\/li>\n<li>1 Kubikmeter Trichter<\/li>\n<li>L\u00e4nge 209 cm<\/li>\n<li>H\u00f6he 160 cm<\/li>\n<li>Breite 150 cm<\/li>\n<\/ul>\n<p>&nbsp;<\/p>\n","protected":false},"featured_media":10817,"comment_status":"closed","ping_status":"closed","template":"","meta":{"_acf_changed":false,"iawp_total_views":134},"product_brand":[],"product_cat":[200],"product_tag":[],"class_list":{"0":"post-10344","1":"product","2":"type-product","3":"status-publish","4":"has-post-thumbnail","6":"product_cat-outlet-de","8":"first","9":"instock","10":"shipping-taxable","11":"product-type-simple"},"acf":[],"yoast_head":"<!-- This site is optimized with the Yoast SEO plugin v27.3 - https:\/\/yoast.com\/product\/yoast-seo-wordpress\/ -->\n<title>Trilo T1 - Ex Demo - TRILO Machines<\/title>\n<meta name=\"description\" content=\"TRILO\u00ae machines are designed and built in the Netherlands and partly in Asia. TRILO is sold in more than 46 countries. Our range consists of mowers, vacuum trailers, leaf blowers and verticutting units. Our machines are used among other things for the maintenance of sports facilities, turf nurseries, airports, cities and roads.\" \/>\n<meta name=\"robots\" content=\"index, follow, max-snippet:-1, max-image-preview:large, max-video-preview:-1\" \/>\n<link rel=\"canonical\" href=\"https:\/\/www.trilo.com\/de\/product\/trilo-t1\/\" \/>\n<meta property=\"og:locale\" content=\"de_DE\" \/>\n<meta property=\"og:type\" content=\"article\" \/>\n<meta property=\"og:title\" content=\"Trilo T1 - Ex Demo - TRILO Machines\" \/>\n<meta property=\"og:description\" content=\"TRILO\u00ae machines are designed and built in the Netherlands and partly in Asia. TRILO is sold in more than 46 countries. Our range consists of mowers, vacuum trailers, leaf blowers and verticutting units. Our machines are used among other things for the maintenance of sports facilities, turf nurseries, airports, cities and roads.\" \/>\n<meta property=\"og:url\" content=\"https:\/\/www.trilo.com\/de\/product\/trilo-t1\/\" \/>\n<meta property=\"og:site_name\" content=\"TRILO Machines\" \/>\n<meta property=\"article:publisher\" content=\"https:\/\/www.facebook.com\/trilo.equipment\" \/>\n<meta property=\"article:modified_time\" content=\"2025-12-03T09:12:39+00:00\" \/>\n<meta property=\"og:image\" content=\"https:\/\/www.trilo.com\/wp-content\/uploads\/2024\/11\/image00020-1.jpg\" \/>\n\t<meta property=\"og:image:width\" content=\"1920\" \/>\n\t<meta property=\"og:image:height\" content=\"1080\" \/>\n\t<meta property=\"og:image:type\" content=\"image\/jpeg\" \/>\n<meta name=\"twitter:card\" content=\"summary_large_image\" \/>\n<meta name=\"twitter:site\" content=\"@trilo_equipment\" \/>\n<meta name=\"twitter:label1\" content=\"Gesch\u00e4tzte Lesezeit\" \/>\n\t<meta name=\"twitter:data1\" content=\"1\u00a0Minute\" \/>\n<script type=\"application\/ld+json\" class=\"yoast-schema-graph\">{\"@context\":\"https:\\\/\\\/schema.org\",\"@graph\":[{\"@type\":\"WebPage\",\"@id\":\"https:\\\/\\\/www.trilo.com\\\/de\\\/product\\\/trilo-t1\\\/\",\"url\":\"https:\\\/\\\/www.trilo.com\\\/de\\\/product\\\/trilo-t1\\\/\",\"name\":\"Trilo T1 - Ex Demo - TRILO Machines\",\"isPartOf\":{\"@id\":\"https:\\\/\\\/www.trilo.com\\\/de\\\/#website\"},\"primaryImageOfPage\":{\"@id\":\"https:\\\/\\\/www.trilo.com\\\/de\\\/product\\\/trilo-t1\\\/#primaryimage\"},\"image\":{\"@id\":\"https:\\\/\\\/www.trilo.com\\\/de\\\/product\\\/trilo-t1\\\/#primaryimage\"},\"thumbnailUrl\":\"https:\\\/\\\/www.trilo.com\\\/wp-content\\\/uploads\\\/2024\\\/11\\\/image00020-1.jpg\",\"datePublished\":\"2024-11-06T13:30:47+00:00\",\"dateModified\":\"2025-12-03T09:12:39+00:00\",\"description\":\"TRILO\u00ae machines are designed and built in the Netherlands and partly in Asia. TRILO is sold in more than 46 countries. Our range consists of mowers, vacuum trailers, leaf blowers and verticutting units. Our machines are used among other things for the maintenance of sports facilities, turf nurseries, airports, cities and roads.\",\"breadcrumb\":{\"@id\":\"https:\\\/\\\/www.trilo.com\\\/de\\\/product\\\/trilo-t1\\\/#breadcrumb\"},\"inLanguage\":\"de\",\"potentialAction\":[{\"@type\":\"ReadAction\",\"target\":[\"https:\\\/\\\/www.trilo.com\\\/de\\\/product\\\/trilo-t1\\\/\"]}]},{\"@type\":\"ImageObject\",\"inLanguage\":\"de\",\"@id\":\"https:\\\/\\\/www.trilo.com\\\/de\\\/product\\\/trilo-t1\\\/#primaryimage\",\"url\":\"https:\\\/\\\/www.trilo.com\\\/wp-content\\\/uploads\\\/2024\\\/11\\\/image00020-1.jpg\",\"contentUrl\":\"https:\\\/\\\/www.trilo.com\\\/wp-content\\\/uploads\\\/2024\\\/11\\\/image00020-1.jpg\",\"width\":1920,\"height\":1080},{\"@type\":\"BreadcrumbList\",\"@id\":\"https:\\\/\\\/www.trilo.com\\\/de\\\/product\\\/trilo-t1\\\/#breadcrumb\",\"itemListElement\":[{\"@type\":\"ListItem\",\"position\":1,\"name\":\"Home\",\"item\":\"https:\\\/\\\/www.trilo.com\\\/de\\\/home-2\\\/\"},{\"@type\":\"ListItem\",\"position\":2,\"name\":\"Produkte\",\"item\":\"https:\\\/\\\/www.trilo.com\\\/de\\\/produkte\\\/\"},{\"@type\":\"ListItem\",\"position\":3,\"name\":\"Outlet\",\"item\":\"https:\\\/\\\/www.trilo.com\\\/de\\\/produkt-kategorie\\\/outlet-de\\\/\"},{\"@type\":\"ListItem\",\"position\":4,\"name\":\"Trilo T1 &#8211; Ex Demo\"}]},{\"@type\":\"WebSite\",\"@id\":\"https:\\\/\\\/www.trilo.com\\\/de\\\/#website\",\"url\":\"https:\\\/\\\/www.trilo.com\\\/de\\\/\",\"name\":\"TRILO Machines\",\"description\":\"Improving our environment\",\"publisher\":{\"@id\":\"https:\\\/\\\/www.trilo.com\\\/de\\\/#organization\"},\"potentialAction\":[{\"@type\":\"SearchAction\",\"target\":{\"@type\":\"EntryPoint\",\"urlTemplate\":\"https:\\\/\\\/www.trilo.com\\\/de\\\/?s={search_term_string}\"},\"query-input\":{\"@type\":\"PropertyValueSpecification\",\"valueRequired\":true,\"valueName\":\"search_term_string\"}}],\"inLanguage\":\"de\"},{\"@type\":\"Organization\",\"@id\":\"https:\\\/\\\/www.trilo.com\\\/de\\\/#organization\",\"name\":\"TRILO Machines\",\"url\":\"https:\\\/\\\/www.trilo.com\\\/de\\\/\",\"logo\":{\"@type\":\"ImageObject\",\"inLanguage\":\"de\",\"@id\":\"https:\\\/\\\/www.trilo.com\\\/de\\\/#\\\/schema\\\/logo\\\/image\\\/\",\"url\":\"https:\\\/\\\/www.trilo.com\\\/wp-content\\\/uploads\\\/2022\\\/09\\\/trilo-favicon.png\",\"contentUrl\":\"https:\\\/\\\/www.trilo.com\\\/wp-content\\\/uploads\\\/2022\\\/09\\\/trilo-favicon.png\",\"width\":512,\"height\":512,\"caption\":\"TRILO Machines\"},\"image\":{\"@id\":\"https:\\\/\\\/www.trilo.com\\\/de\\\/#\\\/schema\\\/logo\\\/image\\\/\"},\"sameAs\":[\"https:\\\/\\\/www.facebook.com\\\/trilo.equipment\",\"https:\\\/\\\/x.com\\\/trilo_equipment\",\"https:\\\/\\\/www.instagram.com\\\/trilomachines\\\/\"]}]}<\/script>\n<!-- \/ Yoast SEO plugin. -->","yoast_head_json":{"title":"Trilo T1 - Ex Demo - TRILO Machines","description":"TRILO\u00ae machines are designed and built in the Netherlands and partly in Asia. TRILO is sold in more than 46 countries. Our range consists of mowers, vacuum trailers, leaf blowers and verticutting units. Our machines are used among other things for the maintenance of sports facilities, turf nurseries, airports, cities and roads.","robots":{"index":"index","follow":"follow","max-snippet":"max-snippet:-1","max-image-preview":"max-image-preview:large","max-video-preview":"max-video-preview:-1"},"canonical":"https:\/\/www.trilo.com\/de\/product\/trilo-t1\/","og_locale":"de_DE","og_type":"article","og_title":"Trilo T1 - Ex Demo - TRILO Machines","og_description":"TRILO\u00ae machines are designed and built in the Netherlands and partly in Asia. TRILO is sold in more than 46 countries. Our range consists of mowers, vacuum trailers, leaf blowers and verticutting units. Our machines are used among other things for the maintenance of sports facilities, turf nurseries, airports, cities and roads.","og_url":"https:\/\/www.trilo.com\/de\/product\/trilo-t1\/","og_site_name":"TRILO Machines","article_publisher":"https:\/\/www.facebook.com\/trilo.equipment","article_modified_time":"2025-12-03T09:12:39+00:00","og_image":[{"width":1920,"height":1080,"url":"https:\/\/www.trilo.com\/wp-content\/uploads\/2024\/11\/image00020-1.jpg","type":"image\/jpeg"}],"twitter_card":"summary_large_image","twitter_site":"@trilo_equipment","twitter_misc":{"Gesch\u00e4tzte Lesezeit":"1\u00a0Minute"},"schema":{"@context":"https:\/\/schema.org","@graph":[{"@type":"WebPage","@id":"https:\/\/www.trilo.com\/de\/product\/trilo-t1\/","url":"https:\/\/www.trilo.com\/de\/product\/trilo-t1\/","name":"Trilo T1 - Ex Demo - TRILO Machines","isPartOf":{"@id":"https:\/\/www.trilo.com\/de\/#website"},"primaryImageOfPage":{"@id":"https:\/\/www.trilo.com\/de\/product\/trilo-t1\/#primaryimage"},"image":{"@id":"https:\/\/www.trilo.com\/de\/product\/trilo-t1\/#primaryimage"},"thumbnailUrl":"https:\/\/www.trilo.com\/wp-content\/uploads\/2024\/11\/image00020-1.jpg","datePublished":"2024-11-06T13:30:47+00:00","dateModified":"2025-12-03T09:12:39+00:00","description":"TRILO\u00ae machines are designed and built in the Netherlands and partly in Asia. TRILO is sold in more than 46 countries. Our range consists of mowers, vacuum trailers, leaf blowers and verticutting units. Our machines are used among other things for the maintenance of sports facilities, turf nurseries, airports, cities and roads.","breadcrumb":{"@id":"https:\/\/www.trilo.com\/de\/product\/trilo-t1\/#breadcrumb"},"inLanguage":"de","potentialAction":[{"@type":"ReadAction","target":["https:\/\/www.trilo.com\/de\/product\/trilo-t1\/"]}]},{"@type":"ImageObject","inLanguage":"de","@id":"https:\/\/www.trilo.com\/de\/product\/trilo-t1\/#primaryimage","url":"https:\/\/www.trilo.com\/wp-content\/uploads\/2024\/11\/image00020-1.jpg","contentUrl":"https:\/\/www.trilo.com\/wp-content\/uploads\/2024\/11\/image00020-1.jpg","width":1920,"height":1080},{"@type":"BreadcrumbList","@id":"https:\/\/www.trilo.com\/de\/product\/trilo-t1\/#breadcrumb","itemListElement":[{"@type":"ListItem","position":1,"name":"Home","item":"https:\/\/www.trilo.com\/de\/home-2\/"},{"@type":"ListItem","position":2,"name":"Produkte","item":"https:\/\/www.trilo.com\/de\/produkte\/"},{"@type":"ListItem","position":3,"name":"Outlet","item":"https:\/\/www.trilo.com\/de\/produkt-kategorie\/outlet-de\/"},{"@type":"ListItem","position":4,"name":"Trilo T1 &#8211; Ex Demo"}]},{"@type":"WebSite","@id":"https:\/\/www.trilo.com\/de\/#website","url":"https:\/\/www.trilo.com\/de\/","name":"TRILO Machines","description":"Improving our environment","publisher":{"@id":"https:\/\/www.trilo.com\/de\/#organization"},"potentialAction":[{"@type":"SearchAction","target":{"@type":"EntryPoint","urlTemplate":"https:\/\/www.trilo.com\/de\/?s={search_term_string}"},"query-input":{"@type":"PropertyValueSpecification","valueRequired":true,"valueName":"search_term_string"}}],"inLanguage":"de"},{"@type":"Organization","@id":"https:\/\/www.trilo.com\/de\/#organization","name":"TRILO Machines","url":"https:\/\/www.trilo.com\/de\/","logo":{"@type":"ImageObject","inLanguage":"de","@id":"https:\/\/www.trilo.com\/de\/#\/schema\/logo\/image\/","url":"https:\/\/www.trilo.com\/wp-content\/uploads\/2022\/09\/trilo-favicon.png","contentUrl":"https:\/\/www.trilo.com\/wp-content\/uploads\/2022\/09\/trilo-favicon.png","width":512,"height":512,"caption":"TRILO Machines"},"image":{"@id":"https:\/\/www.trilo.com\/de\/#\/schema\/logo\/image\/"},"sameAs":["https:\/\/www.facebook.com\/trilo.equipment","https:\/\/x.com\/trilo_equipment","https:\/\/www.instagram.com\/trilomachines\/"]}]}},"_links":{"self":[{"href":"https:\/\/www.trilo.com\/de\/wp-json\/wp\/v2\/product\/10344","targetHints":{"allow":["GET"]}}],"collection":[{"href":"https:\/\/www.trilo.com\/de\/wp-json\/wp\/v2\/product"}],"about":[{"href":"https:\/\/www.trilo.com\/de\/wp-json\/wp\/v2\/types\/product"}],"replies":[{"embeddable":true,"href":"https:\/\/www.trilo.com\/de\/wp-json\/wp\/v2\/comments?post=10344"}],"wp:featuredmedia":[{"embeddable":true,"href":"https:\/\/www.trilo.com\/de\/wp-json\/wp\/v2\/media\/10817"}],"wp:attachment":[{"href":"https:\/\/www.trilo.com\/de\/wp-json\/wp\/v2\/media?parent=10344"}],"wp:term":[{"taxonomy":"product_brand","embeddable":true,"href":"https:\/\/www.trilo.com\/de\/wp-json\/wp\/v2\/product_brand?post=10344"},{"taxonomy":"product_cat","embeddable":true,"href":"https:\/\/www.trilo.com\/de\/wp-json\/wp\/v2\/product_cat?post=10344"},{"taxonomy":"product_tag","embeddable":true,"href":"https:\/\/www.trilo.com\/de\/wp-json\/wp\/v2\/product_tag?post=10344"}],"curies":[{"name":"wp","href":"https:\/\/api.w.org\/{rel}","templated":true}]}}