{"id":9503,"date":"2023-12-18T09:23:21","date_gmt":"2023-12-18T08:23:21","guid":{"rendered":"https:\/\/www.trilo.com\/frohe-feiertage-von-trilo\/"},"modified":"2023-12-18T16:28:43","modified_gmt":"2023-12-18T15:28:43","slug":"frohe-feiertage-von-trilo","status":"publish","type":"page","link":"https:\/\/www.trilo.com\/de\/frohe-feiertage-von-trilo\/","title":{"rendered":"Frohe Feiertage von TRILO"},"content":{"rendered":"\t\t<div data-elementor-type=\"wp-page\" data-elementor-id=\"9503\" class=\"elementor elementor-9503\" data-elementor-post-type=\"page\">\n\t\t\t\t<div class=\"elementor-element elementor-element-46c8450 e-flex e-con-boxed e-con e-parent\" data-id=\"46c8450\" data-element_type=\"container\" data-e-type=\"container\">\n\t\t\t\t\t<div class=\"e-con-inner\">\n\t\t\t\t<div class=\"elementor-element elementor-element-eb63935 elementor-widget elementor-widget-heading\" data-id=\"eb63935\" data-element_type=\"widget\" data-e-type=\"widget\" data-widget_type=\"heading.default\">\n\t\t\t\t<div class=\"elementor-widget-container\">\n\t\t\t\t\t<h2 class=\"elementor-heading-title elementor-size-default\">Frohe Feiertage<\/h2>\t\t\t\t<\/div>\n\t\t\t\t<\/div>\n\t\t\t\t\t<\/div>\n\t\t\t\t<\/div>\n\t\t<div class=\"elementor-element elementor-element-cb0d5a9 e-flex e-con-boxed e-con e-parent\" data-id=\"cb0d5a9\" data-element_type=\"container\" data-e-type=\"container\">\n\t\t\t\t\t<div class=\"e-con-inner\">\n\t\t\t\t<div class=\"elementor-element elementor-element-88bcb3b elementor-widget elementor-widget-video\" data-id=\"88bcb3b\" data-element_type=\"widget\" data-e-type=\"widget\" data-settings=\"{&quot;youtube_url&quot;:&quot;https:\\\/\\\/youtu.be\\\/r4RrpogOvZ4&quot;,&quot;autoplay&quot;:&quot;yes&quot;,&quot;play_on_mobile&quot;:&quot;yes&quot;,&quot;video_type&quot;:&quot;youtube&quot;,&quot;controls&quot;:&quot;yes&quot;}\" data-widget_type=\"video.default\">\n\t\t\t\t<div class=\"elementor-widget-container\">\n\t\t\t\t\t\t\t<div class=\"elementor-wrapper elementor-open-inline\">\n\t\t\t<div class=\"elementor-video\"><\/div>\t\t<\/div>\n\t\t\t\t\t\t<\/div>\n\t\t\t\t<\/div>\n\t\t\t\t\t<\/div>\n\t\t\t\t<\/div>\n\t\t<div class=\"elementor-element elementor-element-1b92a98 e-flex e-con-boxed e-con e-parent\" data-id=\"1b92a98\" data-element_type=\"container\" data-e-type=\"container\">\n\t\t\t\t\t<div class=\"e-con-inner\">\n\t\t\t\t<div class=\"elementor-element elementor-element-ffab213 elementor-widget elementor-widget-text-editor\" data-id=\"ffab213\" data-element_type=\"widget\" data-e-type=\"widget\" data-widget_type=\"text-editor.default\">\n\t\t\t\t<div class=\"elementor-widget-container\">\n\t\t\t\t\t\t\t\t\t<p>Das Team von TRILO Smart Industries w\u00fcnscht Ihnen f\u00fcr das kommende Jahr Frieden, Freude und Wohlstand.<br \/>Wir danken Ihnen f\u00fcr Ihre kontinuierliche Unterst\u00fctzung und Partnerschaft.<br \/>Wir freuen uns auf die Zusammenarbeit mit Ihnen in den kommenden Jahren.<\/p>\n<p><em>Bitte beachten:<\/em><br \/><em>Weihnachtsschlie\u00dfung vom 21. bis 29. Dezember.<\/em><br \/><em>W\u00e4hrend dieser Zeit versenden wir keine Teile.<\/em><br \/><em>In Notf\u00e4llen rufen Sie uns bitte an (+31)33 3038 993.<\/em><\/p>\n\t\t\t\t\t\t\t\t<\/div>\n\t\t\t\t<\/div>\n\t\t\t\t\t<\/div>\n\t\t\t\t<\/div>\n\t\t\t\t<\/div>\n\t\t","protected":false},"excerpt":{"rendered":"<p>Frohe Feiertage https:\/\/youtu.be\/r4RrpogOvZ4 Das Team von TRILO Smart Industries w\u00fcnscht Ihnen f\u00fcr das kommende Jahr Frieden, Freude und Wohlstand.Wir danken Ihnen f\u00fcr Ihre kontinuierliche Unterst\u00fctzung und Partnerschaft.Wir freuen uns auf die Zusammenarbeit mit Ihnen in den kommenden Jahren. Bitte beachten:Weihnachtsschlie\u00dfung vom 21. bis 29. Dezember.W\u00e4hrend dieser Zeit versenden wir keine Teile.In Notf\u00e4llen rufen Sie uns [&hellip;]<\/p>\n","protected":false},"author":1,"featured_media":9491,"parent":0,"menu_order":0,"comment_status":"closed","ping_status":"closed","template":"","meta":{"_acf_changed":false,"iawp_total_views":76,"footnotes":""},"class_list":["post-9503","page","type-page","status-publish","has-post-thumbnail","hentry"],"acf":[],"yoast_head":"<!-- This site is optimized with the Yoast SEO plugin v27.5 - https:\/\/yoast.com\/product\/yoast-seo-wordpress\/ -->\n<title>Frohe Feiertage von TRILO - TRILO Machines<\/title>\n<meta name=\"description\" content=\"TRILO\u00ae machines are designed and built in the Netherlands and partly in Asia. TRILO is sold in more than 46 countries. Our range consists of mowers, vacuum trailers, leaf blowers and verticutting units. Our machines are used among other things for the maintenance of sports facilities, turf nurseries, airports, cities and roads.\" \/>\n<meta name=\"robots\" content=\"noindex, follow\" \/>\n<meta property=\"og:locale\" content=\"de_DE\" \/>\n<meta property=\"og:type\" content=\"article\" \/>\n<meta property=\"og:title\" content=\"Frohe Feiertage von TRILO - TRILO Machines\" \/>\n<meta property=\"og:description\" content=\"TRILO\u00ae machines are designed and built in the Netherlands and partly in Asia. TRILO is sold in more than 46 countries. Our range consists of mowers, vacuum trailers, leaf blowers and verticutting units. Our machines are used among other things for the maintenance of sports facilities, turf nurseries, airports, cities and roads.\" \/>\n<meta property=\"og:url\" content=\"https:\/\/www.trilo.com\/de\/frohe-feiertage-von-trilo\/\" \/>\n<meta property=\"og:site_name\" content=\"TRILO Machines\" \/>\n<meta property=\"article:publisher\" content=\"https:\/\/www.facebook.com\/trilo.equipment\" \/>\n<meta property=\"article:modified_time\" content=\"2023-12-18T15:28:43+00:00\" \/>\n<meta property=\"og:image\" content=\"https:\/\/www.trilo.com\/wp-content\/uploads\/2023\/12\/trilo-happy-holidays.jpg\" \/>\n\t<meta property=\"og:image:width\" content=\"1710\" \/>\n\t<meta property=\"og:image:height\" content=\"962\" \/>\n\t<meta property=\"og:image:type\" content=\"image\/jpeg\" \/>\n<meta name=\"twitter:card\" content=\"summary_large_image\" \/>\n<meta name=\"twitter:site\" content=\"@trilo_equipment\" \/>\n<script type=\"application\/ld+json\" class=\"yoast-schema-graph\">{\"@context\":\"https:\\\/\\\/schema.org\",\"@graph\":[{\"@type\":\"WebPage\",\"@id\":\"https:\\\/\\\/www.trilo.com\\\/de\\\/frohe-feiertage-von-trilo\\\/\",\"url\":\"https:\\\/\\\/www.trilo.com\\\/de\\\/frohe-feiertage-von-trilo\\\/\",\"name\":\"Frohe Feiertage von TRILO - TRILO Machines\",\"isPartOf\":{\"@id\":\"https:\\\/\\\/www.trilo.com\\\/de\\\/#website\"},\"primaryImageOfPage\":{\"@id\":\"https:\\\/\\\/www.trilo.com\\\/de\\\/frohe-feiertage-von-trilo\\\/#primaryimage\"},\"image\":{\"@id\":\"https:\\\/\\\/www.trilo.com\\\/de\\\/frohe-feiertage-von-trilo\\\/#primaryimage\"},\"thumbnailUrl\":\"https:\\\/\\\/www.trilo.com\\\/wp-content\\\/uploads\\\/2023\\\/12\\\/trilo-happy-holidays.jpg\",\"datePublished\":\"2023-12-18T08:23:21+00:00\",\"dateModified\":\"2023-12-18T15:28:43+00:00\",\"description\":\"TRILO\u00ae machines are designed and built in the Netherlands and partly in Asia. TRILO is sold in more than 46 countries. Our range consists of mowers, vacuum trailers, leaf blowers and verticutting units. Our machines are used among other things for the maintenance of sports facilities, turf nurseries, airports, cities and roads.\",\"breadcrumb\":{\"@id\":\"https:\\\/\\\/www.trilo.com\\\/de\\\/frohe-feiertage-von-trilo\\\/#breadcrumb\"},\"inLanguage\":\"de\",\"potentialAction\":[{\"@type\":\"ReadAction\",\"target\":[\"https:\\\/\\\/www.trilo.com\\\/de\\\/frohe-feiertage-von-trilo\\\/\"]}]},{\"@type\":\"ImageObject\",\"inLanguage\":\"de\",\"@id\":\"https:\\\/\\\/www.trilo.com\\\/de\\\/frohe-feiertage-von-trilo\\\/#primaryimage\",\"url\":\"https:\\\/\\\/www.trilo.com\\\/wp-content\\\/uploads\\\/2023\\\/12\\\/trilo-happy-holidays.jpg\",\"contentUrl\":\"https:\\\/\\\/www.trilo.com\\\/wp-content\\\/uploads\\\/2023\\\/12\\\/trilo-happy-holidays.jpg\",\"width\":1710,\"height\":962},{\"@type\":\"BreadcrumbList\",\"@id\":\"https:\\\/\\\/www.trilo.com\\\/de\\\/frohe-feiertage-von-trilo\\\/#breadcrumb\",\"itemListElement\":[{\"@type\":\"ListItem\",\"position\":1,\"name\":\"Home\",\"item\":\"https:\\\/\\\/www.trilo.com\\\/de\\\/home-2\\\/\"},{\"@type\":\"ListItem\",\"position\":2,\"name\":\"Frohe Feiertage von TRILO\"}]},{\"@type\":\"WebSite\",\"@id\":\"https:\\\/\\\/www.trilo.com\\\/de\\\/#website\",\"url\":\"https:\\\/\\\/www.trilo.com\\\/de\\\/\",\"name\":\"TRILO Machines\",\"description\":\"Improving our environment\",\"publisher\":{\"@id\":\"https:\\\/\\\/www.trilo.com\\\/de\\\/#organization\"},\"potentialAction\":[{\"@type\":\"SearchAction\",\"target\":{\"@type\":\"EntryPoint\",\"urlTemplate\":\"https:\\\/\\\/www.trilo.com\\\/de\\\/?s={search_term_string}\"},\"query-input\":{\"@type\":\"PropertyValueSpecification\",\"valueRequired\":true,\"valueName\":\"search_term_string\"}}],\"inLanguage\":\"de\"},{\"@type\":\"Organization\",\"@id\":\"https:\\\/\\\/www.trilo.com\\\/de\\\/#organization\",\"name\":\"TRILO Machines\",\"url\":\"https:\\\/\\\/www.trilo.com\\\/de\\\/\",\"logo\":{\"@type\":\"ImageObject\",\"inLanguage\":\"de\",\"@id\":\"https:\\\/\\\/www.trilo.com\\\/de\\\/#\\\/schema\\\/logo\\\/image\\\/\",\"url\":\"https:\\\/\\\/www.trilo.com\\\/wp-content\\\/uploads\\\/2022\\\/09\\\/trilo-favicon.png\",\"contentUrl\":\"https:\\\/\\\/www.trilo.com\\\/wp-content\\\/uploads\\\/2022\\\/09\\\/trilo-favicon.png\",\"width\":512,\"height\":512,\"caption\":\"TRILO Machines\"},\"image\":{\"@id\":\"https:\\\/\\\/www.trilo.com\\\/de\\\/#\\\/schema\\\/logo\\\/image\\\/\"},\"sameAs\":[\"https:\\\/\\\/www.facebook.com\\\/trilo.equipment\",\"https:\\\/\\\/x.com\\\/trilo_equipment\",\"https:\\\/\\\/www.instagram.com\\\/trilomachines\\\/\"]}]}<\/script>\n<!-- \/ Yoast SEO plugin. -->","yoast_head_json":{"title":"Frohe Feiertage von TRILO - TRILO Machines","description":"TRILO\u00ae machines are designed and built in the Netherlands and partly in Asia. TRILO is sold in more than 46 countries. Our range consists of mowers, vacuum trailers, leaf blowers and verticutting units. Our machines are used among other things for the maintenance of sports facilities, turf nurseries, airports, cities and roads.","robots":{"index":"noindex","follow":"follow"},"og_locale":"de_DE","og_type":"article","og_title":"Frohe Feiertage von TRILO - TRILO Machines","og_description":"TRILO\u00ae machines are designed and built in the Netherlands and partly in Asia. TRILO is sold in more than 46 countries. Our range consists of mowers, vacuum trailers, leaf blowers and verticutting units. Our machines are used among other things for the maintenance of sports facilities, turf nurseries, airports, cities and roads.","og_url":"https:\/\/www.trilo.com\/de\/frohe-feiertage-von-trilo\/","og_site_name":"TRILO Machines","article_publisher":"https:\/\/www.facebook.com\/trilo.equipment","article_modified_time":"2023-12-18T15:28:43+00:00","og_image":[{"width":1710,"height":962,"url":"https:\/\/www.trilo.com\/wp-content\/uploads\/2023\/12\/trilo-happy-holidays.jpg","type":"image\/jpeg"}],"twitter_card":"summary_large_image","twitter_site":"@trilo_equipment","schema":{"@context":"https:\/\/schema.org","@graph":[{"@type":"WebPage","@id":"https:\/\/www.trilo.com\/de\/frohe-feiertage-von-trilo\/","url":"https:\/\/www.trilo.com\/de\/frohe-feiertage-von-trilo\/","name":"Frohe Feiertage von TRILO - TRILO Machines","isPartOf":{"@id":"https:\/\/www.trilo.com\/de\/#website"},"primaryImageOfPage":{"@id":"https:\/\/www.trilo.com\/de\/frohe-feiertage-von-trilo\/#primaryimage"},"image":{"@id":"https:\/\/www.trilo.com\/de\/frohe-feiertage-von-trilo\/#primaryimage"},"thumbnailUrl":"https:\/\/www.trilo.com\/wp-content\/uploads\/2023\/12\/trilo-happy-holidays.jpg","datePublished":"2023-12-18T08:23:21+00:00","dateModified":"2023-12-18T15:28:43+00:00","description":"TRILO\u00ae machines are designed and built in the Netherlands and partly in Asia. TRILO is sold in more than 46 countries. Our range consists of mowers, vacuum trailers, leaf blowers and verticutting units. Our machines are used among other things for the maintenance of sports facilities, turf nurseries, airports, cities and roads.","breadcrumb":{"@id":"https:\/\/www.trilo.com\/de\/frohe-feiertage-von-trilo\/#breadcrumb"},"inLanguage":"de","potentialAction":[{"@type":"ReadAction","target":["https:\/\/www.trilo.com\/de\/frohe-feiertage-von-trilo\/"]}]},{"@type":"ImageObject","inLanguage":"de","@id":"https:\/\/www.trilo.com\/de\/frohe-feiertage-von-trilo\/#primaryimage","url":"https:\/\/www.trilo.com\/wp-content\/uploads\/2023\/12\/trilo-happy-holidays.jpg","contentUrl":"https:\/\/www.trilo.com\/wp-content\/uploads\/2023\/12\/trilo-happy-holidays.jpg","width":1710,"height":962},{"@type":"BreadcrumbList","@id":"https:\/\/www.trilo.com\/de\/frohe-feiertage-von-trilo\/#breadcrumb","itemListElement":[{"@type":"ListItem","position":1,"name":"Home","item":"https:\/\/www.trilo.com\/de\/home-2\/"},{"@type":"ListItem","position":2,"name":"Frohe Feiertage von TRILO"}]},{"@type":"WebSite","@id":"https:\/\/www.trilo.com\/de\/#website","url":"https:\/\/www.trilo.com\/de\/","name":"TRILO Machines","description":"Improving our environment","publisher":{"@id":"https:\/\/www.trilo.com\/de\/#organization"},"potentialAction":[{"@type":"SearchAction","target":{"@type":"EntryPoint","urlTemplate":"https:\/\/www.trilo.com\/de\/?s={search_term_string}"},"query-input":{"@type":"PropertyValueSpecification","valueRequired":true,"valueName":"search_term_string"}}],"inLanguage":"de"},{"@type":"Organization","@id":"https:\/\/www.trilo.com\/de\/#organization","name":"TRILO Machines","url":"https:\/\/www.trilo.com\/de\/","logo":{"@type":"ImageObject","inLanguage":"de","@id":"https:\/\/www.trilo.com\/de\/#\/schema\/logo\/image\/","url":"https:\/\/www.trilo.com\/wp-content\/uploads\/2022\/09\/trilo-favicon.png","contentUrl":"https:\/\/www.trilo.com\/wp-content\/uploads\/2022\/09\/trilo-favicon.png","width":512,"height":512,"caption":"TRILO Machines"},"image":{"@id":"https:\/\/www.trilo.com\/de\/#\/schema\/logo\/image\/"},"sameAs":["https:\/\/www.facebook.com\/trilo.equipment","https:\/\/x.com\/trilo_equipment","https:\/\/www.instagram.com\/trilomachines\/"]}]}},"_links":{"self":[{"href":"https:\/\/www.trilo.com\/de\/wp-json\/wp\/v2\/pages\/9503","targetHints":{"allow":["GET"]}}],"collection":[{"href":"https:\/\/www.trilo.com\/de\/wp-json\/wp\/v2\/pages"}],"about":[{"href":"https:\/\/www.trilo.com\/de\/wp-json\/wp\/v2\/types\/page"}],"author":[{"embeddable":true,"href":"https:\/\/www.trilo.com\/de\/wp-json\/wp\/v2\/users\/1"}],"replies":[{"embeddable":true,"href":"https:\/\/www.trilo.com\/de\/wp-json\/wp\/v2\/comments?post=9503"}],"version-history":[{"count":2,"href":"https:\/\/www.trilo.com\/de\/wp-json\/wp\/v2\/pages\/9503\/revisions"}],"predecessor-version":[{"id":9508,"href":"https:\/\/www.trilo.com\/de\/wp-json\/wp\/v2\/pages\/9503\/revisions\/9508"}],"wp:featuredmedia":[{"embeddable":true,"href":"https:\/\/www.trilo.com\/de\/wp-json\/wp\/v2\/media\/9491"}],"wp:attachment":[{"href":"https:\/\/www.trilo.com\/de\/wp-json\/wp\/v2\/media?parent=9503"}],"curies":[{"name":"wp","href":"https:\/\/api.w.org\/{rel}","templated":true}]}}