{"id":4760,"date":"2022-10-23T13:21:39","date_gmt":"2022-10-23T11:21:39","guid":{"rendered":"https:\/\/www.trilo.com\/erklarungen\/bedienelemente\/"},"modified":"2025-05-19T10:38:05","modified_gmt":"2025-05-19T08:38:05","slug":"bedienelemente","status":"publish","type":"page","link":"https:\/\/www.trilo.com\/de\/erklarungen\/bedienelemente\/","title":{"rendered":"Bedienelemente"},"content":{"rendered":"\t\t<div data-elementor-type=\"wp-page\" data-elementor-id=\"4760\" class=\"elementor elementor-4760 elementor-3062\" data-elementor-post-type=\"page\">\n\t\t\t\t<div class=\"elementor-element elementor-element-aeb15c8 e-flex e-con-boxed e-con e-parent\" data-id=\"aeb15c8\" data-element_type=\"container\" data-e-type=\"container\" data-settings=\"{&quot;background_background&quot;:&quot;classic&quot;,&quot;shape_divider_bottom&quot;:&quot;tilt&quot;}\">\n\t\t\t\t\t<div class=\"e-con-inner\">\n\t\t\t\t<div class=\"elementor-shape elementor-shape-bottom\" aria-hidden=\"true\" data-negative=\"false\">\n\t\t\t<svg xmlns=\"http:\/\/www.w3.org\/2000\/svg\" viewBox=\"0 0 1000 100\" preserveAspectRatio=\"none\">\n\t<path class=\"elementor-shape-fill\" d=\"M0,6V0h1000v100L0,6z\"\/>\n<\/svg>\t\t<\/div>\n\t\t<div class=\"elementor-element elementor-element-81860fa e-con-full e-flex elementor-invisible e-con e-child\" data-id=\"81860fa\" data-element_type=\"container\" data-e-type=\"container\" data-settings=\"{&quot;animation&quot;:&quot;fadeInLeft&quot;}\">\n\t\t\t\t<div class=\"elementor-element elementor-element-f43191f elementor-widget__width-initial elementor-widget elementor-widget-heading\" data-id=\"f43191f\" data-element_type=\"widget\" data-e-type=\"widget\" data-widget_type=\"heading.default\">\n\t\t\t\t<div class=\"elementor-widget-container\">\n\t\t\t\t\t<h1 class=\"elementor-heading-title elementor-size-default\">Bedienelemente<\/h1>\t\t\t\t<\/div>\n\t\t\t\t<\/div>\n\t\t\t\t<div class=\"elementor-element elementor-element-0225cb0 elementor-widget__width-initial elementor-widget elementor-widget-text-editor\" data-id=\"0225cb0\" data-element_type=\"widget\" data-e-type=\"widget\" data-widget_type=\"text-editor.default\">\n\t\t\t\t<div class=\"elementor-widget-container\">\n\t\t\t\t\t\t\t\t\t<p>Steuerelemente zur Bedienung der Funktionen von TRILO Vakuumanh\u00e4ngern. Die verschiedenen Funktionen k\u00f6nnen auf unterschiedliche Weise bedient werden. <\/p>\t\t\t\t\t\t\t\t<\/div>\n\t\t\t\t<\/div>\n\t\t\t\t<\/div>\n\t\t\t\t\t<\/div>\n\t\t\t\t<\/div>\n\t\t<div class=\"elementor-element elementor-element-195aafe e-flex e-con-boxed e-con e-parent\" data-id=\"195aafe\" data-element_type=\"container\" data-e-type=\"container\" data-settings=\"{&quot;background_background&quot;:&quot;classic&quot;}\">\n\t\t\t\t\t<div class=\"e-con-inner\">\n\t\t<div class=\"elementor-element elementor-element-3ffe0e2 e-con-full e-flex e-con e-child\" data-id=\"3ffe0e2\" data-element_type=\"container\" data-e-type=\"container\">\n\t\t<div class=\"elementor-element elementor-element-1b677c0 e-con-full e-flex e-con e-child\" data-id=\"1b677c0\" data-element_type=\"container\" data-e-type=\"container\">\n\t\t\t\t<div class=\"elementor-element elementor-element-a79fc08 elementor-widget elementor-widget-image\" data-id=\"a79fc08\" data-element_type=\"widget\" data-e-type=\"widget\" data-widget_type=\"image.default\">\n\t\t\t\t<div class=\"elementor-widget-container\">\n\t\t\t\t\t\t\t\t\t\t\t\t\t\t\t<img fetchpriority=\"high\" decoding=\"async\" width=\"800\" height=\"450\" src=\"https:\/\/www.trilo.com\/wp-content\/uploads\/2022\/10\/joystick_perspectief-uitknip-1920x1080.jpg\" class=\"attachment-large size-large wp-image-3312\" alt=\"Joystick Controls\" srcset=\"https:\/\/www.trilo.com\/wp-content\/uploads\/2022\/10\/joystick_perspectief-uitknip.jpg.webp 1920w, https:\/\/www.trilo.com\/wp-content\/uploads\/2022\/10\/joystick_perspectief-uitknip-600x338.jpg.webp 600w, https:\/\/www.trilo.com\/wp-content\/uploads\/2022\/10\/joystick_perspectief-uitknip-320x180.jpg.webp 320w, https:\/\/www.trilo.com\/wp-content\/uploads\/2022\/10\/joystick_perspectief-uitknip-160x90.jpg.webp 160w, https:\/\/www.trilo.com\/wp-content\/uploads\/2022\/10\/joystick_perspectief-uitknip-768x432.jpg.webp 768w, https:\/\/www.trilo.com\/wp-content\/uploads\/2022\/10\/joystick_perspectief-uitknip-1536x864.jpg.webp 1536w\" sizes=\"(max-width: 800px) 100vw, 800px\" \/>\t\t\t\t\t\t\t\t\t\t\t\t\t\t\t<\/div>\n\t\t\t\t<\/div>\n\t\t<div class=\"elementor-element elementor-element-8a08f5b e-con-full e-flex e-con e-child\" data-id=\"8a08f5b\" data-element_type=\"container\" data-e-type=\"container\">\n\t\t\t\t<div class=\"elementor-element elementor-element-7636f74 elementor-widget elementor-widget-heading\" data-id=\"7636f74\" data-element_type=\"widget\" data-e-type=\"widget\" data-widget_type=\"heading.default\">\n\t\t\t\t<div class=\"elementor-widget-container\">\n\t\t\t\t\t<h1 class=\"elementor-heading-title elementor-size-default\">Compact Cab Controller<\/h1>\t\t\t\t<\/div>\n\t\t\t\t<\/div>\n\t\t\t\t<div class=\"elementor-element elementor-element-d798427 elementor-widget__width-initial elementor-widget elementor-widget-text-editor\" data-id=\"d798427\" data-element_type=\"widget\" data-e-type=\"widget\" data-widget_type=\"text-editor.default\">\n\t\t\t\t<div class=\"elementor-widget-container\">\n\t\t\t\t\t\t\t\t\t<p class=\"p1\">Alle Funktionen des TRILO Sauganh\u00e4ngers k\u00f6nnen von der Kabine aus gesteuert werden. Hierf\u00fcr wurde bei TRILO ein neues Bedienelement entwickelt.<\/p><p class=\"p1\">Dieses Bedienelement besteht aus einem 3-achsigen Joystick und einem grafischen Farbdisplay. Zur Gew\u00e4hrleistung von Benutzerfreundlichkeit und Effizienz erfolgt das Schalten zwischen den Funktionen einzig durch Ver\u00e4nderung der Modi auf dem Joystick. Zum Wechseln zwischen Kehrkopf und Schlauch oder zum Entladen ist es nicht mehr n\u00f6tig, die Fahrerkabine des Traktors zu verlassen.<\/p>\t\t\t\t\t\t\t\t<\/div>\n\t\t\t\t<\/div>\n\t\t\t\t<\/div>\n\t\t\t\t<\/div>\n\t\t<div class=\"elementor-element elementor-element-1738c4c e-con-full e-flex e-con e-child\" data-id=\"1738c4c\" data-element_type=\"container\" data-e-type=\"container\">\n\t\t\t\t<div class=\"elementor-element elementor-element-ffb9aea elementor-widget elementor-widget-image\" data-id=\"ffb9aea\" data-element_type=\"widget\" data-e-type=\"widget\" data-widget_type=\"image.default\">\n\t\t\t\t<div class=\"elementor-widget-container\">\n\t\t\t\t\t\t\t\t\t\t\t\t\t\t\t<img decoding=\"async\" width=\"800\" height=\"450\" src=\"https:\/\/www.trilo.com\/wp-content\/uploads\/2022\/10\/autec-1920x1080.jpg\" class=\"attachment-large size-large wp-image-3318\" alt=\"Radiocontrolled\" srcset=\"https:\/\/www.trilo.com\/wp-content\/uploads\/2022\/10\/autec.jpg.webp 1920w, https:\/\/www.trilo.com\/wp-content\/uploads\/2022\/10\/autec-600x338.jpg.webp 600w, https:\/\/www.trilo.com\/wp-content\/uploads\/2022\/10\/autec-320x180.jpg.webp 320w, https:\/\/www.trilo.com\/wp-content\/uploads\/2022\/10\/autec-160x90.jpg 160w, https:\/\/www.trilo.com\/wp-content\/uploads\/2022\/10\/autec-768x432.jpg.webp 768w, https:\/\/www.trilo.com\/wp-content\/uploads\/2022\/10\/autec-1536x864.jpg.webp 1536w\" sizes=\"(max-width: 800px) 100vw, 800px\" \/>\t\t\t\t\t\t\t\t\t\t\t\t\t\t\t<\/div>\n\t\t\t\t<\/div>\n\t\t<div class=\"elementor-element elementor-element-2da8575 e-con-full e-flex e-con e-child\" data-id=\"2da8575\" data-element_type=\"container\" data-e-type=\"container\">\n\t\t\t\t<div class=\"elementor-element elementor-element-d21e8ef elementor-widget elementor-widget-heading\" data-id=\"d21e8ef\" data-element_type=\"widget\" data-e-type=\"widget\" data-widget_type=\"heading.default\">\n\t\t\t\t<div class=\"elementor-widget-container\">\n\t\t\t\t\t<h1 class=\"elementor-heading-title elementor-size-default\">Funksteuerung<\/h1>\t\t\t\t<\/div>\n\t\t\t\t<\/div>\n\t\t\t\t<div class=\"elementor-element elementor-element-1b0e76c elementor-widget__width-initial elementor-widget elementor-widget-text-editor\" data-id=\"1b0e76c\" data-element_type=\"widget\" data-e-type=\"widget\" data-widget_type=\"text-editor.default\">\n\t\t\t\t<div class=\"elementor-widget-container\">\n\t\t\t\t\t\t\t\t\t<p class=\"p1\">Bei der Entleerung von Abfall-Unterflursystemen und M\u00fclleimern sowie beim Aufsammeln von M\u00fcll- oder Laubhaufen kann die Bedienung der Maschine \u00fcber eine drahtlose Steuerung erfolgen. Das elektrische System entspricht jenem der Compact Cab Control . Und es ist sogar m\u00f6glich, w\u00e4hrend der Arbeit mit dem Saugschlauch zwischen den beiden Bediensystemen zu wechseln.<\/p>\t\t\t\t\t\t\t\t<\/div>\n\t\t\t\t<\/div>\n\t\t\t\t<\/div>\n\t\t\t\t<\/div>\n\t\t<div class=\"elementor-element elementor-element-c375bb3 e-con-full e-flex e-con e-child\" data-id=\"c375bb3\" data-element_type=\"container\" data-e-type=\"container\">\n\t\t\t\t<div class=\"elementor-element elementor-element-44d4e15 elementor-widget elementor-widget-image\" data-id=\"44d4e15\" data-element_type=\"widget\" data-e-type=\"widget\" data-widget_type=\"image.default\">\n\t\t\t\t<div class=\"elementor-widget-container\">\n\t\t\t\t\t\t\t\t\t\t\t\t\t\t\t<img decoding=\"async\" width=\"800\" height=\"450\" src=\"https:\/\/www.trilo.com\/wp-content\/uploads\/2022\/10\/HI-Operator-GUI-1920x1080.jpg\" class=\"attachment-large size-large wp-image-2757\" alt=\"\" srcset=\"https:\/\/www.trilo.com\/wp-content\/uploads\/2022\/10\/HI-Operator-GUI.jpg.webp 1920w, https:\/\/www.trilo.com\/wp-content\/uploads\/2022\/10\/HI-Operator-GUI-600x338.jpg.webp 600w, https:\/\/www.trilo.com\/wp-content\/uploads\/2022\/10\/HI-Operator-GUI-320x180.jpg.webp 320w, https:\/\/www.trilo.com\/wp-content\/uploads\/2022\/10\/HI-Operator-GUI-160x90.jpg.webp 160w, https:\/\/www.trilo.com\/wp-content\/uploads\/2022\/10\/HI-Operator-GUI-768x432.jpg.webp 768w, https:\/\/www.trilo.com\/wp-content\/uploads\/2022\/10\/HI-Operator-GUI-1536x864.jpg.webp 1536w\" sizes=\"(max-width: 800px) 100vw, 800px\" \/>\t\t\t\t\t\t\t\t\t\t\t\t\t\t\t<\/div>\n\t\t\t\t<\/div>\n\t\t<div class=\"elementor-element elementor-element-1d92fbf e-con-full e-flex e-con e-child\" data-id=\"1d92fbf\" data-element_type=\"container\" data-e-type=\"container\">\n\t\t\t\t<div class=\"elementor-element elementor-element-727e5f0 elementor-widget elementor-widget-heading\" data-id=\"727e5f0\" data-element_type=\"widget\" data-e-type=\"widget\" data-widget_type=\"heading.default\">\n\t\t\t\t<div class=\"elementor-widget-container\">\n\t\t\t\t\t<h1 class=\"elementor-heading-title elementor-size-default\">Direkte Steuerung vom Traktor aus<\/h1>\t\t\t\t<\/div>\n\t\t\t\t<\/div>\n\t\t\t\t<div class=\"elementor-element elementor-element-adca7e9 elementor-widget__width-initial elementor-widget elementor-widget-text-editor\" data-id=\"adca7e9\" data-element_type=\"widget\" data-e-type=\"widget\" data-widget_type=\"text-editor.default\">\n\t\t\t\t<div class=\"elementor-widget-container\">\n\t\t\t\t\t\t\t\t\t<p class=\"p1\">Werden nur wenige Funktionen ben\u00f6tigt und verf\u00fcgt der Traktor \u00fcber ausreichend Hydraulikanschl\u00fcsse, ist es m\u00f6glich, die Maschine \u00fcber die Hydraulik des Traktors zu steuern. Es entgehen Ihnen dann jedoch leider viele praktische Funktionen und Meldungen, die normalerweise \u00fcber die Cab Control zur Verf\u00fcgung stehen.<\/p>\t\t\t\t\t\t\t\t<\/div>\n\t\t\t\t<\/div>\n\t\t\t\t<\/div>\n\t\t\t\t<\/div>\n\t\t\t\t<\/div>\n\t\t\t\t\t<\/div>\n\t\t\t\t<\/div>\n\t\t<div class=\"elementor-element elementor-element-3c99ea3 e-flex e-con-boxed e-con e-parent\" data-id=\"3c99ea3\" data-element_type=\"container\" data-e-type=\"container\" data-settings=\"{&quot;background_background&quot;:&quot;classic&quot;,&quot;shape_divider_top&quot;:&quot;tilt&quot;}\">\n\t\t\t\t\t<div class=\"e-con-inner\">\n\t\t\t\t<div class=\"elementor-shape elementor-shape-top\" aria-hidden=\"true\" data-negative=\"false\">\n\t\t\t<svg xmlns=\"http:\/\/www.w3.org\/2000\/svg\" viewBox=\"0 0 1000 100\" preserveAspectRatio=\"none\">\n\t<path class=\"elementor-shape-fill\" d=\"M0,6V0h1000v100L0,6z\"\/>\n<\/svg>\t\t<\/div>\n\t\t<div class=\"elementor-element elementor-element-d03a140 e-con-full e-flex e-con e-child\" data-id=\"d03a140\" data-element_type=\"container\" data-e-type=\"container\">\n\t\t\t\t<div class=\"elementor-element elementor-element-735b6db elementor-widget elementor-widget-heading\" data-id=\"735b6db\" data-element_type=\"widget\" data-e-type=\"widget\" data-widget_type=\"heading.default\">\n\t\t\t\t<div class=\"elementor-widget-container\">\n\t\t\t\t\t<h1 class=\"elementor-heading-title elementor-size-default\">Wir sind hier, um zu helfen<\/h1>\t\t\t\t<\/div>\n\t\t\t\t<\/div>\n\t\t\t\t<div class=\"elementor-element elementor-element-a7c8eae elementor-widget__width-initial elementor-widget elementor-widget-text-editor\" data-id=\"a7c8eae\" data-element_type=\"widget\" data-e-type=\"widget\" data-widget_type=\"text-editor.default\">\n\t\t\t\t<div class=\"elementor-widget-container\">\n\t\t\t\t\t\t\t\t\t<p class=\"p1\">Haben Sie eine Frage oder brauchen Sie einen Rat? Unser Team ist immer bereit, Ihnen zu helfen. Egal, ob Sie Produktinformationen, Unterst\u00fctzung oder einfach nur ein paar Expertenmeinungen ben\u00f6tigen &#8211; wir sind nur eine Nachricht entfernt.  <\/p>\t\t\t\t\t\t\t\t<\/div>\n\t\t\t\t<\/div>\n\t\t<div class=\"elementor-element elementor-element-28089fa e-con-full e-flex e-con e-child\" data-id=\"28089fa\" data-element_type=\"container\" data-e-type=\"container\">\n\t\t\t\t<div class=\"elementor-element elementor-element-0d9d630 elementor-mobile-align-justify elementor-widget elementor-widget-button\" data-id=\"0d9d630\" data-element_type=\"widget\" data-e-type=\"widget\" data-widget_type=\"button.default\">\n\t\t\t\t<div class=\"elementor-widget-container\">\n\t\t\t\t\t\t\t\t\t<div class=\"elementor-button-wrapper\">\n\t\t\t\t\t<a class=\"elementor-button elementor-button-link elementor-size-sm\" href=\"https:\/\/www.trilo.com\/de\/kontakt\/\">\n\t\t\t\t\t\t<span class=\"elementor-button-content-wrapper\">\n\t\t\t\t\t\t\t\t\t<span class=\"elementor-button-text\">  Kontakt<\/span>\n\t\t\t\t\t<\/span>\n\t\t\t\t\t<\/a>\n\t\t\t\t<\/div>\n\t\t\t\t\t\t\t\t<\/div>\n\t\t\t\t<\/div>\n\t\t\t\t<div class=\"elementor-element elementor-element-12f582e elementor-icon-list--layout-traditional elementor-list-item-link-full_width elementor-widget elementor-widget-icon-list\" data-id=\"12f582e\" data-element_type=\"widget\" data-e-type=\"widget\" data-widget_type=\"icon-list.default\">\n\t\t\t\t<div class=\"elementor-widget-container\">\n\t\t\t\t\t\t\t<ul class=\"elementor-icon-list-items\">\n\t\t\t\t\t\t\t<li class=\"elementor-icon-list-item\">\n\t\t\t\t\t\t\t\t\t\t\t<span class=\"elementor-icon-list-icon\">\n\t\t\t\t\t\t\t<svg xmlns=\"http:\/\/www.w3.org\/2000\/svg\" width=\"24\" height=\"24\" viewBox=\"0 0 24 24\" fill=\"none\" stroke=\"#fff\" stroke-width=\"2\" stroke-linecap=\"round\" stroke-linejoin=\"round\" class=\"feather feather-chevron-right\"><polyline points=\"9 18 15 12 9 6\"><\/polyline><\/svg>\t\t\t\t\t\t<\/span>\n\t\t\t\t\t\t\t\t\t\t<span class=\"elementor-icon-list-text\">+31 (0)33 4564 432<\/span>\n\t\t\t\t\t\t\t\t\t<\/li>\n\t\t\t\t\t\t<\/ul>\n\t\t\t\t\t\t<\/div>\n\t\t\t\t<\/div>\n\t\t\t\t<\/div>\n\t\t\t\t<\/div>\n\t\t\t\t\t<\/div>\n\t\t\t\t<\/div>\n\t\t\t\t<\/div>\n\t\t","protected":false},"excerpt":{"rendered":"<p>Bedienelemente Steuerelemente zur Bedienung der Funktionen von TRILO Vakuumanh\u00e4ngern. Die verschiedenen Funktionen k\u00f6nnen auf unterschiedliche Weise bedient werden. Compact Cab Controller Alle Funktionen des TRILO Sauganh\u00e4ngers k\u00f6nnen von der Kabine aus gesteuert werden. Hierf\u00fcr wurde bei TRILO ein neues Bedienelement entwickelt. Dieses Bedienelement besteht aus einem 3-achsigen Joystick und einem grafischen Farbdisplay. Zur Gew\u00e4hrleistung von [&hellip;]<\/p>\n","protected":false},"author":1,"featured_media":0,"parent":4722,"menu_order":0,"comment_status":"closed","ping_status":"closed","template":"elementor_header_footer","meta":{"_acf_changed":false,"iawp_total_views":92,"footnotes":""},"class_list":["post-4760","page","type-page","status-publish","hentry"],"acf":[],"yoast_head":"<!-- This site is optimized with the Yoast SEO plugin v27.4 - https:\/\/yoast.com\/product\/yoast-seo-wordpress\/ -->\n<title>Steuerungen f\u00fcr TRILO Vakuum-Anh\u00e4nger | TRILO Maschinen<\/title>\n<meta name=\"description\" content=\"Steuerungen f\u00fcr TRILO-Vakuum-Anh\u00e4nger: F\u00fcr die Steuerung der verschiedenen Funktionen stehen mehrere Arten von Steuerungen zur Verf\u00fcgung. Lesen Sie mehr!\" \/>\n<meta name=\"robots\" content=\"index, follow, max-snippet:-1, max-image-preview:large, max-video-preview:-1\" \/>\n<link rel=\"canonical\" href=\"https:\/\/www.trilo.com\/de\/erklarungen\/bedienelemente\/\" \/>\n<meta property=\"og:locale\" content=\"de_DE\" \/>\n<meta property=\"og:type\" content=\"article\" \/>\n<meta property=\"og:title\" content=\"Steuerungen f\u00fcr TRILO Vakuum-Anh\u00e4nger | TRILO Maschinen\" \/>\n<meta property=\"og:description\" content=\"Steuerungen f\u00fcr TRILO-Vakuum-Anh\u00e4nger: F\u00fcr die Steuerung der verschiedenen Funktionen stehen mehrere Arten von Steuerungen zur Verf\u00fcgung. Lesen Sie mehr!\" \/>\n<meta property=\"og:url\" content=\"https:\/\/www.trilo.com\/de\/erklarungen\/bedienelemente\/\" \/>\n<meta property=\"og:site_name\" content=\"TRILO Machines\" \/>\n<meta property=\"article:publisher\" content=\"https:\/\/www.facebook.com\/trilo.equipment\" \/>\n<meta property=\"article:modified_time\" content=\"2025-05-19T08:38:05+00:00\" \/>\n<meta property=\"og:image\" content=\"https:\/\/www.trilo.com\/wp-content\/uploads\/2022\/10\/joystick_perspectief-uitknip-1920x1080.jpg\" \/>\n<meta name=\"twitter:card\" content=\"summary_large_image\" \/>\n<meta name=\"twitter:site\" content=\"@trilo_equipment\" \/>\n<meta name=\"twitter:label1\" content=\"Gesch\u00e4tzte Lesezeit\" \/>\n\t<meta name=\"twitter:data1\" content=\"2\u00a0Minuten\" \/>\n<script type=\"application\/ld+json\" class=\"yoast-schema-graph\">{\"@context\":\"https:\\\/\\\/schema.org\",\"@graph\":[{\"@type\":\"WebPage\",\"@id\":\"https:\\\/\\\/www.trilo.com\\\/de\\\/erklarungen\\\/bedienelemente\\\/\",\"url\":\"https:\\\/\\\/www.trilo.com\\\/de\\\/erklarungen\\\/bedienelemente\\\/\",\"name\":\"Steuerungen f\u00fcr TRILO Vakuum-Anh\u00e4nger | TRILO Maschinen\",\"isPartOf\":{\"@id\":\"https:\\\/\\\/www.trilo.com\\\/de\\\/#website\"},\"primaryImageOfPage\":{\"@id\":\"https:\\\/\\\/www.trilo.com\\\/de\\\/erklarungen\\\/bedienelemente\\\/#primaryimage\"},\"image\":{\"@id\":\"https:\\\/\\\/www.trilo.com\\\/de\\\/erklarungen\\\/bedienelemente\\\/#primaryimage\"},\"thumbnailUrl\":\"https:\\\/\\\/www.trilo.com\\\/wp-content\\\/uploads\\\/2022\\\/10\\\/joystick_perspectief-uitknip-1920x1080.jpg\",\"datePublished\":\"2022-10-23T11:21:39+00:00\",\"dateModified\":\"2025-05-19T08:38:05+00:00\",\"description\":\"Steuerungen f\u00fcr TRILO-Vakuum-Anh\u00e4nger: F\u00fcr die Steuerung der verschiedenen Funktionen stehen mehrere Arten von Steuerungen zur Verf\u00fcgung. Lesen Sie mehr!\",\"breadcrumb\":{\"@id\":\"https:\\\/\\\/www.trilo.com\\\/de\\\/erklarungen\\\/bedienelemente\\\/#breadcrumb\"},\"inLanguage\":\"de\",\"potentialAction\":[{\"@type\":\"ReadAction\",\"target\":[\"https:\\\/\\\/www.trilo.com\\\/de\\\/erklarungen\\\/bedienelemente\\\/\"]}]},{\"@type\":\"ImageObject\",\"inLanguage\":\"de\",\"@id\":\"https:\\\/\\\/www.trilo.com\\\/de\\\/erklarungen\\\/bedienelemente\\\/#primaryimage\",\"url\":\"https:\\\/\\\/www.trilo.com\\\/wp-content\\\/uploads\\\/2022\\\/10\\\/joystick_perspectief-uitknip-1920x1080.jpg\",\"contentUrl\":\"https:\\\/\\\/www.trilo.com\\\/wp-content\\\/uploads\\\/2022\\\/10\\\/joystick_perspectief-uitknip-1920x1080.jpg\"},{\"@type\":\"BreadcrumbList\",\"@id\":\"https:\\\/\\\/www.trilo.com\\\/de\\\/erklarungen\\\/bedienelemente\\\/#breadcrumb\",\"itemListElement\":[{\"@type\":\"ListItem\",\"position\":1,\"name\":\"Home\",\"item\":\"https:\\\/\\\/www.trilo.com\\\/de\\\/home-2\\\/\"},{\"@type\":\"ListItem\",\"position\":2,\"name\":\"Erkl\u00e4rungen\",\"item\":\"https:\\\/\\\/www.trilo.com\\\/de\\\/explanations\\\/\"},{\"@type\":\"ListItem\",\"position\":3,\"name\":\"Bedienelemente\"}]},{\"@type\":\"WebSite\",\"@id\":\"https:\\\/\\\/www.trilo.com\\\/de\\\/#website\",\"url\":\"https:\\\/\\\/www.trilo.com\\\/de\\\/\",\"name\":\"TRILO Machines\",\"description\":\"Improving our environment\",\"publisher\":{\"@id\":\"https:\\\/\\\/www.trilo.com\\\/de\\\/#organization\"},\"potentialAction\":[{\"@type\":\"SearchAction\",\"target\":{\"@type\":\"EntryPoint\",\"urlTemplate\":\"https:\\\/\\\/www.trilo.com\\\/de\\\/?s={search_term_string}\"},\"query-input\":{\"@type\":\"PropertyValueSpecification\",\"valueRequired\":true,\"valueName\":\"search_term_string\"}}],\"inLanguage\":\"de\"},{\"@type\":\"Organization\",\"@id\":\"https:\\\/\\\/www.trilo.com\\\/de\\\/#organization\",\"name\":\"TRILO Machines\",\"url\":\"https:\\\/\\\/www.trilo.com\\\/de\\\/\",\"logo\":{\"@type\":\"ImageObject\",\"inLanguage\":\"de\",\"@id\":\"https:\\\/\\\/www.trilo.com\\\/de\\\/#\\\/schema\\\/logo\\\/image\\\/\",\"url\":\"https:\\\/\\\/www.trilo.com\\\/wp-content\\\/uploads\\\/2022\\\/09\\\/trilo-favicon.png\",\"contentUrl\":\"https:\\\/\\\/www.trilo.com\\\/wp-content\\\/uploads\\\/2022\\\/09\\\/trilo-favicon.png\",\"width\":512,\"height\":512,\"caption\":\"TRILO Machines\"},\"image\":{\"@id\":\"https:\\\/\\\/www.trilo.com\\\/de\\\/#\\\/schema\\\/logo\\\/image\\\/\"},\"sameAs\":[\"https:\\\/\\\/www.facebook.com\\\/trilo.equipment\",\"https:\\\/\\\/x.com\\\/trilo_equipment\",\"https:\\\/\\\/www.instagram.com\\\/trilomachines\\\/\"]}]}<\/script>\n<!-- \/ Yoast SEO plugin. -->","yoast_head_json":{"title":"Steuerungen f\u00fcr TRILO Vakuum-Anh\u00e4nger | TRILO Maschinen","description":"Steuerungen f\u00fcr TRILO-Vakuum-Anh\u00e4nger: F\u00fcr die Steuerung der verschiedenen Funktionen stehen mehrere Arten von Steuerungen zur Verf\u00fcgung. Lesen Sie mehr!","robots":{"index":"index","follow":"follow","max-snippet":"max-snippet:-1","max-image-preview":"max-image-preview:large","max-video-preview":"max-video-preview:-1"},"canonical":"https:\/\/www.trilo.com\/de\/erklarungen\/bedienelemente\/","og_locale":"de_DE","og_type":"article","og_title":"Steuerungen f\u00fcr TRILO Vakuum-Anh\u00e4nger | TRILO Maschinen","og_description":"Steuerungen f\u00fcr TRILO-Vakuum-Anh\u00e4nger: F\u00fcr die Steuerung der verschiedenen Funktionen stehen mehrere Arten von Steuerungen zur Verf\u00fcgung. Lesen Sie mehr!","og_url":"https:\/\/www.trilo.com\/de\/erklarungen\/bedienelemente\/","og_site_name":"TRILO Machines","article_publisher":"https:\/\/www.facebook.com\/trilo.equipment","article_modified_time":"2025-05-19T08:38:05+00:00","og_image":[{"url":"https:\/\/www.trilo.com\/wp-content\/uploads\/2022\/10\/joystick_perspectief-uitknip-1920x1080.jpg","type":"","width":"","height":""}],"twitter_card":"summary_large_image","twitter_site":"@trilo_equipment","twitter_misc":{"Gesch\u00e4tzte Lesezeit":"2\u00a0Minuten"},"schema":{"@context":"https:\/\/schema.org","@graph":[{"@type":"WebPage","@id":"https:\/\/www.trilo.com\/de\/erklarungen\/bedienelemente\/","url":"https:\/\/www.trilo.com\/de\/erklarungen\/bedienelemente\/","name":"Steuerungen f\u00fcr TRILO Vakuum-Anh\u00e4nger | TRILO Maschinen","isPartOf":{"@id":"https:\/\/www.trilo.com\/de\/#website"},"primaryImageOfPage":{"@id":"https:\/\/www.trilo.com\/de\/erklarungen\/bedienelemente\/#primaryimage"},"image":{"@id":"https:\/\/www.trilo.com\/de\/erklarungen\/bedienelemente\/#primaryimage"},"thumbnailUrl":"https:\/\/www.trilo.com\/wp-content\/uploads\/2022\/10\/joystick_perspectief-uitknip-1920x1080.jpg","datePublished":"2022-10-23T11:21:39+00:00","dateModified":"2025-05-19T08:38:05+00:00","description":"Steuerungen f\u00fcr TRILO-Vakuum-Anh\u00e4nger: F\u00fcr die Steuerung der verschiedenen Funktionen stehen mehrere Arten von Steuerungen zur Verf\u00fcgung. Lesen Sie mehr!","breadcrumb":{"@id":"https:\/\/www.trilo.com\/de\/erklarungen\/bedienelemente\/#breadcrumb"},"inLanguage":"de","potentialAction":[{"@type":"ReadAction","target":["https:\/\/www.trilo.com\/de\/erklarungen\/bedienelemente\/"]}]},{"@type":"ImageObject","inLanguage":"de","@id":"https:\/\/www.trilo.com\/de\/erklarungen\/bedienelemente\/#primaryimage","url":"https:\/\/www.trilo.com\/wp-content\/uploads\/2022\/10\/joystick_perspectief-uitknip-1920x1080.jpg","contentUrl":"https:\/\/www.trilo.com\/wp-content\/uploads\/2022\/10\/joystick_perspectief-uitknip-1920x1080.jpg"},{"@type":"BreadcrumbList","@id":"https:\/\/www.trilo.com\/de\/erklarungen\/bedienelemente\/#breadcrumb","itemListElement":[{"@type":"ListItem","position":1,"name":"Home","item":"https:\/\/www.trilo.com\/de\/home-2\/"},{"@type":"ListItem","position":2,"name":"Erkl\u00e4rungen","item":"https:\/\/www.trilo.com\/de\/explanations\/"},{"@type":"ListItem","position":3,"name":"Bedienelemente"}]},{"@type":"WebSite","@id":"https:\/\/www.trilo.com\/de\/#website","url":"https:\/\/www.trilo.com\/de\/","name":"TRILO Machines","description":"Improving our environment","publisher":{"@id":"https:\/\/www.trilo.com\/de\/#organization"},"potentialAction":[{"@type":"SearchAction","target":{"@type":"EntryPoint","urlTemplate":"https:\/\/www.trilo.com\/de\/?s={search_term_string}"},"query-input":{"@type":"PropertyValueSpecification","valueRequired":true,"valueName":"search_term_string"}}],"inLanguage":"de"},{"@type":"Organization","@id":"https:\/\/www.trilo.com\/de\/#organization","name":"TRILO Machines","url":"https:\/\/www.trilo.com\/de\/","logo":{"@type":"ImageObject","inLanguage":"de","@id":"https:\/\/www.trilo.com\/de\/#\/schema\/logo\/image\/","url":"https:\/\/www.trilo.com\/wp-content\/uploads\/2022\/09\/trilo-favicon.png","contentUrl":"https:\/\/www.trilo.com\/wp-content\/uploads\/2022\/09\/trilo-favicon.png","width":512,"height":512,"caption":"TRILO Machines"},"image":{"@id":"https:\/\/www.trilo.com\/de\/#\/schema\/logo\/image\/"},"sameAs":["https:\/\/www.facebook.com\/trilo.equipment","https:\/\/x.com\/trilo_equipment","https:\/\/www.instagram.com\/trilomachines\/"]}]}},"_links":{"self":[{"href":"https:\/\/www.trilo.com\/de\/wp-json\/wp\/v2\/pages\/4760","targetHints":{"allow":["GET"]}}],"collection":[{"href":"https:\/\/www.trilo.com\/de\/wp-json\/wp\/v2\/pages"}],"about":[{"href":"https:\/\/www.trilo.com\/de\/wp-json\/wp\/v2\/types\/page"}],"author":[{"embeddable":true,"href":"https:\/\/www.trilo.com\/de\/wp-json\/wp\/v2\/users\/1"}],"replies":[{"embeddable":true,"href":"https:\/\/www.trilo.com\/de\/wp-json\/wp\/v2\/comments?post=4760"}],"version-history":[{"count":9,"href":"https:\/\/www.trilo.com\/de\/wp-json\/wp\/v2\/pages\/4760\/revisions"}],"predecessor-version":[{"id":13467,"href":"https:\/\/www.trilo.com\/de\/wp-json\/wp\/v2\/pages\/4760\/revisions\/13467"}],"up":[{"embeddable":true,"href":"https:\/\/www.trilo.com\/de\/wp-json\/wp\/v2\/pages\/4722"}],"wp:attachment":[{"href":"https:\/\/www.trilo.com\/de\/wp-json\/wp\/v2\/media?parent=4760"}],"curies":[{"name":"wp","href":"https:\/\/api.w.org\/{rel}","templated":true}]}}