{"id":4756,"date":"2022-10-23T22:57:10","date_gmt":"2022-10-23T20:57:10","guid":{"rendered":"https:\/\/www.trilo.com\/erklarungen\/saugduese\/"},"modified":"2025-05-19T10:47:59","modified_gmt":"2025-05-19T08:47:59","slug":"saugduese","status":"publish","type":"page","link":"https:\/\/www.trilo.com\/de\/erklarungen\/saugduese\/","title":{"rendered":"Saugd\u00fcse"},"content":{"rendered":"\t\t<div data-elementor-type=\"wp-page\" data-elementor-id=\"4756\" class=\"elementor elementor-4756 elementor-3115\" data-elementor-post-type=\"page\">\n\t\t\t\t<div class=\"elementor-element elementor-element-e42c34c e-flex e-con-boxed e-con e-parent\" data-id=\"e42c34c\" data-element_type=\"container\" data-e-type=\"container\" data-settings=\"{&quot;background_background&quot;:&quot;classic&quot;,&quot;shape_divider_bottom&quot;:&quot;tilt&quot;}\">\n\t\t\t\t\t<div class=\"e-con-inner\">\n\t\t\t\t<div class=\"elementor-shape elementor-shape-bottom\" aria-hidden=\"true\" data-negative=\"false\">\n\t\t\t<svg xmlns=\"http:\/\/www.w3.org\/2000\/svg\" viewBox=\"0 0 1000 100\" preserveAspectRatio=\"none\">\n\t<path class=\"elementor-shape-fill\" d=\"M0,6V0h1000v100L0,6z\"\/>\n<\/svg>\t\t<\/div>\n\t\t<div class=\"elementor-element elementor-element-b44a2fc e-con-full e-flex elementor-invisible e-con e-child\" data-id=\"b44a2fc\" data-element_type=\"container\" data-e-type=\"container\" data-settings=\"{&quot;animation&quot;:&quot;fadeInLeft&quot;}\">\n\t\t\t\t<div class=\"elementor-element elementor-element-b27db5d elementor-widget__width-initial elementor-widget elementor-widget-heading\" data-id=\"b27db5d\" data-element_type=\"widget\" data-e-type=\"widget\" data-widget_type=\"heading.default\">\n\t\t\t\t<div class=\"elementor-widget-container\">\n\t\t\t\t\t<h1 class=\"elementor-heading-title elementor-size-default\">Absaughaube<\/h1>\t\t\t\t<\/div>\n\t\t\t\t<\/div>\n\t\t\t\t<\/div>\n\t\t\t\t\t<\/div>\n\t\t\t\t<\/div>\n\t\t<div class=\"elementor-element elementor-element-b805519 e-flex e-con-boxed e-con e-parent\" data-id=\"b805519\" data-element_type=\"container\" data-e-type=\"container\" data-settings=\"{&quot;background_background&quot;:&quot;classic&quot;}\">\n\t\t\t\t\t<div class=\"e-con-inner\">\n\t\t<div class=\"elementor-element elementor-element-a1ebd73 e-con-full e-flex e-con e-child\" data-id=\"a1ebd73\" data-element_type=\"container\" data-e-type=\"container\">\n\t\t\t\t<div class=\"elementor-element elementor-element-ff34e5f elementor-widget__width-initial elementor-widget elementor-widget-text-editor\" data-id=\"ff34e5f\" data-element_type=\"widget\" data-e-type=\"widget\" data-widget_type=\"text-editor.default\">\n\t\t\t\t<div class=\"elementor-widget-container\">\n\t\t\t\t\t\t\t\t\t<p>Die Saugd\u00fcse ist die mittig unter dem Wagen angebrachte Saugd\u00fcse, in der <a href=\"https:\/\/www.trilo.com\/de\/erklarungen\/austauschbare-arbeitswellen\/\" target=\"_blank\" rel=\"noopener\">Arbeitswalzen<\/a> montiert werden k\u00f6nnen. Je nach montierter Welle kann ein TRILO Vakuumanh\u00e4nger:<\/p>\t\t\t\t\t\t\t\t<\/div>\n\t\t\t\t<\/div>\n\t\t\t\t<div class=\"elementor-element elementor-element-aa9f6f6 elementor-align-start elementor-icon-list--layout-traditional elementor-list-item-link-full_width elementor-widget elementor-widget-icon-list\" data-id=\"aa9f6f6\" data-element_type=\"widget\" data-e-type=\"widget\" data-widget_type=\"icon-list.default\">\n\t\t\t\t<div class=\"elementor-widget-container\">\n\t\t\t\t\t\t\t<ul class=\"elementor-icon-list-items\">\n\t\t\t\t\t\t\t<li class=\"elementor-icon-list-item\">\n\t\t\t\t\t\t\t\t\t\t\t<a href=\"#\">\n\n\t\t\t\t\t\t\t\t\t\t\t\t<span class=\"elementor-icon-list-icon\">\n\t\t\t\t\t\t\t<svg xmlns=\"http:\/\/www.w3.org\/2000\/svg\" width=\"24\" height=\"24\" viewBox=\"0 0 24 24\" fill=\"none\" stroke=\"#FF3300\" stroke-width=\"1.5\" stroke-linecap=\"round\" stroke-linejoin=\"round\" class=\"feather feather-check\"><polyline points=\"20 6 9 17 4 12\"><\/polyline><\/svg>\t\t\t\t\t\t<\/span>\n\t\t\t\t\t\t\t\t\t\t<span class=\"elementor-icon-list-text\">Kehren und sammeln<\/span>\n\t\t\t\t\t\t\t\t\t\t\t<\/a>\n\t\t\t\t\t\t\t\t\t<\/li>\n\t\t\t\t\t\t\t\t<li class=\"elementor-icon-list-item\">\n\t\t\t\t\t\t\t\t\t\t\t<a href=\"#\">\n\n\t\t\t\t\t\t\t\t\t\t\t\t<span class=\"elementor-icon-list-icon\">\n\t\t\t\t\t\t\t<svg xmlns=\"http:\/\/www.w3.org\/2000\/svg\" width=\"24\" height=\"24\" viewBox=\"0 0 24 24\" fill=\"none\" stroke=\"#FF3300\" stroke-width=\"1.5\" stroke-linecap=\"round\" stroke-linejoin=\"round\" class=\"feather feather-check\"><polyline points=\"20 6 9 17 4 12\"><\/polyline><\/svg>\t\t\t\t\t\t<\/span>\n\t\t\t\t\t\t\t\t\t\t<span class=\"elementor-icon-list-text\">Vertikutieren und sammeln<\/span>\n\t\t\t\t\t\t\t\t\t\t\t<\/a>\n\t\t\t\t\t\t\t\t\t<\/li>\n\t\t\t\t\t\t\t\t<li class=\"elementor-icon-list-item\">\n\t\t\t\t\t\t\t\t\t\t\t<a href=\"#\">\n\n\t\t\t\t\t\t\t\t\t\t\t\t<span class=\"elementor-icon-list-icon\">\n\t\t\t\t\t\t\t<svg xmlns=\"http:\/\/www.w3.org\/2000\/svg\" width=\"24\" height=\"24\" viewBox=\"0 0 24 24\" fill=\"none\" stroke=\"#FF3300\" stroke-width=\"1.5\" stroke-linecap=\"round\" stroke-linejoin=\"round\" class=\"feather feather-check\"><polyline points=\"20 6 9 17 4 12\"><\/polyline><\/svg>\t\t\t\t\t\t<\/span>\n\t\t\t\t\t\t\t\t\t\t<span class=\"elementor-icon-list-text\">M\u00e4hen und sammeln<\/span>\n\t\t\t\t\t\t\t\t\t\t\t<\/a>\n\t\t\t\t\t\t\t\t\t<\/li>\n\t\t\t\t\t\t<\/ul>\n\t\t\t\t\t\t<\/div>\n\t\t\t\t<\/div>\n\t\t\t\t<div class=\"elementor-element elementor-element-06258d4 elementor-widget elementor-widget-heading\" data-id=\"06258d4\" data-element_type=\"widget\" data-e-type=\"widget\" data-widget_type=\"heading.default\">\n\t\t\t\t<div class=\"elementor-widget-container\">\n\t\t\t\t\t<h1 class=\"elementor-heading-title elementor-size-default\">\n  Erh\u00e4ltlich mit mechanischem und hydraulischem Antriebsstrang<\/h1>\t\t\t\t<\/div>\n\t\t\t\t<\/div>\n\t\t\t\t<div class=\"elementor-element elementor-element-ca3b313 elementor-widget__width-initial elementor-widget elementor-widget-text-editor\" data-id=\"ca3b313\" data-element_type=\"widget\" data-e-type=\"widget\" data-widget_type=\"text-editor.default\">\n\t\t\t\t<div class=\"elementor-widget-container\">\n\t\t\t\t\t\t\t\t\t<p>Zum Aufsammeln von Grasschnitt, Laub, Schutt und anderen feinen Materialien ist die Verwendung einer B\u00fcrstenwelle in Kombination mit dem TRILO Saugsystem die beste L\u00f6sung. Der einfachste Antrieb besteht aus einem Hydraulikmotor, der direkt auf dem Kehrkopf montiert ist und durch das Hydrauliksystem des Traktors angetrieben wird. Dies ist bis zu einer Arbeitsbreite von 3 m m\u00f6glich.<\/p><p>Eine andere Option ist, die Arbeitswalze mechanisch durch die Zapfwelle des Traktors anzutreiben. Dadurch ist eine gr\u00f6\u00dfere Kraft\u00fcbertragung m\u00f6glich und es k\u00f6nnen M\u00e4h- und Vertikutierwalzen im Kehrkopf montiert werden. Dies ist bis zu einer Arbeitsbreite von 2,1 m m\u00f6glich.<\/p><p>Zum Aufsammeln von Grasresten auf gro\u00dfen Fl\u00e4chen, zum Beispiel auf Rasenfeldern in der <a href=\"https:\/\/www.trilo.com\/de\/markte\/rollrasenindustrie\/\">Rollrasenindustrie<\/a>, kann die Maschine beidseitig mit mechanisch angetriebenen, hochklappbaren Auslegern ausger\u00fcstet werden, die eine Arbeitsbreite von 6 oder 7,8 m erm\u00f6glichen.<\/p><p>Gelegentlich kann es vorkommen, dass f\u00fcr das Aufsammeln sehr gro\u00dfer Abf\u00e4lle eine Saugd\u00fcse ohne Arbeitswalze zur Anwendung kommt.<\/p>\t\t\t\t\t\t\t\t<\/div>\n\t\t\t\t<\/div>\n\t\t\t\t<div class=\"elementor-element elementor-element-7a0b3c5 elementor-widget elementor-widget-image\" data-id=\"7a0b3c5\" data-element_type=\"widget\" data-e-type=\"widget\" data-widget_type=\"image.default\">\n\t\t\t\t<div class=\"elementor-widget-container\">\n\t\t\t\t\t\t\t\t\t\t\t\t\t\t\t<img fetchpriority=\"high\" decoding=\"async\" width=\"480\" height=\"215\" src=\"https:\/\/www.trilo.com\/wp-content\/uploads\/2022\/10\/sweeping-suction-hood.jpg\" class=\"attachment-large size-large wp-image-3120\" alt=\"Saugd\u00fcse f\u00fcr Austauschbare Arbeitswellen TRILO Saugwagen\" srcset=\"https:\/\/www.trilo.com\/wp-content\/uploads\/2022\/10\/sweeping-suction-hood.jpg 480w, https:\/\/www.trilo.com\/wp-content\/uploads\/2022\/10\/sweeping-suction-hood-320x143.jpg 320w\" sizes=\"(max-width: 480px) 100vw, 480px\" \/>\t\t\t\t\t\t\t\t\t\t\t\t\t\t\t<\/div>\n\t\t\t\t<\/div>\n\t\t\t\t<\/div>\n\t\t\t\t\t<\/div>\n\t\t\t\t<\/div>\n\t\t<div class=\"elementor-element elementor-element-8ac41ec e-flex e-con-boxed e-con e-parent\" data-id=\"8ac41ec\" data-element_type=\"container\" data-e-type=\"container\" data-settings=\"{&quot;background_background&quot;:&quot;classic&quot;,&quot;shape_divider_top&quot;:&quot;tilt&quot;}\">\n\t\t\t\t\t<div class=\"e-con-inner\">\n\t\t\t\t<div class=\"elementor-shape elementor-shape-top\" aria-hidden=\"true\" data-negative=\"false\">\n\t\t\t<svg xmlns=\"http:\/\/www.w3.org\/2000\/svg\" viewBox=\"0 0 1000 100\" preserveAspectRatio=\"none\">\n\t<path class=\"elementor-shape-fill\" d=\"M0,6V0h1000v100L0,6z\"\/>\n<\/svg>\t\t<\/div>\n\t\t<div class=\"elementor-element elementor-element-c724adc e-con-full e-flex e-con e-child\" data-id=\"c724adc\" data-element_type=\"container\" data-e-type=\"container\">\n\t\t\t\t<div class=\"elementor-element elementor-element-b5517df elementor-widget elementor-widget-heading\" data-id=\"b5517df\" data-element_type=\"widget\" data-e-type=\"widget\" data-widget_type=\"heading.default\">\n\t\t\t\t<div class=\"elementor-widget-container\">\n\t\t\t\t\t<h1 class=\"elementor-heading-title elementor-size-default\">Wir sind hier, um zu helfen<\/h1>\t\t\t\t<\/div>\n\t\t\t\t<\/div>\n\t\t\t\t<div class=\"elementor-element elementor-element-d1cc583 elementor-widget__width-initial elementor-widget elementor-widget-text-editor\" data-id=\"d1cc583\" data-element_type=\"widget\" data-e-type=\"widget\" data-widget_type=\"text-editor.default\">\n\t\t\t\t<div class=\"elementor-widget-container\">\n\t\t\t\t\t\t\t\t\t<p class=\"p1\">Haben Sie eine Frage oder brauchen Sie einen Rat? Unser Team ist immer bereit, Ihnen zu helfen. Egal, ob Sie Produktinformationen, Unterst\u00fctzung oder einfach nur ein paar Expertenmeinungen ben\u00f6tigen &#8211; wir sind nur eine Nachricht entfernt.  <\/p>\t\t\t\t\t\t\t\t<\/div>\n\t\t\t\t<\/div>\n\t\t<div class=\"elementor-element elementor-element-635d5ec e-con-full e-flex e-con e-child\" data-id=\"635d5ec\" data-element_type=\"container\" data-e-type=\"container\">\n\t\t\t\t<div class=\"elementor-element elementor-element-84a68e9 elementor-mobile-align-justify elementor-widget elementor-widget-button\" data-id=\"84a68e9\" data-element_type=\"widget\" data-e-type=\"widget\" data-widget_type=\"button.default\">\n\t\t\t\t<div class=\"elementor-widget-container\">\n\t\t\t\t\t\t\t\t\t<div class=\"elementor-button-wrapper\">\n\t\t\t\t\t<a class=\"elementor-button elementor-button-link elementor-size-sm\" href=\"https:\/\/www.trilo.com\/de\/kontakt\/\">\n\t\t\t\t\t\t<span class=\"elementor-button-content-wrapper\">\n\t\t\t\t\t\t\t\t\t<span class=\"elementor-button-text\">  Kontakt<\/span>\n\t\t\t\t\t<\/span>\n\t\t\t\t\t<\/a>\n\t\t\t\t<\/div>\n\t\t\t\t\t\t\t\t<\/div>\n\t\t\t\t<\/div>\n\t\t\t\t<div class=\"elementor-element elementor-element-4b9558f elementor-icon-list--layout-traditional elementor-list-item-link-full_width elementor-widget elementor-widget-icon-list\" data-id=\"4b9558f\" data-element_type=\"widget\" data-e-type=\"widget\" data-widget_type=\"icon-list.default\">\n\t\t\t\t<div class=\"elementor-widget-container\">\n\t\t\t\t\t\t\t<ul class=\"elementor-icon-list-items\">\n\t\t\t\t\t\t\t<li class=\"elementor-icon-list-item\">\n\t\t\t\t\t\t\t\t\t\t\t<span class=\"elementor-icon-list-icon\">\n\t\t\t\t\t\t\t<svg xmlns=\"http:\/\/www.w3.org\/2000\/svg\" width=\"24\" height=\"24\" viewBox=\"0 0 24 24\" fill=\"none\" stroke=\"#fff\" stroke-width=\"2\" stroke-linecap=\"round\" stroke-linejoin=\"round\" class=\"feather feather-chevron-right\"><polyline points=\"9 18 15 12 9 6\"><\/polyline><\/svg>\t\t\t\t\t\t<\/span>\n\t\t\t\t\t\t\t\t\t\t<span class=\"elementor-icon-list-text\">+31 (0)33 4564 432<\/span>\n\t\t\t\t\t\t\t\t\t<\/li>\n\t\t\t\t\t\t<\/ul>\n\t\t\t\t\t\t<\/div>\n\t\t\t\t<\/div>\n\t\t\t\t<\/div>\n\t\t\t\t<\/div>\n\t\t\t\t\t<\/div>\n\t\t\t\t<\/div>\n\t\t\t\t<\/div>\n\t\t","protected":false},"excerpt":{"rendered":"<p>Absaughaube Die Saugd\u00fcse ist die mittig unter dem Wagen angebrachte Saugd\u00fcse, in der Arbeitswalzen montiert werden k\u00f6nnen. Je nach montierter Welle kann ein TRILO Vakuumanh\u00e4nger: Kehren und sammeln Vertikutieren und sammeln M\u00e4hen und sammeln Erh\u00e4ltlich mit mechanischem und hydraulischem Antriebsstrang Zum Aufsammeln von Grasschnitt, Laub, Schutt und anderen feinen Materialien ist die Verwendung einer B\u00fcrstenwelle [&hellip;]<\/p>\n","protected":false},"author":1,"featured_media":0,"parent":4722,"menu_order":4,"comment_status":"closed","ping_status":"closed","template":"elementor_header_footer","meta":{"_acf_changed":false,"iawp_total_views":101,"footnotes":""},"class_list":["post-4756","page","type-page","status-publish","hentry"],"acf":[],"yoast_head":"<!-- This site is optimized with the Yoast SEO plugin v27.5 - https:\/\/yoast.com\/product\/yoast-seo-wordpress\/ -->\n<title>Absaughaube f\u00fcr Vakuum-Anh\u00e4nger | TRILO Maschinen<\/title>\n<meta name=\"description\" content=\"Absaughaube f\u00fcr TRILO-Vakuumanh\u00e4nger: die Einheit zur Montage von austauschbaren Arbeitssch\u00e4chten. Erm\u00f6glicht es der Maschine, verschiedene Aufgaben zu erf\u00fcllen.\" \/>\n<meta name=\"robots\" content=\"index, follow, max-snippet:-1, max-image-preview:large, max-video-preview:-1\" \/>\n<link rel=\"canonical\" href=\"https:\/\/www.trilo.com\/de\/erklarungen\/saugduese\/\" \/>\n<meta property=\"og:locale\" content=\"de_DE\" \/>\n<meta property=\"og:type\" content=\"article\" \/>\n<meta property=\"og:title\" content=\"Absaughaube f\u00fcr Vakuum-Anh\u00e4nger | TRILO Maschinen\" \/>\n<meta property=\"og:description\" content=\"Absaughaube f\u00fcr TRILO-Vakuumanh\u00e4nger: die Einheit zur Montage von austauschbaren Arbeitssch\u00e4chten. Erm\u00f6glicht es der Maschine, verschiedene Aufgaben zu erf\u00fcllen.\" \/>\n<meta property=\"og:url\" content=\"https:\/\/www.trilo.com\/de\/erklarungen\/saugduese\/\" \/>\n<meta property=\"og:site_name\" content=\"TRILO Machines\" \/>\n<meta property=\"article:publisher\" content=\"https:\/\/www.facebook.com\/trilo.equipment\" \/>\n<meta property=\"article:modified_time\" content=\"2025-05-19T08:47:59+00:00\" \/>\n<meta property=\"og:image\" content=\"https:\/\/www.trilo.com\/wp-content\/uploads\/2022\/10\/sweeping-suction-hood.jpg\" \/>\n<meta name=\"twitter:card\" content=\"summary_large_image\" \/>\n<meta name=\"twitter:site\" content=\"@trilo_equipment\" \/>\n<meta name=\"twitter:label1\" content=\"Gesch\u00e4tzte Lesezeit\" \/>\n\t<meta name=\"twitter:data1\" content=\"2\u00a0Minuten\" \/>\n<script type=\"application\/ld+json\" class=\"yoast-schema-graph\">{\"@context\":\"https:\\\/\\\/schema.org\",\"@graph\":[{\"@type\":\"WebPage\",\"@id\":\"https:\\\/\\\/www.trilo.com\\\/de\\\/erklarungen\\\/saugduese\\\/\",\"url\":\"https:\\\/\\\/www.trilo.com\\\/de\\\/erklarungen\\\/saugduese\\\/\",\"name\":\"Absaughaube f\u00fcr Vakuum-Anh\u00e4nger | TRILO Maschinen\",\"isPartOf\":{\"@id\":\"https:\\\/\\\/www.trilo.com\\\/de\\\/#website\"},\"primaryImageOfPage\":{\"@id\":\"https:\\\/\\\/www.trilo.com\\\/de\\\/erklarungen\\\/saugduese\\\/#primaryimage\"},\"image\":{\"@id\":\"https:\\\/\\\/www.trilo.com\\\/de\\\/erklarungen\\\/saugduese\\\/#primaryimage\"},\"thumbnailUrl\":\"https:\\\/\\\/www.trilo.com\\\/wp-content\\\/uploads\\\/2022\\\/10\\\/sweeping-suction-hood.jpg\",\"datePublished\":\"2022-10-23T20:57:10+00:00\",\"dateModified\":\"2025-05-19T08:47:59+00:00\",\"description\":\"Absaughaube f\u00fcr TRILO-Vakuumanh\u00e4nger: die Einheit zur Montage von austauschbaren Arbeitssch\u00e4chten. Erm\u00f6glicht es der Maschine, verschiedene Aufgaben zu erf\u00fcllen.\",\"breadcrumb\":{\"@id\":\"https:\\\/\\\/www.trilo.com\\\/de\\\/erklarungen\\\/saugduese\\\/#breadcrumb\"},\"inLanguage\":\"de\",\"potentialAction\":[{\"@type\":\"ReadAction\",\"target\":[\"https:\\\/\\\/www.trilo.com\\\/de\\\/erklarungen\\\/saugduese\\\/\"]}]},{\"@type\":\"ImageObject\",\"inLanguage\":\"de\",\"@id\":\"https:\\\/\\\/www.trilo.com\\\/de\\\/erklarungen\\\/saugduese\\\/#primaryimage\",\"url\":\"https:\\\/\\\/www.trilo.com\\\/wp-content\\\/uploads\\\/2022\\\/10\\\/sweeping-suction-hood.jpg\",\"contentUrl\":\"https:\\\/\\\/www.trilo.com\\\/wp-content\\\/uploads\\\/2022\\\/10\\\/sweeping-suction-hood.jpg\"},{\"@type\":\"BreadcrumbList\",\"@id\":\"https:\\\/\\\/www.trilo.com\\\/de\\\/erklarungen\\\/saugduese\\\/#breadcrumb\",\"itemListElement\":[{\"@type\":\"ListItem\",\"position\":1,\"name\":\"Home\",\"item\":\"https:\\\/\\\/www.trilo.com\\\/de\\\/home-2\\\/\"},{\"@type\":\"ListItem\",\"position\":2,\"name\":\"Erkl\u00e4rungen\",\"item\":\"https:\\\/\\\/www.trilo.com\\\/de\\\/explanations\\\/\"},{\"@type\":\"ListItem\",\"position\":3,\"name\":\"Saugd\u00fcse\"}]},{\"@type\":\"WebSite\",\"@id\":\"https:\\\/\\\/www.trilo.com\\\/de\\\/#website\",\"url\":\"https:\\\/\\\/www.trilo.com\\\/de\\\/\",\"name\":\"TRILO Machines\",\"description\":\"Improving our environment\",\"publisher\":{\"@id\":\"https:\\\/\\\/www.trilo.com\\\/de\\\/#organization\"},\"potentialAction\":[{\"@type\":\"SearchAction\",\"target\":{\"@type\":\"EntryPoint\",\"urlTemplate\":\"https:\\\/\\\/www.trilo.com\\\/de\\\/?s={search_term_string}\"},\"query-input\":{\"@type\":\"PropertyValueSpecification\",\"valueRequired\":true,\"valueName\":\"search_term_string\"}}],\"inLanguage\":\"de\"},{\"@type\":\"Organization\",\"@id\":\"https:\\\/\\\/www.trilo.com\\\/de\\\/#organization\",\"name\":\"TRILO Machines\",\"url\":\"https:\\\/\\\/www.trilo.com\\\/de\\\/\",\"logo\":{\"@type\":\"ImageObject\",\"inLanguage\":\"de\",\"@id\":\"https:\\\/\\\/www.trilo.com\\\/de\\\/#\\\/schema\\\/logo\\\/image\\\/\",\"url\":\"https:\\\/\\\/www.trilo.com\\\/wp-content\\\/uploads\\\/2022\\\/09\\\/trilo-favicon.png\",\"contentUrl\":\"https:\\\/\\\/www.trilo.com\\\/wp-content\\\/uploads\\\/2022\\\/09\\\/trilo-favicon.png\",\"width\":512,\"height\":512,\"caption\":\"TRILO Machines\"},\"image\":{\"@id\":\"https:\\\/\\\/www.trilo.com\\\/de\\\/#\\\/schema\\\/logo\\\/image\\\/\"},\"sameAs\":[\"https:\\\/\\\/www.facebook.com\\\/trilo.equipment\",\"https:\\\/\\\/x.com\\\/trilo_equipment\",\"https:\\\/\\\/www.instagram.com\\\/trilomachines\\\/\"]}]}<\/script>\n<!-- \/ Yoast SEO plugin. -->","yoast_head_json":{"title":"Absaughaube f\u00fcr Vakuum-Anh\u00e4nger | TRILO Maschinen","description":"Absaughaube f\u00fcr TRILO-Vakuumanh\u00e4nger: die Einheit zur Montage von austauschbaren Arbeitssch\u00e4chten. Erm\u00f6glicht es der Maschine, verschiedene Aufgaben zu erf\u00fcllen.","robots":{"index":"index","follow":"follow","max-snippet":"max-snippet:-1","max-image-preview":"max-image-preview:large","max-video-preview":"max-video-preview:-1"},"canonical":"https:\/\/www.trilo.com\/de\/erklarungen\/saugduese\/","og_locale":"de_DE","og_type":"article","og_title":"Absaughaube f\u00fcr Vakuum-Anh\u00e4nger | TRILO Maschinen","og_description":"Absaughaube f\u00fcr TRILO-Vakuumanh\u00e4nger: die Einheit zur Montage von austauschbaren Arbeitssch\u00e4chten. Erm\u00f6glicht es der Maschine, verschiedene Aufgaben zu erf\u00fcllen.","og_url":"https:\/\/www.trilo.com\/de\/erklarungen\/saugduese\/","og_site_name":"TRILO Machines","article_publisher":"https:\/\/www.facebook.com\/trilo.equipment","article_modified_time":"2025-05-19T08:47:59+00:00","og_image":[{"url":"https:\/\/www.trilo.com\/wp-content\/uploads\/2022\/10\/sweeping-suction-hood.jpg","type":"","width":"","height":""}],"twitter_card":"summary_large_image","twitter_site":"@trilo_equipment","twitter_misc":{"Gesch\u00e4tzte Lesezeit":"2\u00a0Minuten"},"schema":{"@context":"https:\/\/schema.org","@graph":[{"@type":"WebPage","@id":"https:\/\/www.trilo.com\/de\/erklarungen\/saugduese\/","url":"https:\/\/www.trilo.com\/de\/erklarungen\/saugduese\/","name":"Absaughaube f\u00fcr Vakuum-Anh\u00e4nger | TRILO Maschinen","isPartOf":{"@id":"https:\/\/www.trilo.com\/de\/#website"},"primaryImageOfPage":{"@id":"https:\/\/www.trilo.com\/de\/erklarungen\/saugduese\/#primaryimage"},"image":{"@id":"https:\/\/www.trilo.com\/de\/erklarungen\/saugduese\/#primaryimage"},"thumbnailUrl":"https:\/\/www.trilo.com\/wp-content\/uploads\/2022\/10\/sweeping-suction-hood.jpg","datePublished":"2022-10-23T20:57:10+00:00","dateModified":"2025-05-19T08:47:59+00:00","description":"Absaughaube f\u00fcr TRILO-Vakuumanh\u00e4nger: die Einheit zur Montage von austauschbaren Arbeitssch\u00e4chten. Erm\u00f6glicht es der Maschine, verschiedene Aufgaben zu erf\u00fcllen.","breadcrumb":{"@id":"https:\/\/www.trilo.com\/de\/erklarungen\/saugduese\/#breadcrumb"},"inLanguage":"de","potentialAction":[{"@type":"ReadAction","target":["https:\/\/www.trilo.com\/de\/erklarungen\/saugduese\/"]}]},{"@type":"ImageObject","inLanguage":"de","@id":"https:\/\/www.trilo.com\/de\/erklarungen\/saugduese\/#primaryimage","url":"https:\/\/www.trilo.com\/wp-content\/uploads\/2022\/10\/sweeping-suction-hood.jpg","contentUrl":"https:\/\/www.trilo.com\/wp-content\/uploads\/2022\/10\/sweeping-suction-hood.jpg"},{"@type":"BreadcrumbList","@id":"https:\/\/www.trilo.com\/de\/erklarungen\/saugduese\/#breadcrumb","itemListElement":[{"@type":"ListItem","position":1,"name":"Home","item":"https:\/\/www.trilo.com\/de\/home-2\/"},{"@type":"ListItem","position":2,"name":"Erkl\u00e4rungen","item":"https:\/\/www.trilo.com\/de\/explanations\/"},{"@type":"ListItem","position":3,"name":"Saugd\u00fcse"}]},{"@type":"WebSite","@id":"https:\/\/www.trilo.com\/de\/#website","url":"https:\/\/www.trilo.com\/de\/","name":"TRILO Machines","description":"Improving our environment","publisher":{"@id":"https:\/\/www.trilo.com\/de\/#organization"},"potentialAction":[{"@type":"SearchAction","target":{"@type":"EntryPoint","urlTemplate":"https:\/\/www.trilo.com\/de\/?s={search_term_string}"},"query-input":{"@type":"PropertyValueSpecification","valueRequired":true,"valueName":"search_term_string"}}],"inLanguage":"de"},{"@type":"Organization","@id":"https:\/\/www.trilo.com\/de\/#organization","name":"TRILO Machines","url":"https:\/\/www.trilo.com\/de\/","logo":{"@type":"ImageObject","inLanguage":"de","@id":"https:\/\/www.trilo.com\/de\/#\/schema\/logo\/image\/","url":"https:\/\/www.trilo.com\/wp-content\/uploads\/2022\/09\/trilo-favicon.png","contentUrl":"https:\/\/www.trilo.com\/wp-content\/uploads\/2022\/09\/trilo-favicon.png","width":512,"height":512,"caption":"TRILO Machines"},"image":{"@id":"https:\/\/www.trilo.com\/de\/#\/schema\/logo\/image\/"},"sameAs":["https:\/\/www.facebook.com\/trilo.equipment","https:\/\/x.com\/trilo_equipment","https:\/\/www.instagram.com\/trilomachines\/"]}]}},"_links":{"self":[{"href":"https:\/\/www.trilo.com\/de\/wp-json\/wp\/v2\/pages\/4756","targetHints":{"allow":["GET"]}}],"collection":[{"href":"https:\/\/www.trilo.com\/de\/wp-json\/wp\/v2\/pages"}],"about":[{"href":"https:\/\/www.trilo.com\/de\/wp-json\/wp\/v2\/types\/page"}],"author":[{"embeddable":true,"href":"https:\/\/www.trilo.com\/de\/wp-json\/wp\/v2\/users\/1"}],"replies":[{"embeddable":true,"href":"https:\/\/www.trilo.com\/de\/wp-json\/wp\/v2\/comments?post=4756"}],"version-history":[{"count":7,"href":"https:\/\/www.trilo.com\/de\/wp-json\/wp\/v2\/pages\/4756\/revisions"}],"predecessor-version":[{"id":13470,"href":"https:\/\/www.trilo.com\/de\/wp-json\/wp\/v2\/pages\/4756\/revisions\/13470"}],"up":[{"embeddable":true,"href":"https:\/\/www.trilo.com\/de\/wp-json\/wp\/v2\/pages\/4722"}],"wp:attachment":[{"href":"https:\/\/www.trilo.com\/de\/wp-json\/wp\/v2\/media?parent=4756"}],"curies":[{"name":"wp","href":"https:\/\/api.w.org\/{rel}","templated":true}]}}