{"id":4714,"date":"2022-10-20T11:19:40","date_gmt":"2022-10-20T09:19:40","guid":{"rendered":"https:\/\/www.trilo.com\/service-teile\/technische-unterstutzung\/"},"modified":"2025-05-20T13:10:15","modified_gmt":"2025-05-20T11:10:15","slug":"technische-unterstutzung","status":"publish","type":"page","link":"https:\/\/www.trilo.com\/de\/service-teile\/technische-unterstutzung\/","title":{"rendered":"Technische Unterst\u00fctzung"},"content":{"rendered":"\t\t<div data-elementor-type=\"wp-page\" data-elementor-id=\"4714\" class=\"elementor elementor-4714 elementor-2763\" data-elementor-post-type=\"page\">\n\t\t\t\t<div class=\"elementor-element elementor-element-c844c30 e-flex e-con-boxed e-con e-parent\" data-id=\"c844c30\" data-element_type=\"container\" data-e-type=\"container\" data-settings=\"{&quot;background_background&quot;:&quot;classic&quot;,&quot;shape_divider_bottom&quot;:&quot;tilt&quot;}\">\n\t\t\t\t\t<div class=\"e-con-inner\">\n\t\t\t\t<div class=\"elementor-shape elementor-shape-bottom\" aria-hidden=\"true\" data-negative=\"false\">\n\t\t\t<svg xmlns=\"http:\/\/www.w3.org\/2000\/svg\" viewBox=\"0 0 1000 100\" preserveAspectRatio=\"none\">\n\t<path class=\"elementor-shape-fill\" d=\"M0,6V0h1000v100L0,6z\"\/>\n<\/svg>\t\t<\/div>\n\t\t<div class=\"elementor-element elementor-element-af4d75f e-con-full e-flex elementor-invisible e-con e-child\" data-id=\"af4d75f\" data-element_type=\"container\" data-e-type=\"container\" data-settings=\"{&quot;animation&quot;:&quot;fadeInLeft&quot;}\">\n\t\t\t\t<div class=\"elementor-element elementor-element-675f4dd elementor-widget__width-initial elementor-widget elementor-widget-heading\" data-id=\"675f4dd\" data-element_type=\"widget\" data-e-type=\"widget\" data-widget_type=\"heading.default\">\n\t\t\t\t<div class=\"elementor-widget-container\">\n\t\t\t\t\t<h1 class=\"elementor-heading-title elementor-size-default\">Technische Unterst\u00fctzung<\/h1>\t\t\t\t<\/div>\n\t\t\t\t<\/div>\n\t\t\t\t<\/div>\n\t\t\t\t\t<\/div>\n\t\t\t\t<\/div>\n\t\t<div class=\"elementor-element elementor-element-7965ccb e-flex e-con-boxed e-con e-parent\" data-id=\"7965ccb\" data-element_type=\"container\" data-e-type=\"container\" data-settings=\"{&quot;background_background&quot;:&quot;classic&quot;}\">\n\t\t\t\t\t<div class=\"e-con-inner\">\n\t\t\t\t<div class=\"elementor-element elementor-element-82f28ca elementor-widget__width-initial elementor-widget elementor-widget-text-editor\" data-id=\"82f28ca\" data-element_type=\"widget\" data-e-type=\"widget\" data-widget_type=\"text-editor.default\">\n\t\t\t\t<div class=\"elementor-widget-container\">\n\t\t\t\t\t\t\t\t\t<p>Sie k\u00f6nnen technische Unterst\u00fctzung erhalten:<\/p><ol><li>Rufen Sie uns an unter <a href=\"tel:+31334506178\">+31 (0)33 4506 178<\/a><\/li><li>F\u00fcllen Sie das untenstehende Formular aus<\/li><\/ol>\t\t\t\t\t\t\t\t<\/div>\n\t\t\t\t<\/div>\n\t\t\t\t<div class=\"elementor-element elementor-element-d0c949e elementor-button-align-stretch elementor-widget elementor-widget-form\" data-id=\"d0c949e\" data-element_type=\"widget\" data-e-type=\"widget\" data-settings=\"{&quot;step_next_label&quot;:&quot;Weiter&quot;,&quot;step_previous_label&quot;:&quot;Vorherige&quot;,&quot;button_width&quot;:&quot;100&quot;,&quot;step_type&quot;:&quot;number_text&quot;,&quot;step_icon_shape&quot;:&quot;circle&quot;}\" data-widget_type=\"form.default\">\n\t\t\t\t<div class=\"elementor-widget-container\">\n\t\t\t\t\t\t\t<form class=\"elementor-form\" method=\"post\" name=\"Neue Form\" aria-label=\"Neue Form\">\n\t\t\t<input type=\"hidden\" name=\"post_id\" value=\"4714\"\/>\n\t\t\t<input type=\"hidden\" name=\"form_id\" value=\"d0c949e\"\/>\n\t\t\t<input type=\"hidden\" name=\"referer_title\" value=\"Technische Unterst\u00fctzung - TRILO Machines\" \/>\n\n\t\t\t\t\t\t\t<input type=\"hidden\" name=\"queried_id\" value=\"4714\"\/>\n\t\t\t\n\t\t\t<div class=\"elementor-form-fields-wrapper elementor-labels-\">\n\t\t\t\t\t\t\t\t<div class=\"elementor-field-type-text elementor-field-group elementor-column elementor-field-group-name elementor-col-50 elementor-field-required\">\n\t\t\t\t\t\t\t\t\t\t\t\t<label for=\"form-field-name\" class=\"elementor-field-label elementor-screen-only\">\n\t\t\t\t\t\t\t\tName\t\t\t\t\t\t\t<\/label>\n\t\t\t\t\t\t\t\t\t\t\t\t\t\t<input size=\"1\" type=\"text\" name=\"form_fields[name]\" id=\"form-field-name\" class=\"elementor-field elementor-size-sm  elementor-field-textual\" placeholder=\"Name\" required=\"required\">\n\t\t\t\t\t\t\t\t\t\t\t<\/div>\n\t\t\t\t\t\t\t\t<div class=\"elementor-field-type-text elementor-field-group elementor-column elementor-field-group-field_3a1a74f elementor-col-50 elementor-field-required\">\n\t\t\t\t\t\t\t\t\t\t\t\t<label for=\"form-field-field_3a1a74f\" class=\"elementor-field-label elementor-screen-only\">\n\t\t\t\t\t\t\t\tUnternehmen\t\t\t\t\t\t\t<\/label>\n\t\t\t\t\t\t\t\t\t\t\t\t\t\t<input size=\"1\" type=\"text\" name=\"form_fields[field_3a1a74f]\" id=\"form-field-field_3a1a74f\" class=\"elementor-field elementor-size-sm  elementor-field-textual\" placeholder=\"Unternehmen\" required=\"required\">\n\t\t\t\t\t\t\t\t\t\t\t<\/div>\n\t\t\t\t\t\t\t\t<div class=\"elementor-field-type-text elementor-field-group elementor-column elementor-field-group-field_1903d41 elementor-col-100 elementor-field-required\">\n\t\t\t\t\t\t\t\t\t\t\t\t<label for=\"form-field-field_1903d41\" class=\"elementor-field-label elementor-screen-only\">\n\t\t\t\t\t\t\t\tLand\t\t\t\t\t\t\t<\/label>\n\t\t\t\t\t\t\t\t\t\t\t\t\t\t<input size=\"1\" type=\"text\" name=\"form_fields[field_1903d41]\" id=\"form-field-field_1903d41\" class=\"elementor-field elementor-size-sm  elementor-field-textual\" placeholder=\"Land\" required=\"required\">\n\t\t\t\t\t\t\t\t\t\t\t<\/div>\n\t\t\t\t\t\t\t\t<div class=\"elementor-field-type-text elementor-field-group elementor-column elementor-field-group-field_c5871cf elementor-col-50\">\n\t\t\t\t\t\t\t\t\t\t\t\t<label for=\"form-field-field_c5871cf\" class=\"elementor-field-label elementor-screen-only\">\n\t\t\t\t\t\t\t\tAdresse\t\t\t\t\t\t\t<\/label>\n\t\t\t\t\t\t\t\t\t\t\t\t\t\t<input size=\"1\" type=\"text\" name=\"form_fields[field_c5871cf]\" id=\"form-field-field_c5871cf\" class=\"elementor-field elementor-size-sm  elementor-field-textual\" placeholder=\"Adresse\">\n\t\t\t\t\t\t\t\t\t\t\t<\/div>\n\t\t\t\t\t\t\t\t<div class=\"elementor-field-type-text elementor-field-group elementor-column elementor-field-group-field_86c3db5 elementor-col-50\">\n\t\t\t\t\t\t\t\t\t\t\t\t<label for=\"form-field-field_86c3db5\" class=\"elementor-field-label elementor-screen-only\">\n\t\t\t\t\t\t\t\tStadt\t\t\t\t\t\t\t<\/label>\n\t\t\t\t\t\t\t\t\t\t\t\t\t\t<input size=\"1\" type=\"text\" name=\"form_fields[field_86c3db5]\" id=\"form-field-field_86c3db5\" class=\"elementor-field elementor-size-sm  elementor-field-textual\" placeholder=\"Stadt\">\n\t\t\t\t\t\t\t\t\t\t\t<\/div>\n\t\t\t\t\t\t\t\t<div class=\"elementor-field-type-text elementor-field-group elementor-column elementor-field-group-field_247b6be elementor-col-50\">\n\t\t\t\t\t\t\t\t\t\t\t\t<label for=\"form-field-field_247b6be\" class=\"elementor-field-label elementor-screen-only\">\n\t\t\t\t\t\t\t\tStaat\t\t\t\t\t\t\t<\/label>\n\t\t\t\t\t\t\t\t\t\t\t\t\t\t<input size=\"1\" type=\"text\" name=\"form_fields[field_247b6be]\" id=\"form-field-field_247b6be\" class=\"elementor-field elementor-size-sm  elementor-field-textual\" placeholder=\"Staat\">\n\t\t\t\t\t\t\t\t\t\t\t<\/div>\n\t\t\t\t\t\t\t\t<div class=\"elementor-field-type-text elementor-field-group elementor-column elementor-field-group-field_2780828 elementor-col-50\">\n\t\t\t\t\t\t\t\t\t\t\t\t<label for=\"form-field-field_2780828\" class=\"elementor-field-label elementor-screen-only\">\n\t\t\t\t\t\t\t\tPostleitzahl\t\t\t\t\t\t\t<\/label>\n\t\t\t\t\t\t\t\t\t\t\t\t\t\t<input size=\"1\" type=\"text\" name=\"form_fields[field_2780828]\" id=\"form-field-field_2780828\" class=\"elementor-field elementor-size-sm  elementor-field-textual\" placeholder=\"Postleitzahl\">\n\t\t\t\t\t\t\t\t\t\t\t<\/div>\n\t\t\t\t\t\t\t\t<div class=\"elementor-field-type-email elementor-field-group elementor-column elementor-field-group-email elementor-col-50 elementor-field-required\">\n\t\t\t\t\t\t\t\t\t\t\t\t<label for=\"form-field-email\" class=\"elementor-field-label elementor-screen-only\">\n\t\t\t\t\t\t\t\tE-Mail\t\t\t\t\t\t\t<\/label>\n\t\t\t\t\t\t\t\t\t\t\t\t\t\t<input size=\"1\" type=\"email\" name=\"form_fields[email]\" id=\"form-field-email\" class=\"elementor-field elementor-size-sm  elementor-field-textual\" placeholder=\"E-Mail\" required=\"required\">\n\t\t\t\t\t\t\t\t\t\t\t<\/div>\n\t\t\t\t\t\t\t\t<div class=\"elementor-field-type-tel elementor-field-group elementor-column elementor-field-group-field_0221179 elementor-col-50 elementor-field-required\">\n\t\t\t\t\t\t\t\t\t\t\t\t<label for=\"form-field-field_0221179\" class=\"elementor-field-label elementor-screen-only\">\n\t\t\t\t\t\t\t\tTelefon\t\t\t\t\t\t\t<\/label>\n\t\t\t\t\t\t\t\t<input size=\"1\" type=\"tel\" name=\"form_fields[field_0221179]\" id=\"form-field-field_0221179\" class=\"elementor-field elementor-size-sm  elementor-field-textual\" placeholder=\"Telefon\" required=\"required\" pattern=\"[0-9()#&amp;+*-=.]+\" title=\"Nur Nummern oder Telefon-Zeichen (#, -, *, etc) werden akzeptiert.\">\n\n\t\t\t\t\t\t<\/div>\n\t\t\t\t\t\t\t\t<div class=\"elementor-field-type-textarea elementor-field-group elementor-column elementor-field-group-message elementor-col-100 elementor-field-required\">\n\t\t\t\t\t\t\t\t\t\t\t\t<label for=\"form-field-message\" class=\"elementor-field-label elementor-screen-only\">\n\t\t\t\t\t\t\t\tUnterst\u00fctzung anfordern\t\t\t\t\t\t\t<\/label>\n\t\t\t\t\t\t<textarea class=\"elementor-field-textual elementor-field  elementor-size-sm\" name=\"form_fields[message]\" id=\"form-field-message\" rows=\"4\" placeholder=\"Meine Supportanfrage...\" required=\"required\"><\/textarea>\t\t\t\t<\/div>\n\t\t\t\t\t\t\t\t<div class=\"elementor-field-type-recaptcha_v3 elementor-field-group elementor-column elementor-field-group-field_7d14616 elementor-col-100 recaptcha_v3-bottomright\">\n\t\t\t\t\t<div class=\"elementor-field\" id=\"form-field-field_7d14616\"><div class=\"elementor-g-recaptcha\" data-sitekey=\"6LeiWVUiAAAAAAR30aPIEv7xyXtc6HIWdjupw7-r\" data-type=\"v3\" data-action=\"Form\" data-badge=\"bottomright\" data-size=\"invisible\"><\/div><\/div>\t\t\t\t<\/div>\n\t\t\t\t\t\t\t\t<div class=\"elementor-field-type-upload elementor-field-group elementor-column elementor-field-group-field_a176b44 elementor-col-100\">\n\t\t\t\t\t\t\t<input type=\"file\" name=\"form_fields[field_a176b44][]\" id=\"form-field-field_a176b44\" class=\"elementor-field elementor-size-sm  elementor-upload-field\" multiple=\"multiple\" data-maxsize=\"2\" data-maxsize-message=\"Diese Datei \u00fcbersteigt die maximale Dateigr\u00f6\u00dfe.\">\n\n\t\t\t\t\t\t<\/div>\n\t\t\t\t\t\t\t\t<div class=\"elementor-field-group elementor-column elementor-field-type-submit elementor-col-100 e-form__buttons\">\n\t\t\t\t\t<button class=\"elementor-button elementor-size-sm\" type=\"submit\">\n\t\t\t\t\t\t<span class=\"elementor-button-content-wrapper\">\n\t\t\t\t\t\t\t\t\t\t\t\t\t\t\t\t\t\t\t\t\t\t<span class=\"elementor-button-text\">Senden Sie<\/span>\n\t\t\t\t\t\t\t\t\t\t\t\t\t<\/span>\n\t\t\t\t\t<\/button>\n\t\t\t\t<\/div>\n\t\t\t<\/div>\n\t\t<\/form>\n\t\t\t\t\t\t<\/div>\n\t\t\t\t<\/div>\n\t\t\t\t\t<\/div>\n\t\t\t\t<\/div>\n\t\t<div class=\"elementor-element elementor-element-889eee2 e-flex e-con-boxed e-con e-parent\" data-id=\"889eee2\" data-element_type=\"container\" data-e-type=\"container\" data-settings=\"{&quot;background_background&quot;:&quot;classic&quot;,&quot;shape_divider_top&quot;:&quot;tilt&quot;}\">\n\t\t\t\t\t<div class=\"e-con-inner\">\n\t\t\t\t<div class=\"elementor-shape elementor-shape-top\" aria-hidden=\"true\" data-negative=\"false\">\n\t\t\t<svg xmlns=\"http:\/\/www.w3.org\/2000\/svg\" viewBox=\"0 0 1000 100\" preserveAspectRatio=\"none\">\n\t<path class=\"elementor-shape-fill\" d=\"M0,6V0h1000v100L0,6z\"\/>\n<\/svg>\t\t<\/div>\n\t\t<div class=\"elementor-element elementor-element-edb11e3 e-con-full e-flex e-con e-child\" data-id=\"edb11e3\" data-element_type=\"container\" data-e-type=\"container\">\n\t\t\t\t<div class=\"elementor-element elementor-element-4a97079 elementor-widget elementor-widget-heading\" data-id=\"4a97079\" data-element_type=\"widget\" data-e-type=\"widget\" data-widget_type=\"heading.default\">\n\t\t\t\t<div class=\"elementor-widget-container\">\n\t\t\t\t\t<h1 class=\"elementor-heading-title elementor-size-default\">Wir sind hier, um zu helfen<\/h1>\t\t\t\t<\/div>\n\t\t\t\t<\/div>\n\t\t\t\t<div class=\"elementor-element elementor-element-b30f910 elementor-widget__width-initial elementor-widget elementor-widget-text-editor\" data-id=\"b30f910\" data-element_type=\"widget\" data-e-type=\"widget\" data-widget_type=\"text-editor.default\">\n\t\t\t\t<div class=\"elementor-widget-container\">\n\t\t\t\t\t\t\t\t\t<p class=\"p1\">Haben Sie eine Frage oder brauchen Sie einen Rat? Unser Team ist immer bereit, Ihnen zu helfen. Egal, ob Sie Produktinformationen, Unterst\u00fctzung oder einfach nur ein paar Expertenmeinungen ben\u00f6tigen &#8211; wir sind nur eine Nachricht entfernt.  <\/p>\t\t\t\t\t\t\t\t<\/div>\n\t\t\t\t<\/div>\n\t\t<div class=\"elementor-element elementor-element-1bd0fef e-con-full e-flex e-con e-child\" data-id=\"1bd0fef\" data-element_type=\"container\" data-e-type=\"container\">\n\t\t\t\t<div class=\"elementor-element elementor-element-d47c825 elementor-mobile-align-justify elementor-widget elementor-widget-button\" data-id=\"d47c825\" data-element_type=\"widget\" data-e-type=\"widget\" data-widget_type=\"button.default\">\n\t\t\t\t<div class=\"elementor-widget-container\">\n\t\t\t\t\t\t\t\t\t<div class=\"elementor-button-wrapper\">\n\t\t\t\t\t<a class=\"elementor-button elementor-button-link elementor-size-sm\" href=\"https:\/\/www.trilo.com\/de\/kontakt\/\">\n\t\t\t\t\t\t<span class=\"elementor-button-content-wrapper\">\n\t\t\t\t\t\t\t\t\t<span class=\"elementor-button-text\">  Kontakt<\/span>\n\t\t\t\t\t<\/span>\n\t\t\t\t\t<\/a>\n\t\t\t\t<\/div>\n\t\t\t\t\t\t\t\t<\/div>\n\t\t\t\t<\/div>\n\t\t\t\t<div class=\"elementor-element elementor-element-a96afe5 elementor-icon-list--layout-traditional elementor-list-item-link-full_width elementor-widget elementor-widget-icon-list\" data-id=\"a96afe5\" data-element_type=\"widget\" data-e-type=\"widget\" data-widget_type=\"icon-list.default\">\n\t\t\t\t<div class=\"elementor-widget-container\">\n\t\t\t\t\t\t\t<ul class=\"elementor-icon-list-items\">\n\t\t\t\t\t\t\t<li class=\"elementor-icon-list-item\">\n\t\t\t\t\t\t\t\t\t\t\t<span class=\"elementor-icon-list-icon\">\n\t\t\t\t\t\t\t<svg xmlns=\"http:\/\/www.w3.org\/2000\/svg\" width=\"24\" height=\"24\" viewBox=\"0 0 24 24\" fill=\"none\" stroke=\"#fff\" stroke-width=\"2\" stroke-linecap=\"round\" stroke-linejoin=\"round\" class=\"feather feather-chevron-right\"><polyline points=\"9 18 15 12 9 6\"><\/polyline><\/svg>\t\t\t\t\t\t<\/span>\n\t\t\t\t\t\t\t\t\t\t<span class=\"elementor-icon-list-text\">+31 (0)33 4564 432<\/span>\n\t\t\t\t\t\t\t\t\t<\/li>\n\t\t\t\t\t\t<\/ul>\n\t\t\t\t\t\t<\/div>\n\t\t\t\t<\/div>\n\t\t\t\t<\/div>\n\t\t\t\t<\/div>\n\t\t\t\t\t<\/div>\n\t\t\t\t<\/div>\n\t\t\t\t<\/div>\n\t\t","protected":false},"excerpt":{"rendered":"<p>Technische Unterst\u00fctzung Sie k\u00f6nnen technische Unterst\u00fctzung erhalten: Rufen Sie uns an unter +31 (0)33 4506 178 F\u00fcllen Sie das untenstehende Formular aus Wir sind hier, um zu helfen Haben Sie eine Frage oder brauchen Sie einen Rat? Unser Team ist immer bereit, Ihnen zu helfen. Egal, ob Sie Produktinformationen, Unterst\u00fctzung oder einfach nur ein paar [&hellip;]<\/p>\n","protected":false},"author":1,"featured_media":0,"parent":4710,"menu_order":0,"comment_status":"closed","ping_status":"closed","template":"elementor_header_footer","meta":{"_acf_changed":false,"iawp_total_views":80,"footnotes":""},"class_list":["post-4714","page","type-page","status-publish","hentry"],"acf":[],"yoast_head":"<!-- This site is optimized with the Yoast SEO plugin v27.5 - https:\/\/yoast.com\/product\/yoast-seo-wordpress\/ -->\n<title>Technische Unterst\u00fctzung - TRILO Machines<\/title>\n<meta name=\"description\" content=\"TRILO\u00ae machines are designed and built in the Netherlands and partly in Asia. TRILO is sold in more than 46 countries. Our range consists of mowers, vacuum trailers, leaf blowers and verticutting units. Our machines are used among other things for the maintenance of sports facilities, turf nurseries, airports, cities and roads.\" \/>\n<meta name=\"robots\" content=\"index, follow, max-snippet:-1, max-image-preview:large, max-video-preview:-1\" \/>\n<link rel=\"canonical\" href=\"https:\/\/www.trilo.com\/de\/service-teile\/technische-unterstutzung\/\" \/>\n<meta property=\"og:locale\" content=\"de_DE\" \/>\n<meta property=\"og:type\" content=\"article\" \/>\n<meta property=\"og:title\" content=\"Technische Unterst\u00fctzung - TRILO Machines\" \/>\n<meta property=\"og:description\" content=\"TRILO\u00ae machines are designed and built in the Netherlands and partly in Asia. TRILO is sold in more than 46 countries. Our range consists of mowers, vacuum trailers, leaf blowers and verticutting units. Our machines are used among other things for the maintenance of sports facilities, turf nurseries, airports, cities and roads.\" \/>\n<meta property=\"og:url\" content=\"https:\/\/www.trilo.com\/de\/service-teile\/technische-unterstutzung\/\" \/>\n<meta property=\"og:site_name\" content=\"TRILO Machines\" \/>\n<meta property=\"article:publisher\" content=\"https:\/\/www.facebook.com\/trilo.equipment\" \/>\n<meta property=\"article:modified_time\" content=\"2025-05-20T11:10:15+00:00\" \/>\n<meta name=\"twitter:card\" content=\"summary_large_image\" \/>\n<meta name=\"twitter:site\" content=\"@trilo_equipment\" \/>\n<script type=\"application\/ld+json\" class=\"yoast-schema-graph\">{\"@context\":\"https:\\\/\\\/schema.org\",\"@graph\":[{\"@type\":\"WebPage\",\"@id\":\"https:\\\/\\\/www.trilo.com\\\/de\\\/service-teile\\\/technische-unterstutzung\\\/\",\"url\":\"https:\\\/\\\/www.trilo.com\\\/de\\\/service-teile\\\/technische-unterstutzung\\\/\",\"name\":\"Technische Unterst\u00fctzung - TRILO Machines\",\"isPartOf\":{\"@id\":\"https:\\\/\\\/www.trilo.com\\\/de\\\/#website\"},\"datePublished\":\"2022-10-20T09:19:40+00:00\",\"dateModified\":\"2025-05-20T11:10:15+00:00\",\"description\":\"TRILO\u00ae machines are designed and built in the Netherlands and partly in Asia. TRILO is sold in more than 46 countries. Our range consists of mowers, vacuum trailers, leaf blowers and verticutting units. Our machines are used among other things for the maintenance of sports facilities, turf nurseries, airports, cities and roads.\",\"breadcrumb\":{\"@id\":\"https:\\\/\\\/www.trilo.com\\\/de\\\/service-teile\\\/technische-unterstutzung\\\/#breadcrumb\"},\"inLanguage\":\"de\",\"potentialAction\":[{\"@type\":\"ReadAction\",\"target\":[\"https:\\\/\\\/www.trilo.com\\\/de\\\/service-teile\\\/technische-unterstutzung\\\/\"]}]},{\"@type\":\"BreadcrumbList\",\"@id\":\"https:\\\/\\\/www.trilo.com\\\/de\\\/service-teile\\\/technische-unterstutzung\\\/#breadcrumb\",\"itemListElement\":[{\"@type\":\"ListItem\",\"position\":1,\"name\":\"Home\",\"item\":\"https:\\\/\\\/www.trilo.com\\\/de\\\/home-2\\\/\"},{\"@type\":\"ListItem\",\"position\":2,\"name\":\"Service &amp; Teile\",\"item\":\"https:\\\/\\\/www.trilo.com\\\/de\\\/service-teile\\\/\"},{\"@type\":\"ListItem\",\"position\":3,\"name\":\"Technische Unterst\u00fctzung\"}]},{\"@type\":\"WebSite\",\"@id\":\"https:\\\/\\\/www.trilo.com\\\/de\\\/#website\",\"url\":\"https:\\\/\\\/www.trilo.com\\\/de\\\/\",\"name\":\"TRILO Machines\",\"description\":\"Improving our environment\",\"publisher\":{\"@id\":\"https:\\\/\\\/www.trilo.com\\\/de\\\/#organization\"},\"potentialAction\":[{\"@type\":\"SearchAction\",\"target\":{\"@type\":\"EntryPoint\",\"urlTemplate\":\"https:\\\/\\\/www.trilo.com\\\/de\\\/?s={search_term_string}\"},\"query-input\":{\"@type\":\"PropertyValueSpecification\",\"valueRequired\":true,\"valueName\":\"search_term_string\"}}],\"inLanguage\":\"de\"},{\"@type\":\"Organization\",\"@id\":\"https:\\\/\\\/www.trilo.com\\\/de\\\/#organization\",\"name\":\"TRILO Machines\",\"url\":\"https:\\\/\\\/www.trilo.com\\\/de\\\/\",\"logo\":{\"@type\":\"ImageObject\",\"inLanguage\":\"de\",\"@id\":\"https:\\\/\\\/www.trilo.com\\\/de\\\/#\\\/schema\\\/logo\\\/image\\\/\",\"url\":\"https:\\\/\\\/www.trilo.com\\\/wp-content\\\/uploads\\\/2022\\\/09\\\/trilo-favicon.png\",\"contentUrl\":\"https:\\\/\\\/www.trilo.com\\\/wp-content\\\/uploads\\\/2022\\\/09\\\/trilo-favicon.png\",\"width\":512,\"height\":512,\"caption\":\"TRILO Machines\"},\"image\":{\"@id\":\"https:\\\/\\\/www.trilo.com\\\/de\\\/#\\\/schema\\\/logo\\\/image\\\/\"},\"sameAs\":[\"https:\\\/\\\/www.facebook.com\\\/trilo.equipment\",\"https:\\\/\\\/x.com\\\/trilo_equipment\",\"https:\\\/\\\/www.instagram.com\\\/trilomachines\\\/\"]}]}<\/script>\n<!-- \/ Yoast SEO plugin. -->","yoast_head_json":{"title":"Technische Unterst\u00fctzung - TRILO Machines","description":"TRILO\u00ae machines are designed and built in the Netherlands and partly in Asia. TRILO is sold in more than 46 countries. Our range consists of mowers, vacuum trailers, leaf blowers and verticutting units. Our machines are used among other things for the maintenance of sports facilities, turf nurseries, airports, cities and roads.","robots":{"index":"index","follow":"follow","max-snippet":"max-snippet:-1","max-image-preview":"max-image-preview:large","max-video-preview":"max-video-preview:-1"},"canonical":"https:\/\/www.trilo.com\/de\/service-teile\/technische-unterstutzung\/","og_locale":"de_DE","og_type":"article","og_title":"Technische Unterst\u00fctzung - TRILO Machines","og_description":"TRILO\u00ae machines are designed and built in the Netherlands and partly in Asia. TRILO is sold in more than 46 countries. Our range consists of mowers, vacuum trailers, leaf blowers and verticutting units. Our machines are used among other things for the maintenance of sports facilities, turf nurseries, airports, cities and roads.","og_url":"https:\/\/www.trilo.com\/de\/service-teile\/technische-unterstutzung\/","og_site_name":"TRILO Machines","article_publisher":"https:\/\/www.facebook.com\/trilo.equipment","article_modified_time":"2025-05-20T11:10:15+00:00","twitter_card":"summary_large_image","twitter_site":"@trilo_equipment","schema":{"@context":"https:\/\/schema.org","@graph":[{"@type":"WebPage","@id":"https:\/\/www.trilo.com\/de\/service-teile\/technische-unterstutzung\/","url":"https:\/\/www.trilo.com\/de\/service-teile\/technische-unterstutzung\/","name":"Technische Unterst\u00fctzung - TRILO Machines","isPartOf":{"@id":"https:\/\/www.trilo.com\/de\/#website"},"datePublished":"2022-10-20T09:19:40+00:00","dateModified":"2025-05-20T11:10:15+00:00","description":"TRILO\u00ae machines are designed and built in the Netherlands and partly in Asia. TRILO is sold in more than 46 countries. Our range consists of mowers, vacuum trailers, leaf blowers and verticutting units. Our machines are used among other things for the maintenance of sports facilities, turf nurseries, airports, cities and roads.","breadcrumb":{"@id":"https:\/\/www.trilo.com\/de\/service-teile\/technische-unterstutzung\/#breadcrumb"},"inLanguage":"de","potentialAction":[{"@type":"ReadAction","target":["https:\/\/www.trilo.com\/de\/service-teile\/technische-unterstutzung\/"]}]},{"@type":"BreadcrumbList","@id":"https:\/\/www.trilo.com\/de\/service-teile\/technische-unterstutzung\/#breadcrumb","itemListElement":[{"@type":"ListItem","position":1,"name":"Home","item":"https:\/\/www.trilo.com\/de\/home-2\/"},{"@type":"ListItem","position":2,"name":"Service &amp; Teile","item":"https:\/\/www.trilo.com\/de\/service-teile\/"},{"@type":"ListItem","position":3,"name":"Technische Unterst\u00fctzung"}]},{"@type":"WebSite","@id":"https:\/\/www.trilo.com\/de\/#website","url":"https:\/\/www.trilo.com\/de\/","name":"TRILO Machines","description":"Improving our environment","publisher":{"@id":"https:\/\/www.trilo.com\/de\/#organization"},"potentialAction":[{"@type":"SearchAction","target":{"@type":"EntryPoint","urlTemplate":"https:\/\/www.trilo.com\/de\/?s={search_term_string}"},"query-input":{"@type":"PropertyValueSpecification","valueRequired":true,"valueName":"search_term_string"}}],"inLanguage":"de"},{"@type":"Organization","@id":"https:\/\/www.trilo.com\/de\/#organization","name":"TRILO Machines","url":"https:\/\/www.trilo.com\/de\/","logo":{"@type":"ImageObject","inLanguage":"de","@id":"https:\/\/www.trilo.com\/de\/#\/schema\/logo\/image\/","url":"https:\/\/www.trilo.com\/wp-content\/uploads\/2022\/09\/trilo-favicon.png","contentUrl":"https:\/\/www.trilo.com\/wp-content\/uploads\/2022\/09\/trilo-favicon.png","width":512,"height":512,"caption":"TRILO Machines"},"image":{"@id":"https:\/\/www.trilo.com\/de\/#\/schema\/logo\/image\/"},"sameAs":["https:\/\/www.facebook.com\/trilo.equipment","https:\/\/x.com\/trilo_equipment","https:\/\/www.instagram.com\/trilomachines\/"]}]}},"_links":{"self":[{"href":"https:\/\/www.trilo.com\/de\/wp-json\/wp\/v2\/pages\/4714","targetHints":{"allow":["GET"]}}],"collection":[{"href":"https:\/\/www.trilo.com\/de\/wp-json\/wp\/v2\/pages"}],"about":[{"href":"https:\/\/www.trilo.com\/de\/wp-json\/wp\/v2\/types\/page"}],"author":[{"embeddable":true,"href":"https:\/\/www.trilo.com\/de\/wp-json\/wp\/v2\/users\/1"}],"replies":[{"embeddable":true,"href":"https:\/\/www.trilo.com\/de\/wp-json\/wp\/v2\/comments?post=4714"}],"version-history":[{"count":4,"href":"https:\/\/www.trilo.com\/de\/wp-json\/wp\/v2\/pages\/4714\/revisions"}],"predecessor-version":[{"id":13511,"href":"https:\/\/www.trilo.com\/de\/wp-json\/wp\/v2\/pages\/4714\/revisions\/13511"}],"up":[{"embeddable":true,"href":"https:\/\/www.trilo.com\/de\/wp-json\/wp\/v2\/pages\/4710"}],"wp:attachment":[{"href":"https:\/\/www.trilo.com\/de\/wp-json\/wp\/v2\/media?parent=4714"}],"curies":[{"name":"wp","href":"https:\/\/api.w.org\/{rel}","templated":true}]}}