{"id":4705,"date":"2022-09-29T18:50:42","date_gmt":"2022-09-29T16:50:42","guid":{"rendered":"https:\/\/www.trilo.com\/datenschutzbestimmungen\/"},"modified":"2025-05-20T11:47:03","modified_gmt":"2025-05-20T09:47:03","slug":"datenschutzbestimmungen","status":"publish","type":"page","link":"https:\/\/www.trilo.com\/de\/datenschutzbestimmungen\/","title":{"rendered":"Datenschutz- und Cookie-Erkl\u00e4rung"},"content":{"rendered":"\t\t<div data-elementor-type=\"wp-page\" data-elementor-id=\"4705\" class=\"elementor elementor-4705 elementor-3\" data-elementor-post-type=\"page\">\n\t\t\t\t<div class=\"elementor-element elementor-element-340011f e-flex e-con-boxed e-con e-parent\" data-id=\"340011f\" data-element_type=\"container\" data-e-type=\"container\" data-settings=\"{&quot;background_background&quot;:&quot;classic&quot;,&quot;shape_divider_bottom&quot;:&quot;tilt&quot;}\">\n\t\t\t\t\t<div class=\"e-con-inner\">\n\t\t\t\t<div class=\"elementor-shape elementor-shape-bottom\" aria-hidden=\"true\" data-negative=\"false\">\n\t\t\t<svg xmlns=\"http:\/\/www.w3.org\/2000\/svg\" viewBox=\"0 0 1000 100\" preserveAspectRatio=\"none\">\n\t<path class=\"elementor-shape-fill\" d=\"M0,6V0h1000v100L0,6z\"\/>\n<\/svg>\t\t<\/div>\n\t\t<div class=\"elementor-element elementor-element-3df1d59 e-con-full e-flex elementor-invisible e-con e-child\" data-id=\"3df1d59\" data-element_type=\"container\" data-e-type=\"container\" data-settings=\"{&quot;animation&quot;:&quot;fadeInLeft&quot;}\">\n\t\t\t\t<div class=\"elementor-element elementor-element-c158ea9 elementor-widget__width-initial elementor-widget elementor-widget-heading\" data-id=\"c158ea9\" data-element_type=\"widget\" data-e-type=\"widget\" data-widget_type=\"heading.default\">\n\t\t\t\t<div class=\"elementor-widget-container\">\n\t\t\t\t\t<h1 class=\"elementor-heading-title elementor-size-default\">Datenschutz- und Cookie-Erkl\u00e4rung<\/h1>\t\t\t\t<\/div>\n\t\t\t\t<\/div>\n\t\t\t\t<\/div>\n\t\t\t\t\t<\/div>\n\t\t\t\t<\/div>\n\t\t<div class=\"elementor-element elementor-element-e391486 e-flex e-con-boxed e-con e-parent\" data-id=\"e391486\" data-element_type=\"container\" data-e-type=\"container\" data-settings=\"{&quot;background_background&quot;:&quot;classic&quot;}\">\n\t\t\t\t\t<div class=\"e-con-inner\">\n\t\t<div class=\"elementor-element elementor-element-cf08aba e-con-full e-flex e-con e-child\" data-id=\"cf08aba\" data-element_type=\"container\" data-e-type=\"container\">\n\t\t\t\t<div class=\"elementor-element elementor-element-ed68519 elementor-widget elementor-widget-text-editor\" data-id=\"ed68519\" data-element_type=\"widget\" data-e-type=\"widget\" data-widget_type=\"text-editor.default\">\n\t\t\t\t<div class=\"elementor-widget-container\">\n\t\t\t\t\t\t\t\t\t<p><strong>Erhebung und Verwendung personenbezogener Daten von Kunden, Lieferanten und anderen Vertragspartnern<br><\/strong>Wir m\u00f6chten Sie darauf aufmerksam machen, dass wir die von Ihnen zur Verf\u00fcgung gestellten personenbezogenen Daten erheben und verwenden werden, weil dies notwendig ist, um mit Ihnen einen eventuellen Vertrag abzuschlie\u00dfen und durchzuf\u00fchren. Dies gilt sowohl f\u00fcr unsere (potenziellen) Kunden als auch f\u00fcr Parteien, bei denen wir Sachen einkaufen und\/oder die wir mit der Erbringung von Dienstleistungen beauftragen.<\/p><p>Wenn Sie ein (potenzieller) Kunde von uns sind, verwenden wir Ihre Daten, um Ihnen ein Angebot zuschicken zu k\u00f6nnen, um zu bestimmen, welchen Spezifikationen oder W\u00fcnschen eine bestimmte Sache oder Dienstleistung gen\u00fcgen muss, um Sachen liefern oder Dienstleistungen f\u00fcr Sie erbringen zu k\u00f6nnen, um Rechnungen ausstellen zu k\u00f6nnen und um schnell und effizient mit Ihnen \u00fcber die Ausf\u00fchrung des Vertrags kommunizieren zu k\u00f6nnen.<\/p><p>Wenn Sie ein (potenzieller) Lieferant oder Auftragnehmer von uns sind, ben\u00f6tigen wir Ihre personenbezogenen Daten ebenfalls f\u00fcr den Abschluss und die Ausf\u00fchrung des Vertrags. Beim Einkauf ist dies notwendig, um mitteilen zu k\u00f6nnen, welchen Spezifikationen oder W\u00fcnschen eine bestimmte Sache oder Dienstleistung aus unserer Sicht gen\u00fcgen muss, um ein Angebot einholen oder eine Bestellung bei Ihnen aufgeben zu k\u00f6nnen, um Ihre Rechnungen bezahlen zu k\u00f6nnen und um schnell und effizient mit Ihnen \u00fcber andere Aspekte des Vertrags kommunizieren zu k\u00f6nnen.<\/p><p>Sie sind nicht verpflichtet, uns Ihre personenbezogenen Daten zu \u00fcbermitteln. Wenn Sie uns keine oder unzureichende personenbezogene\/n Daten \u00fcbermitteln, besteht jedoch die M\u00f6glichkeit, dass wir die oben genannten T\u00e4tigkeiten nicht ausf\u00fchren k\u00f6nnen.<\/p><p><strong>Direktmarketing an Kunden<\/strong><br>Wenn Sie uns Ihr Einverst\u00e4ndnis dazu gegeben haben, werden wir die von Ihnen zur Verf\u00fcgung gestellten personenbezogenen Daten speichern und nutzen, um Sie in Zukunft pers\u00f6nlich per E-Mail \u00fcber unsere bestehenden und neuen Produkte und Dienstleistungen zu informieren und Ihnen in diesem Zusammenhang eventuell ein Angebot zu machen. Immer dann, wenn wir Ihnen eine Mail mit Werbung zuschicken, haben Sie die M\u00f6glichkeit, uns mitzuteilen, dass Sie keine Werbung mehr w\u00fcnschen. Siehe daf\u00fcr den Abmeldelink unten in jedem Mailing.<\/p><p><strong>Aufbewahrungsfrist personenbezogener Daten von Kunden, Lieferanten und anderen Auftragnehmern<br><\/strong>Wenn Sie ein Angebot von uns angefordert haben, aber nicht Kunde bei uns geworden sind, werden wir Ihre Daten h\u00f6chstens ein Jahr nach unserem letzten Kontakt l\u00f6schen. Auch dann, wenn wir ein Angebot von Ihnen erhalten haben, aber kein Kunde von Ihnen geworden sind, werden Ihre personenbezogenen Daten sp\u00e4testens ein Jahr nach unserem letzten Kontakt gel\u00f6scht. Wenn Sie Kunde von uns oder wir Kunde von Ihnen geworden sind, werden wir Ihre personenbezogenen Daten f\u00fcr die Dauer von sieben Jahren nach Ende des Gesch\u00e4ftsjahres, in dem der mit Ihnen geschlossene Vertrag vollst\u00e4ndig erf\u00fcllt wurde, speichern. Der Zeitraum von sieben Jahren entspricht dem Zeitraum, in dem wir verpflichtet sind, unsere Unterlagen f\u00fcr das Finanzamt aufzubewahren. Nach Ablauf dieses Zeitraums werden wir Ihre personenbezogenen Daten l\u00f6schen.<\/p><p><strong>Erhebung und Nutzung personenbezogener Daten von Gesch\u00e4ftskunden (mit Ausnahme von Kunden, Lieferanten und anderen Vertragspartnern)<br><\/strong>Wir m\u00f6chten Sie darauf hinweisen, dass wir die personenbezogenen Daten, die Sie uns zur Verf\u00fcgung stellen, erheben und nutzen werden, weil Sie eingewilligt haben oder weil dies zur Wahrung unserer berechtigten Interessen erforderlich ist. Wir verarbeiten die folgenden Daten: Name, Adresse und Kontaktdaten.<\/p><p>Wenn Sie eine Gesch\u00e4ftsbeziehung mit uns unterhalten, verwenden wir Ihre Daten, damit wir uns f\u00fcr Zwecke, die f\u00fcr unser Unternehmen von Belang sind, mit Ihnen in Verbindung setzen k\u00f6nnen. Dazu geh\u00f6ren beispielsweise die Besprechung einer m\u00f6glichen Zusammenarbeit, die Verschaffung und Einholung von Informationen und die Instandhaltung unseres Netzwerks.<\/p><p>Sie sind nicht verpflichtet, uns Ihre personenbezogenen Daten zu \u00fcbermitteln. Wenn Sie uns keine oder unzureichende personenbezogene\/n Daten \u00fcbermitteln, besteht jedoch die M\u00f6glichkeit, dass wir die oben genannten T\u00e4tigkeiten nicht ausf\u00fchren k\u00f6nnen.<\/p><p><strong>Direktmarketing an Gesch\u00e4ftskunden<\/strong><br>Wenn Sie uns Ihr Einverst\u00e4ndnis dazu gegeben haben, werden wir die von Ihnen angegebenen personenbezogenen Daten speichern und verwenden, um Sie k\u00fcnftig pers\u00f6nlich per E-Mail \u00fcber unsere bestehenden und neuen Produkte und Dienstleistungen informieren und Ihnen in diesem Zusammenhang eventuell ein Angebot machen zu k\u00f6nnen. Immer dann, wenn wir Ihnen eine Mail mit Werbung zuschicken, haben Sie die M\u00f6glichkeit, uns mitzuteilen, dass Sie keine Werbung mehr w\u00fcnschen. Siehe daf\u00fcr den Abmeldelink unten in jedem Mailing.<\/p><p><strong>Aufbewahrungsfrist f\u00fcr personenbezogene Daten, die zu Gesch\u00e4ftsbeziehungen geh\u00f6ren<\/strong><br>Personenbezogene Daten, die zu Gesch\u00e4ftsbeziehungen geh\u00f6ren, werden ein Jahr nach unserem letzten Kontakt gel\u00f6scht.<\/p><p><strong>Cookies<\/strong><br>Cookies sind kleine Textdateien, die w\u00e4hrend des Besuchs unserer Website auf Ihrem Computer, Tablet oder Smartphone gespeichert werden. n diesen Textdateien werden Informationen gespeichert, die die Website bei einem sp\u00e4teren Besuch wiedererkennt.<\/p><p>Unsere Website nutzt Tracking Cookies, sofern Sie zugestimmt haben. Diese Cookies haben den Zweck, Informationen zu Ihrem Internetverhalten zu erfassen, so dass wir Ihnen gezielte Angebote f\u00fcr Produkte oder Dienstleistungen schicken k\u00f6nnen. Sie d\u00fcrfen Ihre Zustimmung jederzeit widerrufen. Ihre Daten werden maximal ein Jahr gespeichert.<\/p><p>Dar\u00fcber hinaus legen wir funktionale Cookies ab. Diese Cookies haben den Zweck, die Nutzung unserer Website zu vereinfachen. Dazu geh\u00f6rt etwa die Speicherung von Produkten in Ihrem Warenkorb oder die Speicherung Ihrer Login-Daten w\u00e4hrend Ihres Besuchs.<\/p><p>Mithilfe analytischer Cookies k\u00f6nnen wir sehen, welche Seiten innerhalb unserer Website besucht und welche Bereiche angeklickt werden. Wir verwenden Google f\u00fcr diesen Zweck. Die Informationen, die Google auf diese Weise erfasst, werden so weit wie m\u00f6glich anonymisiert.<\/p><p><strong>Weitergabe an Dritte<br><\/strong>Im Zusammenhang mit der Erf\u00fcllung eines m\u00f6glichen Vertrages mit Ihnen kann es notwendig sein, Ihre pers\u00f6nlichen Daten an Parteien weiterzugeben, die uns Teile, Materialien oder Produkte liefern oder die in unserem Auftrag T\u00e4tigkeiten ausf\u00fchren. Dar\u00fcber hinaus nutzen wir f\u00fcr die Speicherung (von Teilen) unserer Verkaufs- und Einkaufsverwaltung und unseres Kundenbestands, zu denen auch Ihre personenbezogenen Daten geh\u00f6ren, externe Serverkapazit\u00e4ten. Ihre personenbezogenen Daten werden aus diesem Grund an unseren Anbieter dieser Serverkapazit\u00e4ten weitergegeben. Dar\u00fcber hinaus nutzen wir Microsoft Office und die zugeh\u00f6rigen Speicherm\u00f6glichkeiten f\u00fcr E-Mails und andere Dateien. Da wir einen Newsletter-Verteilerdienst nutzen, werden Ihre personenbezogenen Daten schlie\u00dflich auch an den Anbieter dieses Dienstes weitergegeben.<\/p><p><strong>Ihre Rechte<br><\/strong>Sie haben das Recht, Einsicht in Ihre eigenen pers\u00f6nlichen Daten zu verlangen. Wenn Anlass dazu besteht, k\u00f6nnen Sie Ihre personenbezogenen Daten auch erg\u00e4nzen oder berichtigen lassen. Dar\u00fcber hinaus haben Sie das Recht, Ihre personenbezogenen Daten l\u00f6schen oder deren Verwendung beschr\u00e4nken zu lassen. Sie k\u00f6nnen der Erfassung und Verwendung Ihrer Daten auch uns gegen\u00fcber widersprechen oder eine Beschwerde bei der niederl\u00e4ndischen Datenaufsichtsbeh\u00f6rde [Autoriteit Persoonsgegevens] einreichen. Auf Ihren Wunsch stellen wir Ihnen Ihre personenbezogenen Daten auch zur Verf\u00fcgung oder \u00fcbertragen diese an eine andere Stelle. Zur Aus\u00fcbung Ihrer Rechte wenden Sie sich bitte an: (Name, Stra\u00dfe und Hausnummer, PLZ, Ort, Telefonnummer und E-Mail-Adresse). Auch dann, wenn Sie Fragen haben oder weitere Informationen \u00fcber die Erfassung und Verwendung Ihrer personenbezogenen Daten w\u00fcnschen, k\u00f6nnen Sie selbstverst\u00e4ndlich Kontakt mit uns<\/p><p><strong>Vanmac B.V. 07-05-2018<\/strong><\/p>\t\t\t\t\t\t\t\t<\/div>\n\t\t\t\t<\/div>\n\t\t\t\t<\/div>\n\t\t\t\t\t<\/div>\n\t\t\t\t<\/div>\n\t\t<div class=\"elementor-element elementor-element-901be25 e-flex e-con-boxed e-con e-parent\" data-id=\"901be25\" data-element_type=\"container\" data-e-type=\"container\" data-settings=\"{&quot;background_background&quot;:&quot;classic&quot;,&quot;shape_divider_top&quot;:&quot;tilt&quot;}\">\n\t\t\t\t\t<div class=\"e-con-inner\">\n\t\t\t\t<div class=\"elementor-shape elementor-shape-top\" aria-hidden=\"true\" data-negative=\"false\">\n\t\t\t<svg xmlns=\"http:\/\/www.w3.org\/2000\/svg\" viewBox=\"0 0 1000 100\" preserveAspectRatio=\"none\">\n\t<path class=\"elementor-shape-fill\" d=\"M0,6V0h1000v100L0,6z\"\/>\n<\/svg>\t\t<\/div>\n\t\t<div class=\"elementor-element elementor-element-5463b35 e-con-full e-flex e-con e-child\" data-id=\"5463b35\" data-element_type=\"container\" data-e-type=\"container\">\n\t\t\t\t<div class=\"elementor-element elementor-element-a317a29 elementor-widget elementor-widget-heading\" data-id=\"a317a29\" data-element_type=\"widget\" data-e-type=\"widget\" data-widget_type=\"heading.default\">\n\t\t\t\t<div class=\"elementor-widget-container\">\n\t\t\t\t\t<h1 class=\"elementor-heading-title elementor-size-default\">Wir sind hier, um zu helfen<\/h1>\t\t\t\t<\/div>\n\t\t\t\t<\/div>\n\t\t\t\t<div class=\"elementor-element elementor-element-2500f9f elementor-widget__width-initial elementor-widget elementor-widget-text-editor\" data-id=\"2500f9f\" data-element_type=\"widget\" data-e-type=\"widget\" data-widget_type=\"text-editor.default\">\n\t\t\t\t<div class=\"elementor-widget-container\">\n\t\t\t\t\t\t\t\t\t<p class=\"p1\">Haben Sie eine Frage oder brauchen Sie einen Rat? Unser Team ist immer bereit, Ihnen zu helfen. Egal, ob Sie Produktinformationen, Unterst\u00fctzung oder einfach nur ein paar Expertenmeinungen ben\u00f6tigen &#8211; wir sind nur eine Nachricht entfernt.  <\/p>\t\t\t\t\t\t\t\t<\/div>\n\t\t\t\t<\/div>\n\t\t<div class=\"elementor-element elementor-element-f28547c e-con-full e-flex e-con e-child\" data-id=\"f28547c\" data-element_type=\"container\" data-e-type=\"container\">\n\t\t\t\t<div class=\"elementor-element elementor-element-ead3d1f elementor-mobile-align-justify elementor-widget elementor-widget-button\" data-id=\"ead3d1f\" data-element_type=\"widget\" data-e-type=\"widget\" data-widget_type=\"button.default\">\n\t\t\t\t<div class=\"elementor-widget-container\">\n\t\t\t\t\t\t\t\t\t<div class=\"elementor-button-wrapper\">\n\t\t\t\t\t<a class=\"elementor-button elementor-button-link elementor-size-sm\" href=\"https:\/\/www.trilo.com\/de\/kontakt\/\">\n\t\t\t\t\t\t<span class=\"elementor-button-content-wrapper\">\n\t\t\t\t\t\t\t\t\t<span class=\"elementor-button-text\">  Kontakt<\/span>\n\t\t\t\t\t<\/span>\n\t\t\t\t\t<\/a>\n\t\t\t\t<\/div>\n\t\t\t\t\t\t\t\t<\/div>\n\t\t\t\t<\/div>\n\t\t\t\t<div class=\"elementor-element elementor-element-954ed1f elementor-icon-list--layout-traditional elementor-list-item-link-full_width elementor-widget elementor-widget-icon-list\" data-id=\"954ed1f\" data-element_type=\"widget\" data-e-type=\"widget\" data-widget_type=\"icon-list.default\">\n\t\t\t\t<div class=\"elementor-widget-container\">\n\t\t\t\t\t\t\t<ul class=\"elementor-icon-list-items\">\n\t\t\t\t\t\t\t<li class=\"elementor-icon-list-item\">\n\t\t\t\t\t\t\t\t\t\t\t<span class=\"elementor-icon-list-icon\">\n\t\t\t\t\t\t\t<svg xmlns=\"http:\/\/www.w3.org\/2000\/svg\" width=\"24\" height=\"24\" viewBox=\"0 0 24 24\" fill=\"none\" stroke=\"#fff\" stroke-width=\"2\" stroke-linecap=\"round\" stroke-linejoin=\"round\" class=\"feather feather-chevron-right\"><polyline points=\"9 18 15 12 9 6\"><\/polyline><\/svg>\t\t\t\t\t\t<\/span>\n\t\t\t\t\t\t\t\t\t\t<span class=\"elementor-icon-list-text\">+31 (0)33 4564 432<\/span>\n\t\t\t\t\t\t\t\t\t<\/li>\n\t\t\t\t\t\t<\/ul>\n\t\t\t\t\t\t<\/div>\n\t\t\t\t<\/div>\n\t\t\t\t<\/div>\n\t\t\t\t<\/div>\n\t\t\t\t\t<\/div>\n\t\t\t\t<\/div>\n\t\t\t\t<\/div>\n\t\t","protected":false},"excerpt":{"rendered":"<p>Datenschutz- und Cookie-Erkl\u00e4rung Erhebung und Verwendung personenbezogener Daten von Kunden, Lieferanten und anderen VertragspartnernWir m\u00f6chten Sie darauf aufmerksam machen, dass wir die von Ihnen zur Verf\u00fcgung gestellten personenbezogenen Daten erheben und verwenden werden, weil dies notwendig ist, um mit Ihnen einen eventuellen Vertrag abzuschlie\u00dfen und durchzuf\u00fchren. Dies gilt sowohl f\u00fcr unsere (potenziellen) Kunden als auch [&hellip;]<\/p>\n","protected":false},"author":1,"featured_media":0,"parent":0,"menu_order":0,"comment_status":"closed","ping_status":"open","template":"elementor_header_footer","meta":{"_acf_changed":false,"iawp_total_views":35,"footnotes":""},"class_list":["post-4705","page","type-page","status-publish","hentry"],"acf":[],"yoast_head":"<!-- This site is optimized with the Yoast SEO plugin v27.5 - https:\/\/yoast.com\/product\/yoast-seo-wordpress\/ -->\n<title>Datenschutz- und Cookie-Erkl\u00e4rung - TRILO Machines<\/title>\n<meta name=\"description\" content=\"TRILO\u00ae machines are designed and built in the Netherlands and partly in Asia. TRILO is sold in more than 46 countries. Our range consists of mowers, vacuum trailers, leaf blowers and verticutting units. Our machines are used among other things for the maintenance of sports facilities, turf nurseries, airports, cities and roads.\" \/>\n<meta name=\"robots\" content=\"index, follow, max-snippet:-1, max-image-preview:large, max-video-preview:-1\" \/>\n<link rel=\"canonical\" href=\"https:\/\/www.trilo.com\/de\/datenschutzbestimmungen\/\" \/>\n<meta property=\"og:locale\" content=\"de_DE\" \/>\n<meta property=\"og:type\" content=\"article\" \/>\n<meta property=\"og:title\" content=\"Datenschutz- und Cookie-Erkl\u00e4rung - TRILO Machines\" \/>\n<meta property=\"og:description\" content=\"TRILO\u00ae machines are designed and built in the Netherlands and partly in Asia. TRILO is sold in more than 46 countries. Our range consists of mowers, vacuum trailers, leaf blowers and verticutting units. Our machines are used among other things for the maintenance of sports facilities, turf nurseries, airports, cities and roads.\" \/>\n<meta property=\"og:url\" content=\"https:\/\/www.trilo.com\/de\/datenschutzbestimmungen\/\" \/>\n<meta property=\"og:site_name\" content=\"TRILO Machines\" \/>\n<meta property=\"article:publisher\" content=\"https:\/\/www.facebook.com\/trilo.equipment\" \/>\n<meta property=\"article:modified_time\" content=\"2025-05-20T09:47:03+00:00\" \/>\n<meta name=\"twitter:card\" content=\"summary_large_image\" \/>\n<meta name=\"twitter:site\" content=\"@trilo_equipment\" \/>\n<meta name=\"twitter:label1\" content=\"Gesch\u00e4tzte Lesezeit\" \/>\n\t<meta name=\"twitter:data1\" content=\"6\u00a0Minuten\" \/>\n<script type=\"application\/ld+json\" class=\"yoast-schema-graph\">{\"@context\":\"https:\\\/\\\/schema.org\",\"@graph\":[{\"@type\":\"WebPage\",\"@id\":\"https:\\\/\\\/www.trilo.com\\\/de\\\/datenschutzbestimmungen\\\/\",\"url\":\"https:\\\/\\\/www.trilo.com\\\/de\\\/datenschutzbestimmungen\\\/\",\"name\":\"Datenschutz- und Cookie-Erkl\u00e4rung - TRILO Machines\",\"isPartOf\":{\"@id\":\"https:\\\/\\\/www.trilo.com\\\/de\\\/#website\"},\"datePublished\":\"2022-09-29T16:50:42+00:00\",\"dateModified\":\"2025-05-20T09:47:03+00:00\",\"description\":\"TRILO\u00ae machines are designed and built in the Netherlands and partly in Asia. TRILO is sold in more than 46 countries. Our range consists of mowers, vacuum trailers, leaf blowers and verticutting units. Our machines are used among other things for the maintenance of sports facilities, turf nurseries, airports, cities and roads.\",\"breadcrumb\":{\"@id\":\"https:\\\/\\\/www.trilo.com\\\/de\\\/datenschutzbestimmungen\\\/#breadcrumb\"},\"inLanguage\":\"de\",\"potentialAction\":[{\"@type\":\"ReadAction\",\"target\":[\"https:\\\/\\\/www.trilo.com\\\/de\\\/datenschutzbestimmungen\\\/\"]}]},{\"@type\":\"BreadcrumbList\",\"@id\":\"https:\\\/\\\/www.trilo.com\\\/de\\\/datenschutzbestimmungen\\\/#breadcrumb\",\"itemListElement\":[{\"@type\":\"ListItem\",\"position\":1,\"name\":\"Home\",\"item\":\"https:\\\/\\\/www.trilo.com\\\/de\\\/home-2\\\/\"},{\"@type\":\"ListItem\",\"position\":2,\"name\":\"Datenschutz- und Cookie-Erkl\u00e4rung\"}]},{\"@type\":\"WebSite\",\"@id\":\"https:\\\/\\\/www.trilo.com\\\/de\\\/#website\",\"url\":\"https:\\\/\\\/www.trilo.com\\\/de\\\/\",\"name\":\"TRILO Machines\",\"description\":\"Improving our environment\",\"publisher\":{\"@id\":\"https:\\\/\\\/www.trilo.com\\\/de\\\/#organization\"},\"potentialAction\":[{\"@type\":\"SearchAction\",\"target\":{\"@type\":\"EntryPoint\",\"urlTemplate\":\"https:\\\/\\\/www.trilo.com\\\/de\\\/?s={search_term_string}\"},\"query-input\":{\"@type\":\"PropertyValueSpecification\",\"valueRequired\":true,\"valueName\":\"search_term_string\"}}],\"inLanguage\":\"de\"},{\"@type\":\"Organization\",\"@id\":\"https:\\\/\\\/www.trilo.com\\\/de\\\/#organization\",\"name\":\"TRILO Machines\",\"url\":\"https:\\\/\\\/www.trilo.com\\\/de\\\/\",\"logo\":{\"@type\":\"ImageObject\",\"inLanguage\":\"de\",\"@id\":\"https:\\\/\\\/www.trilo.com\\\/de\\\/#\\\/schema\\\/logo\\\/image\\\/\",\"url\":\"https:\\\/\\\/www.trilo.com\\\/wp-content\\\/uploads\\\/2022\\\/09\\\/trilo-favicon.png\",\"contentUrl\":\"https:\\\/\\\/www.trilo.com\\\/wp-content\\\/uploads\\\/2022\\\/09\\\/trilo-favicon.png\",\"width\":512,\"height\":512,\"caption\":\"TRILO Machines\"},\"image\":{\"@id\":\"https:\\\/\\\/www.trilo.com\\\/de\\\/#\\\/schema\\\/logo\\\/image\\\/\"},\"sameAs\":[\"https:\\\/\\\/www.facebook.com\\\/trilo.equipment\",\"https:\\\/\\\/x.com\\\/trilo_equipment\",\"https:\\\/\\\/www.instagram.com\\\/trilomachines\\\/\"]}]}<\/script>\n<!-- \/ Yoast SEO plugin. -->","yoast_head_json":{"title":"Datenschutz- und Cookie-Erkl\u00e4rung - TRILO Machines","description":"TRILO\u00ae machines are designed and built in the Netherlands and partly in Asia. TRILO is sold in more than 46 countries. Our range consists of mowers, vacuum trailers, leaf blowers and verticutting units. Our machines are used among other things for the maintenance of sports facilities, turf nurseries, airports, cities and roads.","robots":{"index":"index","follow":"follow","max-snippet":"max-snippet:-1","max-image-preview":"max-image-preview:large","max-video-preview":"max-video-preview:-1"},"canonical":"https:\/\/www.trilo.com\/de\/datenschutzbestimmungen\/","og_locale":"de_DE","og_type":"article","og_title":"Datenschutz- und Cookie-Erkl\u00e4rung - TRILO Machines","og_description":"TRILO\u00ae machines are designed and built in the Netherlands and partly in Asia. TRILO is sold in more than 46 countries. Our range consists of mowers, vacuum trailers, leaf blowers and verticutting units. Our machines are used among other things for the maintenance of sports facilities, turf nurseries, airports, cities and roads.","og_url":"https:\/\/www.trilo.com\/de\/datenschutzbestimmungen\/","og_site_name":"TRILO Machines","article_publisher":"https:\/\/www.facebook.com\/trilo.equipment","article_modified_time":"2025-05-20T09:47:03+00:00","twitter_card":"summary_large_image","twitter_site":"@trilo_equipment","twitter_misc":{"Gesch\u00e4tzte Lesezeit":"6\u00a0Minuten"},"schema":{"@context":"https:\/\/schema.org","@graph":[{"@type":"WebPage","@id":"https:\/\/www.trilo.com\/de\/datenschutzbestimmungen\/","url":"https:\/\/www.trilo.com\/de\/datenschutzbestimmungen\/","name":"Datenschutz- und Cookie-Erkl\u00e4rung - TRILO Machines","isPartOf":{"@id":"https:\/\/www.trilo.com\/de\/#website"},"datePublished":"2022-09-29T16:50:42+00:00","dateModified":"2025-05-20T09:47:03+00:00","description":"TRILO\u00ae machines are designed and built in the Netherlands and partly in Asia. TRILO is sold in more than 46 countries. Our range consists of mowers, vacuum trailers, leaf blowers and verticutting units. Our machines are used among other things for the maintenance of sports facilities, turf nurseries, airports, cities and roads.","breadcrumb":{"@id":"https:\/\/www.trilo.com\/de\/datenschutzbestimmungen\/#breadcrumb"},"inLanguage":"de","potentialAction":[{"@type":"ReadAction","target":["https:\/\/www.trilo.com\/de\/datenschutzbestimmungen\/"]}]},{"@type":"BreadcrumbList","@id":"https:\/\/www.trilo.com\/de\/datenschutzbestimmungen\/#breadcrumb","itemListElement":[{"@type":"ListItem","position":1,"name":"Home","item":"https:\/\/www.trilo.com\/de\/home-2\/"},{"@type":"ListItem","position":2,"name":"Datenschutz- und Cookie-Erkl\u00e4rung"}]},{"@type":"WebSite","@id":"https:\/\/www.trilo.com\/de\/#website","url":"https:\/\/www.trilo.com\/de\/","name":"TRILO Machines","description":"Improving our environment","publisher":{"@id":"https:\/\/www.trilo.com\/de\/#organization"},"potentialAction":[{"@type":"SearchAction","target":{"@type":"EntryPoint","urlTemplate":"https:\/\/www.trilo.com\/de\/?s={search_term_string}"},"query-input":{"@type":"PropertyValueSpecification","valueRequired":true,"valueName":"search_term_string"}}],"inLanguage":"de"},{"@type":"Organization","@id":"https:\/\/www.trilo.com\/de\/#organization","name":"TRILO Machines","url":"https:\/\/www.trilo.com\/de\/","logo":{"@type":"ImageObject","inLanguage":"de","@id":"https:\/\/www.trilo.com\/de\/#\/schema\/logo\/image\/","url":"https:\/\/www.trilo.com\/wp-content\/uploads\/2022\/09\/trilo-favicon.png","contentUrl":"https:\/\/www.trilo.com\/wp-content\/uploads\/2022\/09\/trilo-favicon.png","width":512,"height":512,"caption":"TRILO Machines"},"image":{"@id":"https:\/\/www.trilo.com\/de\/#\/schema\/logo\/image\/"},"sameAs":["https:\/\/www.facebook.com\/trilo.equipment","https:\/\/x.com\/trilo_equipment","https:\/\/www.instagram.com\/trilomachines\/"]}]}},"_links":{"self":[{"href":"https:\/\/www.trilo.com\/de\/wp-json\/wp\/v2\/pages\/4705","targetHints":{"allow":["GET"]}}],"collection":[{"href":"https:\/\/www.trilo.com\/de\/wp-json\/wp\/v2\/pages"}],"about":[{"href":"https:\/\/www.trilo.com\/de\/wp-json\/wp\/v2\/types\/page"}],"author":[{"embeddable":true,"href":"https:\/\/www.trilo.com\/de\/wp-json\/wp\/v2\/users\/1"}],"replies":[{"embeddable":true,"href":"https:\/\/www.trilo.com\/de\/wp-json\/wp\/v2\/comments?post=4705"}],"version-history":[{"count":8,"href":"https:\/\/www.trilo.com\/de\/wp-json\/wp\/v2\/pages\/4705\/revisions"}],"predecessor-version":[{"id":13493,"href":"https:\/\/www.trilo.com\/de\/wp-json\/wp\/v2\/pages\/4705\/revisions\/13493"}],"wp:attachment":[{"href":"https:\/\/www.trilo.com\/de\/wp-json\/wp\/v2\/media?parent=4705"}],"curies":[{"name":"wp","href":"https:\/\/api.w.org\/{rel}","templated":true}]}}